{"id":40626,"date":"2025-11-01T12:55:12","date_gmt":"2025-11-01T09:55:12","guid":{"rendered":"https:\/\/www.gasia.com.tr\/?post_type=product&#038;p=40626"},"modified":"2026-03-24T13:16:50","modified_gmt":"2026-03-24T10:16:50","slug":"ametist-topaz-ve-citrine-tasli-altin-kadin-kolye","status":"publish","type":"product","link":"https:\/\/www.gasia.com.tr\/en\/collections\/ametist-topaz-ve-citrine-tasli-altin-kadin-kolye\/","title":{"rendered":"Ametist, Topaz ve Citrine Ta\u015fl\u0131 Alt\u0131n Kad\u0131n Kolye"},"content":{"rendered":"<p>Canl\u0131 renklerin ve zarif tasar\u0131m\u0131n bulu\u015ftu\u011fu bu \u00e7ok ta\u015fl\u0131 kolye, ametist, topaz ve citrine gibi do\u011fal ta\u015flar\u0131n \u0131\u015f\u0131lt\u0131s\u0131n\u0131 alt\u0131n zincirle bir araya getirir. Her biri \u00f6zenle kesilmi\u015f damla ve yuvarlak formdaki ta\u015flar, kolyeye hareketli ve g\u00f6z al\u0131c\u0131 bir g\u00f6r\u00fcn\u00fcm kazand\u0131r\u0131rken, aralar\u0131ndaki p\u0131rlanta detaylar l\u00fcks bir dokunu\u015f sunar. G\u00fcnl\u00fck kombinlerden \u00f6zel davetlere kadar her stile uyum sa\u011flayan bu tasar\u0131m, enerjik ve sofistike bir \u015f\u0131kl\u0131k arayan kad\u0131nlar i\u00e7in ideal bir par\u00e7ad\u0131r.<\/p>","protected":false},"excerpt":{"rendered":"<p>Canl\u0131 renklerin ve zarif tasar\u0131m\u0131n bulu\u015ftu\u011fu bu \u00e7ok ta\u015fl\u0131 kolye, ametist, topaz ve citrine gibi do\u011fal ta\u015flar\u0131n \u0131\u015f\u0131lt\u0131s\u0131n\u0131 alt\u0131n zincirle<\/p>","protected":false},"featured_media":40632,"comment_status":"open","ping_status":"closed","template":"","meta":[],"product_brand":[77],"product_cat":[75],"product_tag":[2646,2652,2642,2644,1695,2641,2650,2647,633,1623,811,2655,2654,2649,2648,473,477,1417,277,2651,1630,2640,2645,489,329,2643,2653,1632],"class_list":{"0":"post-40626","1":"product","2":"type-product","3":"status-publish","4":"has-post-thumbnail","6":"product_brand-gasia","7":"product_cat-kolye","8":"product_tag-altin-ton-kolye","9":"product_tag-amethyst-necklace","10":"product_tag-ametist-kolye","11":"product_tag-citrine-kolye","12":"product_tag-citrine-necklace","13":"product_tag-cok-tasli-kolye","14":"product_tag-colorful-gemstone-necklace","15":"product_tag-damla-tas-kolye","16":"product_tag-designer-necklace","17":"product_tag-dogal-tas-kolye","18":"product_tag-gemstone-necklace","19":"product_tag-gift-for-her-necklace","20":"product_tag-gold-tone-necklace","21":"product_tag-hediye-kadin-kolye","22":"product_tag-kadin-aksesuar","23":"product_tag-kadin-kolye","24":"product_tag-luks-kolye","25":"product_tag-luxury-necklace","26":"product_tag-modern-kolye","27":"product_tag-multi-stone-necklace","28":"product_tag-natural-stone-necklace","29":"product_tag-renkli-tas-kolye","30":"product_tag-sik-kadin-kolye","31":"product_tag-statement-necklace","32":"product_tag-tasli-kolye","33":"product_tag-topaz-kolye","34":"product_tag-topaz-necklace","35":"product_tag-women-necklace","36":"pa_cinsiyet-kadin","38":"first","39":"instock","40":"shipping-taxable","41":"product-type-simple"},"_links":{"self":[{"href":"https:\/\/www.gasia.com.tr\/en\/wp-json\/wp\/v2\/product\/40626","targetHints":{"allow":["GET"]}}],"collection":[{"href":"https:\/\/www.gasia.com.tr\/en\/wp-json\/wp\/v2\/product"}],"about":[{"href":"https:\/\/www.gasia.com.tr\/en\/wp-json\/wp\/v2\/types\/product"}],"replies":[{"embeddable":true,"href":"https:\/\/www.gasia.com.tr\/en\/wp-json\/wp\/v2\/comments?post=40626"}],"version-history":[{"count":1,"href":"https:\/\/www.gasia.com.tr\/en\/wp-json\/wp\/v2\/product\/40626\/revisions"}],"predecessor-version":[{"id":40633,"href":"https:\/\/www.gasia.com.tr\/en\/wp-json\/wp\/v2\/product\/40626\/revisions\/40633"}],"wp:featuredmedia":[{"embeddable":true,"href":"https:\/\/www.gasia.com.tr\/en\/wp-json\/wp\/v2\/media\/40632"}],"wp:attachment":[{"href":"https:\/\/www.gasia.com.tr\/en\/wp-json\/wp\/v2\/media?parent=40626"}],"wp:term":[{"taxonomy":"product_brand","embeddable":true,"href":"https:\/\/www.gasia.com.tr\/en\/wp-json\/wp\/v2\/product_brand?post=40626"},{"taxonomy":"product_cat","embeddable":true,"href":"https:\/\/www.gasia.com.tr\/en\/wp-json\/wp\/v2\/product_cat?post=40626"},{"taxonomy":"product_tag","embeddable":true,"href":"https:\/\/www.gasia.com.tr\/en\/wp-json\/wp\/v2\/product_tag?post=40626"}],"curies":[{"name":"wp","href":"https:\/\/api.w.org\/{rel}","templated":true}]}}