{"id":40636,"date":"2025-10-09T00:00:00","date_gmt":"2025-10-08T21:00:00","guid":{"rendered":"https:\/\/www.gasia.com.tr\/?post_type=product&#038;p=40636"},"modified":"2026-03-30T13:47:16","modified_gmt":"2026-03-30T10:47:16","slug":"turmalin-ve-pirlanta-tasli-rose-gold-sallantili-kupe","status":"publish","type":"product","link":"https:\/\/www.gasia.com.tr\/en\/collections\/turmalin-ve-pirlanta-tasli-rose-gold-sallantili-kupe\/","title":{"rendered":"Turmalin ve P\u0131rlanta Ta\u015fl\u0131 Rose Gold Sallant\u0131l\u0131 K\u00fcpe"},"content":{"rendered":"<p>Do\u011fal turmalin ta\u015f\u0131n\u0131n yumu\u015fak tonlar\u0131 ve p\u0131rlantan\u0131n \u0131\u015f\u0131lt\u0131s\u0131yla tasarlanan bu rose gold sallant\u0131l\u0131 k\u00fcpe, zarif ve modern bir stil sunar. \u0130nce zincir formu ve damla kesim turmalin ta\u015f\u0131, hareketli yap\u0131s\u0131yla her a\u00e7\u0131dan \u0131\u015f\u0131\u011f\u0131 yans\u0131t\u0131rken, \u00fcst k\u0131s\u0131mdaki p\u0131rlanta detaylar l\u00fcks bir dokunu\u015f katmaktad\u0131r. G\u00fcnl\u00fck \u015f\u0131kl\u0131kta sade bir zarafet arayanlardan, \u00f6zel g\u00fcnlerde dikkat \u00e7ekici bir par\u00e7a isteyenlere kadar geni\u015f bir kullan\u0131m sunan sofistike bir tasar\u0131md\u0131r.<\/p>","protected":false},"excerpt":{"rendered":"<p>Do\u011fal turmalin ta\u015f\u0131n\u0131n yumu\u015fak tonlar\u0131 ve p\u0131rlantan\u0131n \u0131\u015f\u0131lt\u0131s\u0131yla tasarlanan bu rose gold sallant\u0131l\u0131 k\u00fcpe, zarif ve modern bir stil sunar.<\/p>","protected":false},"featured_media":40638,"comment_status":"open","ping_status":"closed","template":"","meta":[],"product_brand":[],"product_cat":[74],"product_tag":[2661,856,1684,1715,833,1595,1594,2662,2658,2648,395,1564,1788,2017,392,374,1535,814,813,2659,2660,2656,2657,2058,1596,378,2155],"class_list":{"0":"post-40636","1":"product","2":"type-product","3":"status-publish","4":"has-post-thumbnail","6":"product_cat-kupe-modelleri","7":"product_tag-chain-earrings","8":"product_tag-damla-tasli-kupe","9":"product_tag-dangle-earrings","10":"product_tag-diamond-earrings","11":"product_tag-drop-earrings","12":"product_tag-elegant-earrings","13":"product_tag-gemstone-earrings","14":"product_tag-gift-for-her-earrings","15":"product_tag-hediye-kadin-kupe","16":"product_tag-kadin-aksesuar","17":"product_tag-kadin-kupe","18":"product_tag-luxury-earrings","19":"product_tag-minimalist-earrings","20":"product_tag-minimalist-kupe","21":"product_tag-modern-kupe","22":"product_tag-pirlanta-kupe","23":"product_tag-rose-gold-kupe","24":"product_tag-sallantili-kupe","25":"product_tag-tasli-kupe","26":"product_tag-tourmaline-earrings","27":"product_tag-tourmaline-gemstone-earrings","28":"product_tag-turmalin-kupe","29":"product_tag-turmalin-tasli-kupe","30":"product_tag-uzun-kupe","31":"product_tag-women-earrings","32":"product_tag-zarif-kupe","33":"product_tag-zincir-kupe","34":"pa_cinsiyet-kadin","36":"first","37":"instock","38":"sale","39":"shipping-taxable","40":"purchasable","41":"product-type-simple"},"_links":{"self":[{"href":"https:\/\/www.gasia.com.tr\/en\/wp-json\/wp\/v2\/product\/40636","targetHints":{"allow":["GET"]}}],"collection":[{"href":"https:\/\/www.gasia.com.tr\/en\/wp-json\/wp\/v2\/product"}],"about":[{"href":"https:\/\/www.gasia.com.tr\/en\/wp-json\/wp\/v2\/types\/product"}],"replies":[{"embeddable":true,"href":"https:\/\/www.gasia.com.tr\/en\/wp-json\/wp\/v2\/comments?post=40636"}],"version-history":[{"count":2,"href":"https:\/\/www.gasia.com.tr\/en\/wp-json\/wp\/v2\/product\/40636\/revisions"}],"predecessor-version":[{"id":40640,"href":"https:\/\/www.gasia.com.tr\/en\/wp-json\/wp\/v2\/product\/40636\/revisions\/40640"}],"wp:featuredmedia":[{"embeddable":true,"href":"https:\/\/www.gasia.com.tr\/en\/wp-json\/wp\/v2\/media\/40638"}],"wp:attachment":[{"href":"https:\/\/www.gasia.com.tr\/en\/wp-json\/wp\/v2\/media?parent=40636"}],"wp:term":[{"taxonomy":"product_brand","embeddable":true,"href":"https:\/\/www.gasia.com.tr\/en\/wp-json\/wp\/v2\/product_brand?post=40636"},{"taxonomy":"product_cat","embeddable":true,"href":"https:\/\/www.gasia.com.tr\/en\/wp-json\/wp\/v2\/product_cat?post=40636"},{"taxonomy":"product_tag","embeddable":true,"href":"https:\/\/www.gasia.com.tr\/en\/wp-json\/wp\/v2\/product_tag?post=40636"}],"curies":[{"name":"wp","href":"https:\/\/api.w.org\/{rel}","templated":true}]}}