{"id":40642,"date":"2026-03-24T13:50:24","date_gmt":"2026-03-24T10:50:24","guid":{"rendered":"https:\/\/www.gasia.com.tr\/?post_type=product&#038;p=40642"},"modified":"2026-04-10T19:52:12","modified_gmt":"2026-04-10T16:52:12","slug":"ametist-tasli-rose-gold-kadin-kupe","status":"publish","type":"product","link":"https:\/\/www.gasia.com.tr\/en\/collections\/ametist-tasli-rose-gold-kadin-kupe\/","title":{"rendered":"Ametist Ta\u015fl\u0131 Rose Gold Kad\u0131n K\u00fcpe"},"content":{"rendered":"<p data-start=\"153\" data-end=\"540\">Zarafetin ve \u0131\u015f\u0131lt\u0131n\u0131n m\u00fckemmel birle\u015fimi olan bu ametist ta\u015fl\u0131 k\u00fcpe, rose gold tonlar\u0131n\u0131n s\u0131cakl\u0131\u011f\u0131yla g\u00f6z al\u0131c\u0131 bir stil sunar. \u00d6zenle kesilmi\u015f ametist ta\u015f\u0131n derin mor tonu, etraf\u0131n\u0131 saran p\u0131rlanta detaylarla birlikte l\u00fcks bir g\u00f6r\u00fcn\u00fcm kazand\u0131r\u0131r. \u00d6zel davetlerden g\u00fcnl\u00fck \u015f\u0131kl\u0131\u011fa kadar her kombine uyum sa\u011flayan bu tasar\u0131m, feminen ve sofistike tarz\u0131 tamamlayan zamans\u0131z bir par\u00e7ad\u0131r.<\/p>","protected":false},"excerpt":{"rendered":"<ul>\n<li>18 Ayar Alt\u0131n<\/li>\n<li>1,51 ct P\u0131rlanta<\/li>\n<li>15,36 ct Brezilya AAA Amethyst<\/li>\n<\/ul>","protected":false},"featured_media":40643,"comment_status":"open","ping_status":"closed","template":"","meta":[],"product_brand":[],"product_cat":[74],"product_tag":[2517,2667,2663,2516,1574,1573,833,1595,1594,2662,2658,2648,395,2042,379,1564,392,2664,2666,1567,2668,2366,1535,814,2665,403,813,1596,378],"class_list":{"0":"post-40642","1":"product","2":"type-product","3":"status-publish","4":"has-post-thumbnail","6":"product_cat-kupe-modelleri","7":"product_tag-amethyst-earrings","8":"product_tag-amethyst-gemstone-earrings","9":"product_tag-ametist-kupe","10":"product_tag-ametist-tasli-kupe","11":"product_tag-designer-earrings","12":"product_tag-diamond-detail-earrings","13":"product_tag-drop-earrings","14":"product_tag-elegant-earrings","15":"product_tag-gemstone-earrings","16":"product_tag-gift-for-her-earrings","17":"product_tag-hediye-kadin-kupe","18":"product_tag-kadin-aksesuar","19":"product_tag-kadin-kupe","20":"product_tag-kadin-taki","21":"product_tag-luks-kupe","22":"product_tag-luxury-earrings","23":"product_tag-modern-kupe","24":"product_tag-mor-tasli-kupe","25":"product_tag-ozel-tasarim-kupe","26":"product_tag-pirlanta-detayli-kupe","27":"product_tag-purple-stone-earrings","28":"product_tag-rose-gold-earrings","29":"product_tag-rose-gold-kupe","30":"product_tag-sallantili-kupe","31":"product_tag-sik-kadin-kupe","32":"product_tag-statement-earrings","33":"product_tag-tasli-kupe","34":"product_tag-women-earrings","35":"product_tag-zarif-kupe","36":"pa_cinsiyet-kadin","38":"first","39":"instock","40":"shipping-taxable","41":"purchasable","42":"product-type-simple"},"_links":{"self":[{"href":"https:\/\/www.gasia.com.tr\/en\/wp-json\/wp\/v2\/product\/40642","targetHints":{"allow":["GET"]}}],"collection":[{"href":"https:\/\/www.gasia.com.tr\/en\/wp-json\/wp\/v2\/product"}],"about":[{"href":"https:\/\/www.gasia.com.tr\/en\/wp-json\/wp\/v2\/types\/product"}],"replies":[{"embeddable":true,"href":"https:\/\/www.gasia.com.tr\/en\/wp-json\/wp\/v2\/comments?post=40642"}],"version-history":[{"count":3,"href":"https:\/\/www.gasia.com.tr\/en\/wp-json\/wp\/v2\/product\/40642\/revisions"}],"predecessor-version":[{"id":41816,"href":"https:\/\/www.gasia.com.tr\/en\/wp-json\/wp\/v2\/product\/40642\/revisions\/41816"}],"wp:featuredmedia":[{"embeddable":true,"href":"https:\/\/www.gasia.com.tr\/en\/wp-json\/wp\/v2\/media\/40643"}],"wp:attachment":[{"href":"https:\/\/www.gasia.com.tr\/en\/wp-json\/wp\/v2\/media?parent=40642"}],"wp:term":[{"taxonomy":"product_brand","embeddable":true,"href":"https:\/\/www.gasia.com.tr\/en\/wp-json\/wp\/v2\/product_brand?post=40642"},{"taxonomy":"product_cat","embeddable":true,"href":"https:\/\/www.gasia.com.tr\/en\/wp-json\/wp\/v2\/product_cat?post=40642"},{"taxonomy":"product_tag","embeddable":true,"href":"https:\/\/www.gasia.com.tr\/en\/wp-json\/wp\/v2\/product_tag?post=40642"}],"curies":[{"name":"wp","href":"https:\/\/api.w.org\/{rel}","templated":true}]}}