{"id":40646,"date":"2025-10-09T00:00:00","date_gmt":"2025-10-08T21:00:00","guid":{"rendered":"https:\/\/www.gasia.com.tr\/?post_type=product&#038;p=40646"},"modified":"2026-03-30T13:47:16","modified_gmt":"2026-03-30T10:47:16","slug":"beyaz-pirlanta-tasli-altin-tek-kupe","status":"publish","type":"product","link":"https:\/\/www.gasia.com.tr\/en\/collections\/beyaz-pirlanta-tasli-altin-tek-kupe\/","title":{"rendered":"Beyaz P\u0131rlanta Ta\u015fl\u0131 Alt\u0131n Tek K\u00fcpe"},"content":{"rendered":"<p data-start=\"131\" data-end=\"561\">Tamam\u0131 beyaz p\u0131rlanta ta\u015flarla tasarlanan bu alt\u0131n tek k\u00fcpe, sade ama etkileyici bir \u0131\u015f\u0131lt\u0131 sunar. Merkezde yer alan parlak p\u0131rlanta ve \u00e7evresindeki ta\u015f dizilimi, \u0131\u015f\u0131\u011f\u0131 kusursuz \u015fekilde yans\u0131tarak zarif ve l\u00fcks bir g\u00f6r\u00fcn\u00fcm olu\u015fturur. Tek ba\u015f\u0131na g\u00fc\u00e7l\u00fc bir stil yarat\u0131rken, kombin k\u00fcpelerle birlikte kullan\u0131ld\u0131\u011f\u0131nda modern ve trend bir duru\u015f sa\u011flar. G\u00fcnl\u00fck kullan\u0131mdan \u00f6zel davetlere kadar her an\u0131n\u0131za sofistike bir dokunu\u015f katar.<\/p>","protected":false},"excerpt":{"rendered":"<p>Tamam\u0131 beyaz p\u0131rlanta ta\u015flarla tasarlanan bu alt\u0131n tek k\u00fcpe, sade ama etkileyici bir \u0131\u015f\u0131lt\u0131 sunar. Merkezde yer alan parlak p\u0131rlanta<\/p>","protected":false},"featured_media":40647,"comment_status":"open","ping_status":"closed","template":"","meta":[],"product_brand":[],"product_cat":[74],"product_tag":[2669,2384,1752,2478,2128,2672,2671,2658,2648,395,379,2547,2537,2017,2172,392,2477,375,813,2670,1753,378],"class_list":{"0":"post-40646","1":"product","2":"type-product","3":"status-publish","4":"has-post-thumbnail","6":"product_cat-kupe-modelleri","7":"product_tag-altin-tek-kupe","8":"product_tag-beyaz-pirlanta-kupe","9":"product_tag-designer-earring","10":"product_tag-diamond-single-earring","11":"product_tag-gemstone-earring","12":"product_tag-gift-for-her-earring","13":"product_tag-gold-single-earring","14":"product_tag-hediye-kadin-kupe","15":"product_tag-kadin-aksesuar","16":"product_tag-kadin-kupe","17":"product_tag-luks-kupe","18":"product_tag-luxury-earring","19":"product_tag-minimalist-earring","20":"product_tag-minimalist-kupe","21":"product_tag-modern-earring","22":"product_tag-modern-kupe","23":"product_tag-pirlanta-tek-kupe","24":"product_tag-sik-kupe","25":"product_tag-tasli-kupe","26":"product_tag-white-diamond-earring","27":"product_tag-women-earring","28":"product_tag-zarif-kupe","29":"pa_cinsiyet-kadin","31":"first","32":"instock","33":"shipping-taxable","34":"product-type-simple"},"_links":{"self":[{"href":"https:\/\/www.gasia.com.tr\/en\/wp-json\/wp\/v2\/product\/40646","targetHints":{"allow":["GET"]}}],"collection":[{"href":"https:\/\/www.gasia.com.tr\/en\/wp-json\/wp\/v2\/product"}],"about":[{"href":"https:\/\/www.gasia.com.tr\/en\/wp-json\/wp\/v2\/types\/product"}],"replies":[{"embeddable":true,"href":"https:\/\/www.gasia.com.tr\/en\/wp-json\/wp\/v2\/comments?post=40646"}],"version-history":[{"count":1,"href":"https:\/\/www.gasia.com.tr\/en\/wp-json\/wp\/v2\/product\/40646\/revisions"}],"predecessor-version":[{"id":40648,"href":"https:\/\/www.gasia.com.tr\/en\/wp-json\/wp\/v2\/product\/40646\/revisions\/40648"}],"wp:featuredmedia":[{"embeddable":true,"href":"https:\/\/www.gasia.com.tr\/en\/wp-json\/wp\/v2\/media\/40647"}],"wp:attachment":[{"href":"https:\/\/www.gasia.com.tr\/en\/wp-json\/wp\/v2\/media?parent=40646"}],"wp:term":[{"taxonomy":"product_brand","embeddable":true,"href":"https:\/\/www.gasia.com.tr\/en\/wp-json\/wp\/v2\/product_brand?post=40646"},{"taxonomy":"product_cat","embeddable":true,"href":"https:\/\/www.gasia.com.tr\/en\/wp-json\/wp\/v2\/product_cat?post=40646"},{"taxonomy":"product_tag","embeddable":true,"href":"https:\/\/www.gasia.com.tr\/en\/wp-json\/wp\/v2\/product_tag?post=40646"}],"curies":[{"name":"wp","href":"https:\/\/api.w.org\/{rel}","templated":true}]}}