{"id":40691,"date":"2026-03-24T21:40:39","date_gmt":"2026-03-24T18:40:39","guid":{"rendered":"https:\/\/www.gasia.com.tr\/?post_type=product&#038;p=40691"},"modified":"2026-04-13T21:12:43","modified_gmt":"2026-04-13T18:12:43","slug":"firuze-ve-pirlanta-kurbaga-detayli-kupe","status":"publish","type":"product","link":"https:\/\/www.gasia.com.tr\/en\/collections\/firuze-ve-pirlanta-kurbaga-detayli-kupe\/","title":{"rendered":"Firuze ve P\u0131rlanta Kurba\u011fa Detayl\u0131 K\u00fcpe"},"content":{"rendered":"<p data-start=\"106\" data-end=\"346\">Canl\u0131 firuze tonlar\u0131yla \u00f6ne \u00e7\u0131kan bu \u00f6zel tasar\u0131m k\u00fcpe, p\u0131rlanta detayl\u0131 kurba\u011fa fig\u00fcr\u00fc ile do\u011fadan ilham alan zarif bir g\u00f6r\u00fcn\u00fcm sunar. K\u00fcre formundaki firuze ta\u015f, parlak y\u00fczeyiyle dikkat \u00e7ekerken tasar\u0131ma enerjik bir karakter kazand\u0131r\u0131r.<\/p>\n<p data-start=\"348\" data-end=\"552\">Alt\u0131n tonlar\u0131n\u0131n s\u0131cakl\u0131\u011f\u0131 ve p\u0131rlantalar\u0131n ince \u0131\u015f\u0131lt\u0131s\u0131, k\u00fcpeye dengeli ve g\u00f6z al\u0131c\u0131 bir estetik katar. \u00dcst k\u0131sm\u0131ndaki yaprak formu detay\u0131, do\u011fa temal\u0131 tasar\u0131m\u0131 tamamlayarak b\u00fct\u00fcnsel bir \u015f\u0131kl\u0131k sunar.<\/p>\n<p data-start=\"554\" data-end=\"694\">Hem g\u00fcnl\u00fck stiline farkl\u0131 bir dokunu\u015f katmak hem de \u00f6zel anlarda dikkat \u00e7ekici bir aksesuar tercih etmek isteyenler i\u00e7in ideal bir se\u00e7imdir.<\/p>","protected":false},"excerpt":{"rendered":"<p>Canl\u0131 firuze tonlar\u0131yla \u00f6ne \u00e7\u0131kan bu \u00f6zel tasar\u0131m k\u00fcpe, p\u0131rlanta detayl\u0131 kurba\u011fa fig\u00fcr\u00fc ile do\u011fadan ilham alan zarif bir g\u00f6r\u00fcn\u00fcm<\/p>","protected":false},"featured_media":42144,"comment_status":"open","ping_status":"closed","template":"","meta":[],"product_brand":[77],"product_cat":[74],"product_tag":[2129,2133,1752,1750,2026,2135,914,373,2131,395,2042,2132,2134,374,2023,815,813,2130,1753],"class_list":{"0":"post-40691","1":"product","2":"type-product","3":"status-publish","4":"has-post-thumbnail","6":"product_brand-gasia","7":"product_cat-kupe-modelleri","8":"product_tag-animal-earring","9":"product_tag-buyuk-inci-kupe","10":"product_tag-designer-earring","11":"product_tag-diamond-earring","12":"product_tag-farkli-kupe","13":"product_tag-frog-earring","14":"product_tag-hayvan-figurlu-kupe","15":"product_tag-inci-kupe","16":"product_tag-jewelry-earring","17":"product_tag-kadin-kupe","18":"product_tag-kadin-taki","19":"product_tag-kurbaga-kupe","20":"product_tag-pearl-earring","21":"product_tag-pirlanta-kupe","22":"product_tag-statement-earring","23":"product_tag-tasarim-kupe","24":"product_tag-tasli-kupe","25":"product_tag-unique-earring","26":"product_tag-women-earring","27":"pa_cinsiyet-kadin","29":"first","30":"instock","31":"shipping-taxable","32":"purchasable","33":"product-type-simple"},"_links":{"self":[{"href":"https:\/\/www.gasia.com.tr\/en\/wp-json\/wp\/v2\/product\/40691","targetHints":{"allow":["GET"]}}],"collection":[{"href":"https:\/\/www.gasia.com.tr\/en\/wp-json\/wp\/v2\/product"}],"about":[{"href":"https:\/\/www.gasia.com.tr\/en\/wp-json\/wp\/v2\/types\/product"}],"replies":[{"embeddable":true,"href":"https:\/\/www.gasia.com.tr\/en\/wp-json\/wp\/v2\/comments?post=40691"}],"version-history":[{"count":2,"href":"https:\/\/www.gasia.com.tr\/en\/wp-json\/wp\/v2\/product\/40691\/revisions"}],"predecessor-version":[{"id":42148,"href":"https:\/\/www.gasia.com.tr\/en\/wp-json\/wp\/v2\/product\/40691\/revisions\/42148"}],"wp:featuredmedia":[{"embeddable":true,"href":"https:\/\/www.gasia.com.tr\/en\/wp-json\/wp\/v2\/media\/42144"}],"wp:attachment":[{"href":"https:\/\/www.gasia.com.tr\/en\/wp-json\/wp\/v2\/media?parent=40691"}],"wp:term":[{"taxonomy":"product_brand","embeddable":true,"href":"https:\/\/www.gasia.com.tr\/en\/wp-json\/wp\/v2\/product_brand?post=40691"},{"taxonomy":"product_cat","embeddable":true,"href":"https:\/\/www.gasia.com.tr\/en\/wp-json\/wp\/v2\/product_cat?post=40691"},{"taxonomy":"product_tag","embeddable":true,"href":"https:\/\/www.gasia.com.tr\/en\/wp-json\/wp\/v2\/product_tag?post=40691"}],"curies":[{"name":"wp","href":"https:\/\/api.w.org\/{rel}","templated":true}]}}