{"id":40692,"date":"2026-03-24T21:40:39","date_gmt":"2026-03-24T18:40:39","guid":{"rendered":"https:\/\/www.gasia.com.tr\/?post_type=product&#038;p=40692"},"modified":"2026-04-13T21:11:53","modified_gmt":"2026-04-13T18:11:53","slug":"lapis-lazuli-ve-pirlanta-kurbaga-detayli-kupe","status":"publish","type":"product","link":"https:\/\/www.gasia.com.tr\/en\/collections\/lapis-lazuli-ve-pirlanta-kurbaga-detayli-kupe\/","title":{"rendered":"Lapis Lazuli ve P\u0131rlanta Kurba\u011fa Detayl\u0131 K\u00fcpe"},"content":{"rendered":"<p data-start=\"112\" data-end=\"377\">Derin mavi tonlar\u0131 ve do\u011fal alt\u0131n \u0131\u015f\u0131lt\u0131lar\u0131yla \u00f6ne \u00e7\u0131kan lapis lazuli ta\u015f\u0131, bu \u00f6zel tasar\u0131m k\u00fcpede p\u0131rlanta detayl\u0131 kurba\u011fa fig\u00fcr\u00fc ile bulu\u015fur. K\u00fcre formundaki ta\u015f, g\u00fc\u00e7l\u00fc ve dikkat \u00e7ekici bir g\u00f6r\u00fcn\u00fcm sunarken \u00fczerindeki ince i\u015f\u00e7ilik tasar\u0131ma karakter kazand\u0131r\u0131r.<\/p>\n<p data-start=\"379\" data-end=\"617\">Alt\u0131n detaylar\u0131n s\u0131cakl\u0131\u011f\u0131 ve p\u0131rlantalar\u0131n zarif \u0131\u015f\u0131lt\u0131s\u0131, k\u00fcpeye dengeli bir parlakl\u0131k katarken \u00fcst k\u0131sm\u0131ndaki yaprak formu do\u011fadan ilham alan esteti\u011fi tamamlar. Lapis lazulinin do\u011fal dokusu her par\u00e7ada kendine \u00f6zg\u00fc bir g\u00f6r\u00fcn\u00fcm sunar.<\/p>\n<p data-start=\"619\" data-end=\"748\">Sanatsal ve iddial\u0131 bir stil arayanlar i\u00e7in \u00f6ne \u00e7\u0131kan bu k\u00fcpe, \u00f6zel g\u00fcnlerde fark yaratmak isteyenler i\u00e7in g\u00fc\u00e7l\u00fc bir aksesuard\u0131r.<\/p>","protected":false},"excerpt":{"rendered":"<p>Derin mavi tonlar\u0131 ve do\u011fal alt\u0131n \u0131\u015f\u0131lt\u0131lar\u0131yla \u00f6ne \u00e7\u0131kan lapis lazuli ta\u015f\u0131, bu \u00f6zel tasar\u0131m k\u00fcpede p\u0131rlanta detayl\u0131 kurba\u011fa fig\u00fcr\u00fc<\/p>","protected":false},"featured_media":42142,"comment_status":"open","ping_status":"closed","template":"","meta":[],"product_brand":[77],"product_cat":[74],"product_tag":[2129,2133,1752,1750,2026,2135,914,373,2131,395,2042,2132,2134,374,2023,815,813,2130,1753],"class_list":{"0":"post-40692","1":"product","2":"type-product","3":"status-publish","4":"has-post-thumbnail","6":"product_brand-gasia","7":"product_cat-kupe-modelleri","8":"product_tag-animal-earring","9":"product_tag-buyuk-inci-kupe","10":"product_tag-designer-earring","11":"product_tag-diamond-earring","12":"product_tag-farkli-kupe","13":"product_tag-frog-earring","14":"product_tag-hayvan-figurlu-kupe","15":"product_tag-inci-kupe","16":"product_tag-jewelry-earring","17":"product_tag-kadin-kupe","18":"product_tag-kadin-taki","19":"product_tag-kurbaga-kupe","20":"product_tag-pearl-earring","21":"product_tag-pirlanta-kupe","22":"product_tag-statement-earring","23":"product_tag-tasarim-kupe","24":"product_tag-tasli-kupe","25":"product_tag-unique-earring","26":"product_tag-women-earring","27":"pa_cinsiyet-kadin","29":"first","30":"instock","31":"shipping-taxable","32":"purchasable","33":"product-type-simple"},"_links":{"self":[{"href":"https:\/\/www.gasia.com.tr\/en\/wp-json\/wp\/v2\/product\/40692","targetHints":{"allow":["GET"]}}],"collection":[{"href":"https:\/\/www.gasia.com.tr\/en\/wp-json\/wp\/v2\/product"}],"about":[{"href":"https:\/\/www.gasia.com.tr\/en\/wp-json\/wp\/v2\/types\/product"}],"replies":[{"embeddable":true,"href":"https:\/\/www.gasia.com.tr\/en\/wp-json\/wp\/v2\/comments?post=40692"}],"version-history":[{"count":2,"href":"https:\/\/www.gasia.com.tr\/en\/wp-json\/wp\/v2\/product\/40692\/revisions"}],"predecessor-version":[{"id":42147,"href":"https:\/\/www.gasia.com.tr\/en\/wp-json\/wp\/v2\/product\/40692\/revisions\/42147"}],"wp:featuredmedia":[{"embeddable":true,"href":"https:\/\/www.gasia.com.tr\/en\/wp-json\/wp\/v2\/media\/42142"}],"wp:attachment":[{"href":"https:\/\/www.gasia.com.tr\/en\/wp-json\/wp\/v2\/media?parent=40692"}],"wp:term":[{"taxonomy":"product_brand","embeddable":true,"href":"https:\/\/www.gasia.com.tr\/en\/wp-json\/wp\/v2\/product_brand?post=40692"},{"taxonomy":"product_cat","embeddable":true,"href":"https:\/\/www.gasia.com.tr\/en\/wp-json\/wp\/v2\/product_cat?post=40692"},{"taxonomy":"product_tag","embeddable":true,"href":"https:\/\/www.gasia.com.tr\/en\/wp-json\/wp\/v2\/product_tag?post=40692"}],"curies":[{"name":"wp","href":"https:\/\/api.w.org\/{rel}","templated":true}]}}