{"id":40693,"date":"2026-03-24T21:40:39","date_gmt":"2026-03-24T18:40:39","guid":{"rendered":"https:\/\/www.gasia.com.tr\/?post_type=product&#038;p=40693"},"modified":"2026-04-13T21:11:09","modified_gmt":"2026-04-13T18:11:09","slug":"mercan-ve-pirlanta-kurbaga-detayli-kupe","status":"publish","type":"product","link":"https:\/\/www.gasia.com.tr\/en\/collections\/mercan-ve-pirlanta-kurbaga-detayli-kupe\/","title":{"rendered":"Mercan ve P\u0131rlanta Kurba\u011fa Detayl\u0131 K\u00fcpe"},"content":{"rendered":"<p data-start=\"106\" data-end=\"324\">Canl\u0131 mercan tonlar\u0131yla dikkat \u00e7eken bu k\u00fcpe, do\u011fadan ilham alan kurba\u011fa fig\u00fcr\u00fc ve p\u0131rlanta detaylarla \u00f6zg\u00fcn bir tasar\u0131m sunar. Parlak y\u00fczeye sahip mercan k\u00fcre formu, tasar\u0131ma g\u00fc\u00e7l\u00fc ve enerjik bir g\u00f6r\u00fcn\u00fcm kazand\u0131r\u0131r.<\/p>\n<p data-start=\"326\" data-end=\"564\">Alt\u0131n tonlar\u0131n\u0131n s\u0131cakl\u0131\u011f\u0131 ve p\u0131rlantalar\u0131n zarif \u0131\u015f\u0131lt\u0131s\u0131, k\u00fcpeye dengeli bir estetik katarken \u00fczerindeki kurba\u011fa fig\u00fcr\u00fc tasar\u0131ma karakter ve farkl\u0131l\u0131k katar. \u00dcst k\u0131sm\u0131ndaki yaprak form detay\u0131 ise do\u011fadan ilham alan b\u00fct\u00fcnl\u00fc\u011f\u00fc tamamlar.<\/p>\n<p data-start=\"566\" data-end=\"715\">\u00d6zel davetlerde stiline dikkat \u00e7ekici bir dokunu\u015f eklemek isteyenler i\u00e7in ideal olan bu k\u00fcpe, sanatsal ve iddial\u0131 bir aksesuar arayanlara hitap eder.<\/p>","protected":false},"excerpt":{"rendered":"<p>Canl\u0131 mercan tonlar\u0131yla dikkat \u00e7eken bu k\u00fcpe, do\u011fadan ilham alan kurba\u011fa fig\u00fcr\u00fc ve p\u0131rlanta detaylarla \u00f6zg\u00fcn bir tasar\u0131m sunar. Parlak<\/p>","protected":false},"featured_media":42141,"comment_status":"open","ping_status":"closed","template":"","meta":[],"product_brand":[77],"product_cat":[74],"product_tag":[2129,2133,1752,1750,2026,2135,914,373,2131,395,2042,2132,2134,374,2023,815,813,2130,1753],"class_list":{"0":"post-40693","1":"product","2":"type-product","3":"status-publish","4":"has-post-thumbnail","6":"product_brand-gasia","7":"product_cat-kupe-modelleri","8":"product_tag-animal-earring","9":"product_tag-buyuk-inci-kupe","10":"product_tag-designer-earring","11":"product_tag-diamond-earring","12":"product_tag-farkli-kupe","13":"product_tag-frog-earring","14":"product_tag-hayvan-figurlu-kupe","15":"product_tag-inci-kupe","16":"product_tag-jewelry-earring","17":"product_tag-kadin-kupe","18":"product_tag-kadin-taki","19":"product_tag-kurbaga-kupe","20":"product_tag-pearl-earring","21":"product_tag-pirlanta-kupe","22":"product_tag-statement-earring","23":"product_tag-tasarim-kupe","24":"product_tag-tasli-kupe","25":"product_tag-unique-earring","26":"product_tag-women-earring","27":"pa_cinsiyet-kadin","29":"first","30":"instock","31":"shipping-taxable","32":"purchasable","33":"product-type-simple"},"_links":{"self":[{"href":"https:\/\/www.gasia.com.tr\/en\/wp-json\/wp\/v2\/product\/40693","targetHints":{"allow":["GET"]}}],"collection":[{"href":"https:\/\/www.gasia.com.tr\/en\/wp-json\/wp\/v2\/product"}],"about":[{"href":"https:\/\/www.gasia.com.tr\/en\/wp-json\/wp\/v2\/types\/product"}],"replies":[{"embeddable":true,"href":"https:\/\/www.gasia.com.tr\/en\/wp-json\/wp\/v2\/comments?post=40693"}],"version-history":[{"count":3,"href":"https:\/\/www.gasia.com.tr\/en\/wp-json\/wp\/v2\/product\/40693\/revisions"}],"predecessor-version":[{"id":42146,"href":"https:\/\/www.gasia.com.tr\/en\/wp-json\/wp\/v2\/product\/40693\/revisions\/42146"}],"wp:featuredmedia":[{"embeddable":true,"href":"https:\/\/www.gasia.com.tr\/en\/wp-json\/wp\/v2\/media\/42141"}],"wp:attachment":[{"href":"https:\/\/www.gasia.com.tr\/en\/wp-json\/wp\/v2\/media?parent=40693"}],"wp:term":[{"taxonomy":"product_brand","embeddable":true,"href":"https:\/\/www.gasia.com.tr\/en\/wp-json\/wp\/v2\/product_brand?post=40693"},{"taxonomy":"product_cat","embeddable":true,"href":"https:\/\/www.gasia.com.tr\/en\/wp-json\/wp\/v2\/product_cat?post=40693"},{"taxonomy":"product_tag","embeddable":true,"href":"https:\/\/www.gasia.com.tr\/en\/wp-json\/wp\/v2\/product_tag?post=40693"}],"curies":[{"name":"wp","href":"https:\/\/api.w.org\/{rel}","templated":true}]}}