{"id":40725,"date":"2026-03-25T15:27:48","date_gmt":"2026-03-25T12:27:48","guid":{"rendered":"https:\/\/www.gasia.com.tr\/?post_type=product&#038;p=40725"},"modified":"2026-04-16T10:22:34","modified_gmt":"2026-04-16T07:22:34","slug":"mercan-formlu-kurbaga-ve-ugur-bocegi-detayli-yuzuk","status":"publish","type":"product","link":"https:\/\/www.gasia.com.tr\/en\/collections\/mercan-formlu-kurbaga-ve-ugur-bocegi-detayli-yuzuk\/","title":{"rendered":"Mercan Formlu Kurba\u011fa ve U\u011fur B\u00f6ce\u011fi Detayl\u0131 Y\u00fcz\u00fck"},"content":{"rendered":"<p data-start=\"137\" data-end=\"420\">\u00d6zg\u00fcn tasar\u0131m\u0131yla \u00f6ne \u00e7\u0131kan bu mercan formlu y\u00fcz\u00fck, do\u011fadan ilham alan fig\u00fcrleriyle dikkat \u00e7ekici bir stil sunar. Canl\u0131 turuncu tonlardaki mercan formunun \u00fczerinde konumlanan kurba\u011fa ve u\u011fur b\u00f6ce\u011fi fig\u00fcrleri, ye\u015fil ta\u015f detaylarla zenginle\u015ftirilerek g\u00fc\u00e7l\u00fc bir g\u00f6rsel etki olu\u015fturur.<\/p>\n<p data-start=\"422\" data-end=\"647\">Fig\u00fcratif tasar\u0131m\u0131n ak\u0131c\u0131 yap\u0131s\u0131 y\u00fcz\u00fc\u011fe hareket kazand\u0131r\u0131rken, ta\u015flar\u0131n \u0131\u015f\u0131kla birlikte parlamas\u0131 \u00fcr\u00fcn\u00fc daha \u00e7arp\u0131c\u0131 hale getirir. Al\u0131\u015f\u0131lm\u0131\u015f\u0131n d\u0131\u015f\u0131nda tasar\u0131mlar\u0131 tercih edenler i\u00e7in karakterli ve farkl\u0131 bir tamamlay\u0131c\u0131d\u0131r.<\/p>\n<p data-start=\"649\" data-end=\"871\">\u00d6zel g\u00fcnlerde \u00f6ne \u00e7\u0131kan bir par\u00e7a olarak tercih edilebilece\u011fi gibi, g\u00fcnl\u00fck kombinlere farkl\u0131 bir dokunu\u015f katmak i\u00e7in de kullan\u0131labilir. Tasar\u0131m odakl\u0131 ve dikkat \u00e7ekici aksesuarlar\u0131 sevenler i\u00e7in g\u00fc\u00e7l\u00fc bir alternatif sunar.<\/p>","protected":false},"excerpt":{"rendered":"<p>\u00d6zg\u00fcn tasar\u0131m\u0131yla \u00f6ne \u00e7\u0131kan bu mercan formlu y\u00fcz\u00fck, do\u011fadan ilham alan fig\u00fcrleriyle dikkat \u00e7ekici bir stil sunar. Canl\u0131 turuncu tonlardaki<\/p>","protected":false},"featured_media":40731,"comment_status":"open","ping_status":"closed","template":"","meta":[],"product_brand":[77],"product_cat":[264,258,76],"product_tag":[2698,2051,2695,565,2694,2136,2696,1692,520,2692,2697,2691,1792,344,450,340,562,2693,1872,1021,1691],"class_list":{"0":"post-40725","1":"product","2":"type-product","3":"status-publish","4":"has-post-thumbnail","6":"product_brand-gasia","7":"product_cat-gasia-1974-koleksiyonu","8":"product_cat-gasia-high-jewels-koleksiyonu","9":"product_cat-yuzuk-modelleri","10":"product_tag-bold-jewelry","11":"product_tag-buyuk-yuzuk","12":"product_tag-coral-ring","13":"product_tag-designer-ring","14":"product_tag-dikkat-cekici-yuzuk","15":"product_tag-farkli-yuzuk","16":"product_tag-frog-ring","17":"product_tag-green-stone-ring","18":"product_tag-kadin-yuzuk","19":"product_tag-kurbaga-yuzuk","20":"product_tag-ladybug-ring","21":"product_tag-mercan-yuzuk","22":"product_tag-modern-taki","23":"product_tag-sik-yuzuk","24":"product_tag-statement-ring","25":"product_tag-tasarim-yuzuk","26":"product_tag-tasli-yuzuk","27":"product_tag-ugur-bocegi-yuzuk","28":"product_tag-unique-ring","29":"product_tag-women-ring","30":"product_tag-yesil-tasli-yuzuk","31":"pa_cinsiyet-kadin","33":"first","34":"instock","35":"shipping-taxable","36":"product-type-simple"},"_links":{"self":[{"href":"https:\/\/www.gasia.com.tr\/en\/wp-json\/wp\/v2\/product\/40725","targetHints":{"allow":["GET"]}}],"collection":[{"href":"https:\/\/www.gasia.com.tr\/en\/wp-json\/wp\/v2\/product"}],"about":[{"href":"https:\/\/www.gasia.com.tr\/en\/wp-json\/wp\/v2\/types\/product"}],"replies":[{"embeddable":true,"href":"https:\/\/www.gasia.com.tr\/en\/wp-json\/wp\/v2\/comments?post=40725"}],"version-history":[{"count":1,"href":"https:\/\/www.gasia.com.tr\/en\/wp-json\/wp\/v2\/product\/40725\/revisions"}],"predecessor-version":[{"id":40730,"href":"https:\/\/www.gasia.com.tr\/en\/wp-json\/wp\/v2\/product\/40725\/revisions\/40730"}],"wp:featuredmedia":[{"embeddable":true,"href":"https:\/\/www.gasia.com.tr\/en\/wp-json\/wp\/v2\/media\/40731"}],"wp:attachment":[{"href":"https:\/\/www.gasia.com.tr\/en\/wp-json\/wp\/v2\/media?parent=40725"}],"wp:term":[{"taxonomy":"product_brand","embeddable":true,"href":"https:\/\/www.gasia.com.tr\/en\/wp-json\/wp\/v2\/product_brand?post=40725"},{"taxonomy":"product_cat","embeddable":true,"href":"https:\/\/www.gasia.com.tr\/en\/wp-json\/wp\/v2\/product_cat?post=40725"},{"taxonomy":"product_tag","embeddable":true,"href":"https:\/\/www.gasia.com.tr\/en\/wp-json\/wp\/v2\/product_tag?post=40725"}],"curies":[{"name":"wp","href":"https:\/\/api.w.org\/{rel}","templated":true}]}}