{"id":40734,"date":"2026-02-03T00:00:00","date_gmt":"2026-02-02T21:00:00","guid":{"rendered":"https:\/\/www.gasia.com.tr\/?post_type=product&#038;p=40734"},"modified":"2026-03-30T16:29:25","modified_gmt":"2026-03-30T13:29:25","slug":"damla-pirlanta-cicek-kupe","status":"publish","type":"product","link":"https:\/\/www.gasia.com.tr\/en\/collections\/damla-pirlanta-cicek-kupe\/","title":{"rendered":"Damla P\u0131rlanta \u00c7i\u00e7ek K\u00fcpe"},"content":{"rendered":"<p data-start=\"118\" data-end=\"367\">Damla kesim ta\u015flar\u0131n \u00e7i\u00e7ek formunda bir araya gelmesiyle tasarlanan bu p\u0131rlanta k\u00fcpe, \u0131\u015f\u0131\u011f\u0131 g\u00fc\u00e7l\u00fc \u015fekilde yans\u0131tan yap\u0131s\u0131yla dikkat \u00e7eker. Her bir ta\u015f\u0131n \u00f6zenle yerle\u015ftirildi\u011fi form, merkezdeki detayla birlikte dengeli ve estetik bir g\u00f6r\u00fcn\u00fcm sunar.<\/p>\n<p data-start=\"369\" data-end=\"570\">I\u015f\u0131lt\u0131l\u0131 y\u00fczeyi sayesinde farkl\u0131 a\u00e7\u0131lardan parlayarak zarif bir etki olu\u015fturur. G\u00fcnl\u00fck kullan\u0131mda \u015f\u0131kl\u0131\u011f\u0131 tamamlayan bir par\u00e7a olurken, \u00f6zel anlarda da dikkat \u00e7ekici bir tamamlay\u0131c\u0131 olarak \u00f6ne \u00e7\u0131kar.<\/p>\n<p data-start=\"572\" data-end=\"702\">Kompakt yap\u0131s\u0131 sayesinde rahat bir kullan\u0131m sunan bu k\u00fcpe, ince ve g\u00f6z al\u0131c\u0131 tasar\u0131mlar\u0131 tercih edenler i\u00e7in ideal bir se\u00e7enektir.<\/p>","protected":false},"excerpt":{"rendered":"<p>Damla kesim ta\u015flar\u0131n \u00e7i\u00e7ek formunda bir araya gelmesiyle tasarlanan bu p\u0131rlanta k\u00fcpe, \u0131\u015f\u0131\u011f\u0131 g\u00fc\u00e7l\u00fc \u015fekilde yans\u0131tan yap\u0131s\u0131yla dikkat \u00e7eker. Her<\/p>","protected":false},"featured_media":40735,"comment_status":"open","ping_status":"closed","template":"","meta":[],"product_brand":[],"product_cat":[74],"product_tag":[843,2701,2699,1715,2700,1595,395,2338,1537,1788,392,1846,2055,374,375,2702,2444,813,1596,378],"class_list":{"0":"post-40734","1":"product","2":"type-product","3":"status-publish","4":"has-post-thumbnail","6":"product_cat-kupe-modelleri","7":"product_tag-cicek-kupe","8":"product_tag-dainty-jewelry","9":"product_tag-damla-pirlanta-kupe","10":"product_tag-diamond-earrings","11":"product_tag-diamond-flower-earrings","12":"product_tag-elegant-earrings","13":"product_tag-kadin-kupe","14":"product_tag-kucuk-kupe","15":"product_tag-minimal-kupe","16":"product_tag-minimalist-earrings","17":"product_tag-modern-kupe","18":"product_tag-parlak-kupe","19":"product_tag-pear-cut-diamond-earrings","20":"product_tag-pirlanta-kupe","21":"product_tag-sik-kupe","22":"product_tag-sparkling-earrings","23":"product_tag-stud-earrings","24":"product_tag-tasli-kupe","25":"product_tag-women-earrings","26":"product_tag-zarif-kupe","27":"pa_cinsiyet-kadin","29":"first","30":"instock","31":"shipping-taxable","32":"purchasable","33":"product-type-simple"},"_links":{"self":[{"href":"https:\/\/www.gasia.com.tr\/en\/wp-json\/wp\/v2\/product\/40734","targetHints":{"allow":["GET"]}}],"collection":[{"href":"https:\/\/www.gasia.com.tr\/en\/wp-json\/wp\/v2\/product"}],"about":[{"href":"https:\/\/www.gasia.com.tr\/en\/wp-json\/wp\/v2\/types\/product"}],"replies":[{"embeddable":true,"href":"https:\/\/www.gasia.com.tr\/en\/wp-json\/wp\/v2\/comments?post=40734"}],"version-history":[{"count":1,"href":"https:\/\/www.gasia.com.tr\/en\/wp-json\/wp\/v2\/product\/40734\/revisions"}],"predecessor-version":[{"id":40737,"href":"https:\/\/www.gasia.com.tr\/en\/wp-json\/wp\/v2\/product\/40734\/revisions\/40737"}],"wp:featuredmedia":[{"embeddable":true,"href":"https:\/\/www.gasia.com.tr\/en\/wp-json\/wp\/v2\/media\/40735"}],"wp:attachment":[{"href":"https:\/\/www.gasia.com.tr\/en\/wp-json\/wp\/v2\/media?parent=40734"}],"wp:term":[{"taxonomy":"product_brand","embeddable":true,"href":"https:\/\/www.gasia.com.tr\/en\/wp-json\/wp\/v2\/product_brand?post=40734"},{"taxonomy":"product_cat","embeddable":true,"href":"https:\/\/www.gasia.com.tr\/en\/wp-json\/wp\/v2\/product_cat?post=40734"},{"taxonomy":"product_tag","embeddable":true,"href":"https:\/\/www.gasia.com.tr\/en\/wp-json\/wp\/v2\/product_tag?post=40734"}],"curies":[{"name":"wp","href":"https:\/\/api.w.org\/{rel}","templated":true}]}}