{"id":40738,"date":"2026-01-01T00:00:00","date_gmt":"2025-12-31T21:00:00","guid":{"rendered":"https:\/\/www.gasia.com.tr\/?post_type=product&#038;p=40738"},"modified":"2026-03-25T22:32:43","modified_gmt":"2026-03-25T19:32:43","slug":"turkuaz-tasli-cicek-kolye","status":"publish","type":"product","link":"https:\/\/www.gasia.com.tr\/en\/collections\/turkuaz-tasli-cicek-kolye\/","title":{"rendered":"Turkuaz Ta\u015fl\u0131 \u00c7i\u00e7ek Kolye"},"content":{"rendered":"<p data-start=\"131\" data-end=\"381\">Canl\u0131 turkuaz tonuyla dikkat \u00e7eken bu \u00e7i\u00e7ek formundaki kolye, do\u011fal ta\u015f g\u00f6r\u00fcn\u00fcm\u00fc ve merkezde yer alan parlak detayla estetik bir b\u00fct\u00fcn sunar. Yumu\u015fak hatlara sahip \u00e7i\u00e7ek formu, alt\u0131n ton zincir ile birle\u015ferek dengeli ve zarif bir g\u00f6r\u00fcn\u00fcm olu\u015fturur.<\/p>\n<p data-start=\"383\" data-end=\"576\">Merkezde konumlanan ta\u015f detaylar\u0131 \u0131\u015f\u0131\u011f\u0131 yans\u0131tarak kolyeye hareket kazand\u0131r\u0131r. G\u00fcnl\u00fck kullan\u0131mda sade kombinlere renk katarken, \u00f6zel anlarda da dikkat \u00e7ekici bir tamamlay\u0131c\u0131 olarak \u00f6ne \u00e7\u0131kar.<\/p>\n<p data-start=\"578\" data-end=\"706\">Hafif yap\u0131s\u0131 sayesinde rahat bir kullan\u0131m sunan bu kolye, do\u011fadan ilham alan tasar\u0131mlar\u0131 sevenler i\u00e7in \u00f6ne \u00e7\u0131kan bir se\u00e7enektir.<\/p>","protected":false},"excerpt":{"rendered":"<p>Canl\u0131 turkuaz tonuyla dikkat \u00e7eken bu \u00e7i\u00e7ek formundaki kolye, do\u011fal ta\u015f g\u00f6r\u00fcn\u00fcm\u00fc ve merkezde yer alan parlak detayla estetik bir<\/p>","protected":false},"featured_media":40739,"comment_status":"open","ping_status":"closed","template":"","meta":[],"product_brand":[],"product_cat":[247,75],"product_tag":[1476,1607,2703,2709,1623,1637,2708,1647,1995,473,2704,273,1639,277,2707,324,2706,474,489,2710,329,1674,1095,1632,2705,476],"class_list":{"0":"post-40738","1":"product","2":"type-product","3":"status-publish","4":"has-post-thumbnail","6":"product_cat-hediyelik","7":"product_cat-kolye","8":"product_tag-altin-zincir-kolye","9":"product_tag-blue-stone-necklace","10":"product_tag-cicek-kolye","11":"product_tag-dainty-necklace","12":"product_tag-dogal-tas-kolye","13":"product_tag-elegant-necklace","14":"product_tag-flower-necklace","15":"product_tag-gold-chain-necklace","16":"product_tag-gunluk-kolye","17":"product_tag-kadin-kolye","18":"product_tag-mavi-kolye","19":"product_tag-minimal-kolye","20":"product_tag-minimalist-jewelry","21":"product_tag-modern-kolye","22":"product_tag-ozel-gun-kolyesi","23":"product_tag-pendant-necklace","24":"product_tag-renkli-kolye","25":"product_tag-sik-kolye","26":"product_tag-statement-necklace","27":"product_tag-summer-jewelry","28":"product_tag-tasli-kolye","29":"product_tag-turkuaz-kolye","30":"product_tag-turquoise-necklace","31":"product_tag-women-necklace","32":"product_tag-yazlik-kolye","33":"product_tag-zarif-kolye","34":"pa_cinsiyet-kadin","36":"first","37":"instock","38":"shipping-taxable","39":"product-type-simple"},"_links":{"self":[{"href":"https:\/\/www.gasia.com.tr\/en\/wp-json\/wp\/v2\/product\/40738","targetHints":{"allow":["GET"]}}],"collection":[{"href":"https:\/\/www.gasia.com.tr\/en\/wp-json\/wp\/v2\/product"}],"about":[{"href":"https:\/\/www.gasia.com.tr\/en\/wp-json\/wp\/v2\/types\/product"}],"replies":[{"embeddable":true,"href":"https:\/\/www.gasia.com.tr\/en\/wp-json\/wp\/v2\/comments?post=40738"}],"version-history":[{"count":2,"href":"https:\/\/www.gasia.com.tr\/en\/wp-json\/wp\/v2\/product\/40738\/revisions"}],"predecessor-version":[{"id":40741,"href":"https:\/\/www.gasia.com.tr\/en\/wp-json\/wp\/v2\/product\/40738\/revisions\/40741"}],"wp:featuredmedia":[{"embeddable":true,"href":"https:\/\/www.gasia.com.tr\/en\/wp-json\/wp\/v2\/media\/40739"}],"wp:attachment":[{"href":"https:\/\/www.gasia.com.tr\/en\/wp-json\/wp\/v2\/media?parent=40738"}],"wp:term":[{"taxonomy":"product_brand","embeddable":true,"href":"https:\/\/www.gasia.com.tr\/en\/wp-json\/wp\/v2\/product_brand?post=40738"},{"taxonomy":"product_cat","embeddable":true,"href":"https:\/\/www.gasia.com.tr\/en\/wp-json\/wp\/v2\/product_cat?post=40738"},{"taxonomy":"product_tag","embeddable":true,"href":"https:\/\/www.gasia.com.tr\/en\/wp-json\/wp\/v2\/product_tag?post=40738"}],"curies":[{"name":"wp","href":"https:\/\/api.w.org\/{rel}","templated":true}]}}