{"id":40748,"date":"2026-01-11T00:00:00","date_gmt":"2026-01-10T21:00:00","guid":{"rendered":"https:\/\/www.gasia.com.tr\/?post_type=product&#038;p=40748"},"modified":"2026-03-26T16:56:33","modified_gmt":"2026-03-26T13:56:33","slug":"mine-detayli-beyaz-altin-nazarlik-kolye","status":"publish","type":"product","link":"https:\/\/www.gasia.com.tr\/en\/collections\/mine-detayli-beyaz-altin-nazarlik-kolye\/","title":{"rendered":"Mine Detayl\u0131 Beyaz Alt\u0131n Nazarl\u0131k Kolye"},"content":{"rendered":"<p data-start=\"114\" data-end=\"359\">Canl\u0131 turkuaz mine y\u00fczeyi ile \u00f6ne \u00e7\u0131kan bu nazarl\u0131k kolye, g\u00f6z formundaki merkezi detay\u0131yla dikkat \u00e7eker. Oval formdaki mine y\u00fczeyin ortas\u0131nda yer alan nazar fig\u00fcr\u00fc, \u00e7evresini saran p\u0131rlantalarla\u00a0 birlikte g\u00fc\u00e7l\u00fc bir g\u00f6rsel b\u00fct\u00fcnl\u00fck olu\u015fturur.<\/p>\n<p data-start=\"361\" data-end=\"592\">Alt\u0131n\u00a0 zincir ve p\u0131rlanta detayl\u0131 \u00e7er\u00e7eve ile tamamlanan tasar\u0131m, renk ve \u0131\u015f\u0131k dengesini estetik bir \u015fekilde yans\u0131t\u0131r. G\u00fcnl\u00fck kullan\u0131mda enerjik bir dokunu\u015f sunarken, farkl\u0131 kombinlerde \u00f6ne \u00e7\u0131kan bir par\u00e7a olarak tercih edilebilir.<\/p>\n<p data-start=\"594\" data-end=\"725\">Hafif yap\u0131s\u0131 sayesinde konforlu bir kullan\u0131m sa\u011flayan bu kolye, anlam ta\u015f\u0131yan semboller ve dikkat \u00e7ekici detaylar\u0131 bir arada sunar.<\/p>","protected":false},"excerpt":{"rendered":"<p>Canl\u0131 turkuaz mine y\u00fczeyi ile \u00f6ne \u00e7\u0131kan bu nazarl\u0131k kolye, g\u00f6z formundaki merkezi detay\u0131yla dikkat \u00e7eker. Oval formdaki mine y\u00fczeyin<\/p>","protected":false},"featured_media":40745,"comment_status":"open","ping_status":"closed","template":"","meta":[],"product_brand":[],"product_cat":[247,75,198],"product_tag":[1476,1089,1328,2709,2715,2714,726,2717,1647,2673,1995,473,642,2704,2711,2712,273,1639,277,281,1204,729,284,474,2679,329,2713,2716,1632,476],"class_list":{"0":"post-40748","1":"product","2":"type-product","3":"status-publish","4":"has-post-thumbnail","6":"product_cat-hediyelik","7":"product_cat-kolye","8":"product_cat-eye-collection","9":"product_tag-altin-zincir-kolye","10":"product_tag-anlamli-kolye","11":"product_tag-blue-eye-necklace","12":"product_tag-dainty-necklace","13":"product_tag-enamel-necklace","14":"product_tag-enerji-kolyesi","15":"product_tag-evil-eye-necklace","16":"product_tag-evil-eye-pendant","17":"product_tag-gold-chain-necklace","18":"product_tag-goz-kolye","19":"product_tag-gunluk-kolye","20":"product_tag-kadin-kolye","21":"product_tag-lucky-charm-necklace","22":"product_tag-mavi-kolye","23":"product_tag-mine-kolye","24":"product_tag-mine-nazar-kolye","25":"product_tag-minimal-kolye","26":"product_tag-minimalist-jewelry","27":"product_tag-modern-kolye","28":"product_tag-nazar-boncuklu-kolye","29":"product_tag-nazarlik-kolye","30":"product_tag-protection-necklace","31":"product_tag-sans-kolyesi","32":"product_tag-sik-kolye","33":"product_tag-symbolic-jewelry","34":"product_tag-tasli-kolye","35":"product_tag-turkuaz-mine-kolye","36":"product_tag-turquoise-enamel-necklace","37":"product_tag-women-necklace","38":"product_tag-zarif-kolye","39":"pa_cinsiyet-kadin","41":"first","42":"instock","43":"shipping-taxable","44":"product-type-simple"},"_links":{"self":[{"href":"https:\/\/www.gasia.com.tr\/en\/wp-json\/wp\/v2\/product\/40748","targetHints":{"allow":["GET"]}}],"collection":[{"href":"https:\/\/www.gasia.com.tr\/en\/wp-json\/wp\/v2\/product"}],"about":[{"href":"https:\/\/www.gasia.com.tr\/en\/wp-json\/wp\/v2\/types\/product"}],"replies":[{"embeddable":true,"href":"https:\/\/www.gasia.com.tr\/en\/wp-json\/wp\/v2\/comments?post=40748"}],"version-history":[{"count":1,"href":"https:\/\/www.gasia.com.tr\/en\/wp-json\/wp\/v2\/product\/40748\/revisions"}],"predecessor-version":[{"id":40750,"href":"https:\/\/www.gasia.com.tr\/en\/wp-json\/wp\/v2\/product\/40748\/revisions\/40750"}],"wp:featuredmedia":[{"embeddable":true,"href":"https:\/\/www.gasia.com.tr\/en\/wp-json\/wp\/v2\/media\/40745"}],"wp:attachment":[{"href":"https:\/\/www.gasia.com.tr\/en\/wp-json\/wp\/v2\/media?parent=40748"}],"wp:term":[{"taxonomy":"product_brand","embeddable":true,"href":"https:\/\/www.gasia.com.tr\/en\/wp-json\/wp\/v2\/product_brand?post=40748"},{"taxonomy":"product_cat","embeddable":true,"href":"https:\/\/www.gasia.com.tr\/en\/wp-json\/wp\/v2\/product_cat?post=40748"},{"taxonomy":"product_tag","embeddable":true,"href":"https:\/\/www.gasia.com.tr\/en\/wp-json\/wp\/v2\/product_tag?post=40748"}],"curies":[{"name":"wp","href":"https:\/\/api.w.org\/{rel}","templated":true}]}}