{"id":40753,"date":"2026-03-05T00:00:00","date_gmt":"2026-03-04T21:00:00","guid":{"rendered":"https:\/\/www.gasia.com.tr\/?post_type=product&#038;p=40753"},"modified":"2026-04-07T21:37:48","modified_gmt":"2026-04-07T18:37:48","slug":"mine-detayli-fatma-ana-eli-kolye","status":"publish","type":"product","link":"https:\/\/www.gasia.com.tr\/en\/collections\/mine-detayli-fatma-ana-eli-kolye\/","title":{"rendered":"Mine Detayl\u0131 Fatima Ana Eli Kolye"},"content":{"rendered":"<p data-start=\"131\" data-end=\"392\">Parlak sar\u0131 mine y\u00fczeyi ile dikkat \u00e7eken bu Fatma Ana Eli kolye, geleneksel sembol\u00fc modern tasar\u0131m anlay\u0131\u015f\u0131yla bir araya getirir. Kolye ucunda yer alan el fig\u00fcr\u00fc, micro el i\u015f\u00e7ili\u011fi ile boyanm\u0131\u015f detaylar\u0131yla \u00f6ne \u00e7\u0131kar ve tasar\u0131ma \u00f6zg\u00fcn bir karakter kazand\u0131r\u0131r.<\/p>\n<p data-start=\"394\" data-end=\"579\">Etraf\u0131n\u0131 saran p\u0131rlanta ta\u015fl\u0131 \u00e7er\u00e7eve, mine y\u00fczeyin canl\u0131 tonunu vurgulayarak g\u00fc\u00e7l\u00fc bir kontrast olu\u015fturur. Alt\u0131n\u00a0 zincir ile tamamlanan tasar\u0131m, dengeli ve dikkat \u00e7ekici bir g\u00f6r\u00fcn\u00fcm sunar.<\/p>\n<p data-start=\"581\" data-end=\"799\">G\u00fcnl\u00fck kullan\u0131mda anlam ta\u015f\u0131yan bir aksesuar olarak tercih edilebilece\u011fi gibi, \u00f6zel anlarda da farkl\u0131 bir dokunu\u015f katmak i\u00e7in kullan\u0131labilir. Detay odakl\u0131 ve karakterli tasar\u0131mlar\u0131 sevenler i\u00e7in \u00f6ne \u00e7\u0131kan bir par\u00e7ad\u0131r.<\/p>","protected":false},"excerpt":{"rendered":"<ul>\n<li>18 Ayar Alt\u0131n<\/li>\n<li>925 Ayar Okside G\u00fcm\u00fc\u015f<\/li>\n<li>0,16 ct P\u0131rlanta<\/li>\n<li>42 cm Uzunlu\u011funda Zincir<\/li>\n<\/ul>","protected":false},"featured_media":40754,"comment_status":"open","ping_status":"closed","template":"","meta":[],"product_brand":[2719],"product_cat":[75,198],"product_tag":[1476,1089,2709,2723,2720,2715,2114,747,1647,1995,749,744,2725,2726,473,2722,2727,2711,1639,277,1204,2721,2724,474,2728,329,1632,2729,476],"class_list":{"0":"post-40753","1":"product","2":"type-product","3":"status-publish","4":"has-post-thumbnail","6":"product_brand-gasia-protect","7":"product_cat-kolye","8":"product_cat-eye-collection","9":"product_tag-altin-zincir-kolye","10":"product_tag-anlamli-kolye","11":"product_tag-dainty-necklace","12":"product_tag-el-boyama-kolye","13":"product_tag-el-figurlu-kolye","14":"product_tag-enamel-necklace","15":"product_tag-evil-eye-protection-necklace","16":"product_tag-fatma-ana-eli-kolye","17":"product_tag-gold-chain-necklace","18":"product_tag-gunluk-kolye","19":"product_tag-hamsa-kolye","20":"product_tag-hamsa-necklace","21":"product_tag-hand-of-fatima-necklace","22":"product_tag-hand-painted-necklace","23":"product_tag-kadin-kolye","24":"product_tag-micro-iscilik-kolye","25":"product_tag-micro-painted-jewelry","26":"product_tag-mine-kolye","27":"product_tag-minimalist-jewelry","28":"product_tag-modern-kolye","29":"product_tag-nazarlik-kolye","30":"product_tag-sari-mine-kolye","31":"product_tag-sembol-kolye","32":"product_tag-sik-kolye","33":"product_tag-symbolic-necklace","34":"product_tag-tasli-kolye","35":"product_tag-women-necklace","36":"product_tag-yellow-enamel-necklace","37":"product_tag-zarif-kolye","38":"pa_cinsiyet-kadin","40":"first","41":"instock","42":"sale","43":"shipping-taxable","44":"purchasable","45":"product-type-simple"},"_links":{"self":[{"href":"https:\/\/www.gasia.com.tr\/en\/wp-json\/wp\/v2\/product\/40753","targetHints":{"allow":["GET"]}}],"collection":[{"href":"https:\/\/www.gasia.com.tr\/en\/wp-json\/wp\/v2\/product"}],"about":[{"href":"https:\/\/www.gasia.com.tr\/en\/wp-json\/wp\/v2\/types\/product"}],"replies":[{"embeddable":true,"href":"https:\/\/www.gasia.com.tr\/en\/wp-json\/wp\/v2\/comments?post=40753"}],"version-history":[{"count":3,"href":"https:\/\/www.gasia.com.tr\/en\/wp-json\/wp\/v2\/product\/40753\/revisions"}],"predecessor-version":[{"id":41508,"href":"https:\/\/www.gasia.com.tr\/en\/wp-json\/wp\/v2\/product\/40753\/revisions\/41508"}],"wp:featuredmedia":[{"embeddable":true,"href":"https:\/\/www.gasia.com.tr\/en\/wp-json\/wp\/v2\/media\/40754"}],"wp:attachment":[{"href":"https:\/\/www.gasia.com.tr\/en\/wp-json\/wp\/v2\/media?parent=40753"}],"wp:term":[{"taxonomy":"product_brand","embeddable":true,"href":"https:\/\/www.gasia.com.tr\/en\/wp-json\/wp\/v2\/product_brand?post=40753"},{"taxonomy":"product_cat","embeddable":true,"href":"https:\/\/www.gasia.com.tr\/en\/wp-json\/wp\/v2\/product_cat?post=40753"},{"taxonomy":"product_tag","embeddable":true,"href":"https:\/\/www.gasia.com.tr\/en\/wp-json\/wp\/v2\/product_tag?post=40753"}],"curies":[{"name":"wp","href":"https:\/\/api.w.org\/{rel}","templated":true}]}}