{"id":40757,"date":"2026-01-11T00:00:00","date_gmt":"2026-01-10T21:00:00","guid":{"rendered":"https:\/\/www.gasia.com.tr\/?post_type=product&#038;p=40757"},"modified":"2026-03-27T09:18:35","modified_gmt":"2026-03-27T06:18:35","slug":"avustralya-safiri-pirlanta-goz-boncugu-kolye","status":"publish","type":"product","link":"https:\/\/www.gasia.com.tr\/en\/collections\/avustralya-safiri-pirlanta-goz-boncugu-kolye\/","title":{"rendered":"Avustralya Safiri ve P\u0131rlanta G\u00f6z Boncu\u011fu Kolye"},"content":{"rendered":"<p data-start=\"151\" data-end=\"439\">Derin mavi tonlar\u0131yla dikkat \u00e7eken Avustralya safiri ta\u015flarla tasarlanan bu g\u00f6z boncu\u011fu kolye, p\u0131rlanta detaylarla zenginle\u015ftirilmi\u015f \u00f6zel bir tasar\u0131md\u0131r. G\u00f6z formundaki yap\u0131, merkezde yer alan safir ta\u015f ve etraf\u0131n\u0131 saran p\u0131rlantalar ile birlikte dengeli ve etkileyici bir g\u00f6r\u00fcn\u00fcm sunar.<\/p>\n<p data-start=\"441\" data-end=\"669\">I\u015f\u0131\u011f\u0131 g\u00fc\u00e7l\u00fc \u015fekilde yans\u0131tan p\u0131rlanta ta\u015flar, safirin yo\u011fun rengi ile kontrast olu\u015fturarak kolyeye g\u00f6z al\u0131c\u0131 bir \u0131\u015f\u0131lt\u0131 kazand\u0131r\u0131r. Alt\u0131n \u00e7er\u00e7eve ile tamamlanan tasar\u0131m, hem dikkat \u00e7ekici hem de estetik bir b\u00fct\u00fcnl\u00fck sunar.<\/p>\n<p data-start=\"671\" data-end=\"903\">Geleneksel g\u00f6z boncu\u011fu formu modern bir yorumla ele al\u0131narak hem anlaml\u0131 hem de g\u00fc\u00e7l\u00fc bir stil ortaya \u00e7\u0131kar\u0131lm\u0131\u015ft\u0131r. G\u00fcnl\u00fck kullan\u0131mda \u00f6ne \u00e7\u0131kan bir par\u00e7a olurken, \u00f6zel anlarda da etkileyici bir tamamlay\u0131c\u0131 olarak tercih edilebilir.<\/p>","protected":false},"excerpt":{"rendered":"<p>Derin mavi tonlar\u0131yla dikkat \u00e7eken Avustralya safiri ta\u015flarla tasarlanan bu g\u00f6z boncu\u011fu kolye, p\u0131rlanta detaylarla zenginle\u015ftirilmi\u015f \u00f6zel bir tasar\u0131md\u0131r. G\u00f6z<\/p>","protected":false},"featured_media":40758,"comment_status":"open","ping_status":"closed","template":"","meta":[],"product_brand":[2719],"product_cat":[247,75,198],"product_tag":[1476,1089,2733,2730,1607,2709,294,2714,726,2717,1647,2148,1995,473,642,2732,273,1639,277,1204,276,729,1794,2731,284,1488,1795,474,489,2679,329,1632,476],"class_list":{"0":"post-40757","1":"product","2":"type-product","3":"status-publish","4":"has-post-thumbnail","6":"product_brand-gasia-protect","7":"product_cat-hediyelik","8":"product_cat-kolye","9":"product_cat-eye-collection","10":"product_tag-altin-zincir-kolye","11":"product_tag-anlamli-kolye","12":"product_tag-australian-sapphire-necklace","13":"product_tag-avustralya-safiri-kolye","14":"product_tag-blue-stone-necklace","15":"product_tag-dainty-necklace","16":"product_tag-diamond-necklace","17":"product_tag-enerji-kolyesi","18":"product_tag-evil-eye-necklace","19":"product_tag-evil-eye-pendant","20":"product_tag-gold-chain-necklace","21":"product_tag-goz-boncugu-kolye","22":"product_tag-gunluk-kolye","23":"product_tag-kadin-kolye","24":"product_tag-lucky-charm-necklace","25":"product_tag-mavi-tasli-kolye","26":"product_tag-minimal-kolye","27":"product_tag-minimalist-jewelry","28":"product_tag-modern-kolye","29":"product_tag-nazarlik-kolye","30":"product_tag-pirlanta-kolye","31":"product_tag-protection-necklace","32":"product_tag-safir-kolye","33":"product_tag-safir-pirlanta-kolye","34":"product_tag-sans-kolyesi","35":"product_tag-sapphire-diamond-necklace","36":"product_tag-sapphire-necklace","37":"product_tag-sik-kolye","38":"product_tag-statement-necklace","39":"product_tag-symbolic-jewelry","40":"product_tag-tasli-kolye","41":"product_tag-women-necklace","42":"product_tag-zarif-kolye","43":"pa_cinsiyet-kadin","45":"first","46":"instock","47":"shipping-taxable","48":"product-type-simple"},"_links":{"self":[{"href":"https:\/\/www.gasia.com.tr\/en\/wp-json\/wp\/v2\/product\/40757","targetHints":{"allow":["GET"]}}],"collection":[{"href":"https:\/\/www.gasia.com.tr\/en\/wp-json\/wp\/v2\/product"}],"about":[{"href":"https:\/\/www.gasia.com.tr\/en\/wp-json\/wp\/v2\/types\/product"}],"replies":[{"embeddable":true,"href":"https:\/\/www.gasia.com.tr\/en\/wp-json\/wp\/v2\/comments?post=40757"}],"version-history":[{"count":2,"href":"https:\/\/www.gasia.com.tr\/en\/wp-json\/wp\/v2\/product\/40757\/revisions"}],"predecessor-version":[{"id":40808,"href":"https:\/\/www.gasia.com.tr\/en\/wp-json\/wp\/v2\/product\/40757\/revisions\/40808"}],"wp:featuredmedia":[{"embeddable":true,"href":"https:\/\/www.gasia.com.tr\/en\/wp-json\/wp\/v2\/media\/40758"}],"wp:attachment":[{"href":"https:\/\/www.gasia.com.tr\/en\/wp-json\/wp\/v2\/media?parent=40757"}],"wp:term":[{"taxonomy":"product_brand","embeddable":true,"href":"https:\/\/www.gasia.com.tr\/en\/wp-json\/wp\/v2\/product_brand?post=40757"},{"taxonomy":"product_cat","embeddable":true,"href":"https:\/\/www.gasia.com.tr\/en\/wp-json\/wp\/v2\/product_cat?post=40757"},{"taxonomy":"product_tag","embeddable":true,"href":"https:\/\/www.gasia.com.tr\/en\/wp-json\/wp\/v2\/product_tag?post=40757"}],"curies":[{"name":"wp","href":"https:\/\/api.w.org\/{rel}","templated":true}]}}