{"id":40761,"date":"2026-01-11T00:00:00","date_gmt":"2026-01-10T21:00:00","guid":{"rendered":"https:\/\/www.gasia.com.tr\/?post_type=product&#038;p=40761"},"modified":"2026-04-02T15:10:24","modified_gmt":"2026-04-02T12:10:24","slug":"pirlanta-dokunuslu-mine-goz-kolye","status":"publish","type":"product","link":"https:\/\/www.gasia.com.tr\/en\/collections\/pirlanta-dokunuslu-mine-goz-kolye\/","title":{"rendered":"P\u0131rlanta Dokunu\u015flu Mine G\u00f6z Kolye"},"content":{"rendered":"<p data-start=\"95\" data-end=\"332\">Modern ve anlaml\u0131 tasar\u0131m\u0131yla \u00f6ne \u00e7\u0131kan bu g\u00f6z formundaki kolye, alt\u0131n, p\u0131rlanta ve mine detaylar\u0131n uyumuyla dikkat \u00e7eker. \u00dcst y\u00fczeyde yer alan beyaz mine, alt b\u00f6l\u00fcmdeki turkuaz mine ile birle\u015ferek dengeli ve estetik bir g\u00f6r\u00fcn\u00fcm sunar.<\/p>\n<p data-start=\"334\" data-end=\"547\">Merkezde konumlanan p\u0131rlanta ta\u015f ve etraf\u0131n\u0131 saran p\u0131rlanta detaylar, tasar\u0131ma \u0131\u015f\u0131lt\u0131 kazand\u0131r\u0131rken g\u00f6z formunu daha belirgin hale getirir. Alt\u0131n \u00e7er\u00e7eve ile tamamlanan kolye, sade ama etkileyici bir stil sunar.<\/p>\n<p data-start=\"549\" data-end=\"738\">G\u00fcnl\u00fck kullan\u0131mda zarif bir tamamlay\u0131c\u0131 olurken, \u00f6zel anlarda da anlam ta\u015f\u0131yan g\u00fc\u00e7l\u00fc bir aksesuar olarak \u00f6ne \u00e7\u0131kar. Minimal ve karakterli tasar\u0131mlar\u0131 tercih edenler i\u00e7in ideal bir se\u00e7imdir.<\/p>","protected":false},"excerpt":{"rendered":"<ul>\n<li>14 ayar alt\u0131n<\/li>\n<li>0.06 ct p\u0131rlanta<\/li>\n<li>45 cm zincir uzunluk<\/li>\n<\/ul>","protected":false},"featured_media":40762,"comment_status":"open","ping_status":"closed","template":"","meta":[],"product_brand":[2719],"product_cat":[247,75,198],"product_tag":[278,2734,1089,2736,2709,294,2715,726,2717,1175,322,2673,1995,473,2735,2711,273,1639,277,1087,1204,276,474,2679,2713,2716,2737,1632,476],"class_list":{"0":"post-40761","1":"product","2":"type-product","3":"status-publish","4":"has-post-thumbnail","6":"product_brand-gasia-protect","7":"product_cat-hediyelik","8":"product_cat-kolye","9":"product_cat-eye-collection","10":"product_tag-altin-kolye","11":"product_tag-altin-pirlanta-kolye","12":"product_tag-anlamli-kolye","13":"product_tag-beyaz-mine-kolye","14":"product_tag-dainty-necklace","15":"product_tag-diamond-necklace","16":"product_tag-enamel-necklace","17":"product_tag-evil-eye-necklace","18":"product_tag-evil-eye-pendant","19":"product_tag-gold-diamond-necklace","20":"product_tag-gold-necklace","21":"product_tag-goz-kolye","22":"product_tag-gunluk-kolye","23":"product_tag-kadin-kolye","24":"product_tag-mine-detayli-kolye","25":"product_tag-mine-kolye","26":"product_tag-minimal-kolye","27":"product_tag-minimalist-jewelry","28":"product_tag-modern-kolye","29":"product_tag-nazar-kolyesi","30":"product_tag-nazarlik-kolye","31":"product_tag-pirlanta-kolye","32":"product_tag-sik-kolye","33":"product_tag-symbolic-jewelry","34":"product_tag-turkuaz-mine-kolye","35":"product_tag-turquoise-enamel-necklace","36":"product_tag-white-enamel-necklace","37":"product_tag-women-necklace","38":"product_tag-zarif-kolye","39":"pa_cinsiyet-kadin","41":"first","42":"instock","43":"sale","44":"shipping-taxable","45":"purchasable","46":"product-type-simple"},"_links":{"self":[{"href":"https:\/\/www.gasia.com.tr\/en\/wp-json\/wp\/v2\/product\/40761","targetHints":{"allow":["GET"]}}],"collection":[{"href":"https:\/\/www.gasia.com.tr\/en\/wp-json\/wp\/v2\/product"}],"about":[{"href":"https:\/\/www.gasia.com.tr\/en\/wp-json\/wp\/v2\/types\/product"}],"replies":[{"embeddable":true,"href":"https:\/\/www.gasia.com.tr\/en\/wp-json\/wp\/v2\/comments?post=40761"}],"version-history":[{"count":2,"href":"https:\/\/www.gasia.com.tr\/en\/wp-json\/wp\/v2\/product\/40761\/revisions"}],"predecessor-version":[{"id":41286,"href":"https:\/\/www.gasia.com.tr\/en\/wp-json\/wp\/v2\/product\/40761\/revisions\/41286"}],"wp:featuredmedia":[{"embeddable":true,"href":"https:\/\/www.gasia.com.tr\/en\/wp-json\/wp\/v2\/media\/40762"}],"wp:attachment":[{"href":"https:\/\/www.gasia.com.tr\/en\/wp-json\/wp\/v2\/media?parent=40761"}],"wp:term":[{"taxonomy":"product_brand","embeddable":true,"href":"https:\/\/www.gasia.com.tr\/en\/wp-json\/wp\/v2\/product_brand?post=40761"},{"taxonomy":"product_cat","embeddable":true,"href":"https:\/\/www.gasia.com.tr\/en\/wp-json\/wp\/v2\/product_cat?post=40761"},{"taxonomy":"product_tag","embeddable":true,"href":"https:\/\/www.gasia.com.tr\/en\/wp-json\/wp\/v2\/product_tag?post=40761"}],"curies":[{"name":"wp","href":"https:\/\/api.w.org\/{rel}","templated":true}]}}