{"id":40765,"date":"2026-01-11T00:00:00","date_gmt":"2026-01-10T21:00:00","guid":{"rendered":"https:\/\/www.gasia.com.tr\/?post_type=product&#038;p=40765"},"modified":"2026-03-31T17:20:41","modified_gmt":"2026-03-31T14:20:41","slug":"el-isciligi-mine-nazar-damla-kolye","status":"publish","type":"product","link":"https:\/\/www.gasia.com.tr\/en\/collections\/el-isciligi-mine-nazar-damla-kolye\/","title":{"rendered":"El \u0130\u015f\u00e7ili\u011fi Mine Nazar Damla Kolye"},"content":{"rendered":"<p data-start=\"100\" data-end=\"347\">Damla formuyla dikkat \u00e7eken bu kolye, el i\u015f\u00e7ili\u011fi mine detaylar\u0131 ve nazar motifi ile anlam ve esteti\u011fi bir araya getirir. Parlak sar\u0131 mine zemin \u00fczerine i\u015flenen nazar deseni, merkezde yer alan detaylarla birlikte g\u00fc\u00e7l\u00fc bir g\u00f6rsel etki olu\u015fturur.<\/p>\n<p data-start=\"349\" data-end=\"542\">\u00c7evresini saran p\u0131rlanta detayl\u0131 \u00e7er\u00e7eve, tasar\u0131ma \u0131\u015f\u0131lt\u0131 katarken mine y\u00fczeyin canl\u0131 tonunu \u00f6n plana \u00e7\u0131kar\u0131r. El i\u015f\u00e7ili\u011fi ile olu\u015fturulan y\u00fczey dokusu, kolyeye \u00f6zg\u00fcn bir karakter kazand\u0131r\u0131r.<\/p>\n<p data-start=\"544\" data-end=\"766\">Alt\u0131n ton zincir ile tamamlanan bu tasar\u0131m, g\u00fcnl\u00fck kullan\u0131mda dikkat \u00e7ekici bir dokunu\u015f sunarken, \u00f6zel anlarda da anlaml\u0131 bir aksesuar olarak \u00f6ne \u00e7\u0131kar. Detay ve i\u015f\u00e7ilik odakl\u0131 tasar\u0131mlar\u0131 sevenler i\u00e7in ideal bir se\u00e7imdir.<\/p>","protected":false},"excerpt":{"rendered":"<p>Damla formuyla dikkat \u00e7eken bu kolye, el i\u015f\u00e7ili\u011fi mine detaylar\u0131 ve nazar motifi ile anlam ve esteti\u011fi bir araya getirir.<\/p>","protected":false},"featured_media":40767,"comment_status":"open","ping_status":"closed","template":"","meta":[],"product_brand":[],"product_cat":[247,75,198],"product_tag":[1476,1089,405,1824,294,2738,2723,1367,2715,726,1647,1995,2726,473,2711,2712,277,281,280,276,2721,2724,474,2679,329,1632,2729,476],"class_list":{"0":"post-40765","1":"product","2":"type-product","3":"status-publish","4":"has-post-thumbnail","6":"product_cat-hediyelik","7":"product_cat-kolye","8":"product_cat-eye-collection","9":"product_tag-altin-zincir-kolye","10":"product_tag-anlamli-kolye","11":"product_tag-artisan-jewelry","12":"product_tag-damla-kolye","13":"product_tag-diamond-necklace","14":"product_tag-drop-pendant-necklace","15":"product_tag-el-boyama-kolye","16":"product_tag-el-isciligi-kolye","17":"product_tag-enamel-necklace","18":"product_tag-evil-eye-necklace","19":"product_tag-gold-chain-necklace","20":"product_tag-gunluk-kolye","21":"product_tag-hand-painted-necklace","22":"product_tag-kadin-kolye","23":"product_tag-mine-kolye","24":"product_tag-mine-nazar-kolye","25":"product_tag-modern-kolye","26":"product_tag-nazar-boncuklu-kolye","27":"product_tag-nazar-kolye","28":"product_tag-pirlanta-kolye","29":"product_tag-sari-mine-kolye","30":"product_tag-sembol-kolye","31":"product_tag-sik-kolye","32":"product_tag-symbolic-jewelry","33":"product_tag-tasli-kolye","34":"product_tag-women-necklace","35":"product_tag-yellow-enamel-necklace","36":"product_tag-zarif-kolye","37":"pa_cinsiyet-kadin","39":"first","40":"instock","41":"shipping-taxable","42":"product-type-simple"},"_links":{"self":[{"href":"https:\/\/www.gasia.com.tr\/en\/wp-json\/wp\/v2\/product\/40765","targetHints":{"allow":["GET"]}}],"collection":[{"href":"https:\/\/www.gasia.com.tr\/en\/wp-json\/wp\/v2\/product"}],"about":[{"href":"https:\/\/www.gasia.com.tr\/en\/wp-json\/wp\/v2\/types\/product"}],"replies":[{"embeddable":true,"href":"https:\/\/www.gasia.com.tr\/en\/wp-json\/wp\/v2\/comments?post=40765"}],"version-history":[{"count":1,"href":"https:\/\/www.gasia.com.tr\/en\/wp-json\/wp\/v2\/product\/40765\/revisions"}],"predecessor-version":[{"id":40768,"href":"https:\/\/www.gasia.com.tr\/en\/wp-json\/wp\/v2\/product\/40765\/revisions\/40768"}],"wp:featuredmedia":[{"embeddable":true,"href":"https:\/\/www.gasia.com.tr\/en\/wp-json\/wp\/v2\/media\/40767"}],"wp:attachment":[{"href":"https:\/\/www.gasia.com.tr\/en\/wp-json\/wp\/v2\/media?parent=40765"}],"wp:term":[{"taxonomy":"product_brand","embeddable":true,"href":"https:\/\/www.gasia.com.tr\/en\/wp-json\/wp\/v2\/product_brand?post=40765"},{"taxonomy":"product_cat","embeddable":true,"href":"https:\/\/www.gasia.com.tr\/en\/wp-json\/wp\/v2\/product_cat?post=40765"},{"taxonomy":"product_tag","embeddable":true,"href":"https:\/\/www.gasia.com.tr\/en\/wp-json\/wp\/v2\/product_tag?post=40765"}],"curies":[{"name":"wp","href":"https:\/\/api.w.org\/{rel}","templated":true}]}}