{"id":40769,"date":"2026-01-11T00:00:00","date_gmt":"2026-01-10T21:00:00","guid":{"rendered":"https:\/\/www.gasia.com.tr\/?post_type=product&#038;p=40769"},"modified":"2026-03-27T09:18:34","modified_gmt":"2026-03-27T06:18:34","slug":"sari-safir-lacivert-safir-pirlanta-goz-kolye","status":"publish","type":"product","link":"https:\/\/www.gasia.com.tr\/en\/collections\/sari-safir-lacivert-safir-pirlanta-goz-kolye\/","title":{"rendered":"Sar\u0131 Safir Lacivert Safir P\u0131rlanta G\u00f6z Kolye"},"content":{"rendered":"<p data-start=\"116\" data-end=\"416\">Sar\u0131 safir ve lacivert safir ta\u015flar\u0131n p\u0131rlanta detaylarla birle\u015fti\u011fi bu g\u00f6z formundaki kolye, g\u00fc\u00e7l\u00fc renk kontrast\u0131 ve \u0131\u015f\u0131lt\u0131l\u0131 yap\u0131s\u0131yla dikkat \u00e7eker. G\u00f6z formunun merkezinde yer alan lacivert safir ta\u015flar, \u00e7evresindeki sar\u0131 safir ve p\u0131rlantalarla birlikte dengeli ve \u00e7arp\u0131c\u0131 bir g\u00f6r\u00fcn\u00fcm olu\u015fturur.<\/p>\n<p data-start=\"418\" data-end=\"654\">Alt\u0131n zemin \u00fczerine yerle\u015ftirilen ta\u015flar, \u0131\u015f\u0131\u011f\u0131 farkl\u0131 a\u00e7\u0131lardan yans\u0131tarak kolyeye canl\u0131 ve dinamik bir etki kazand\u0131r\u0131r. G\u00f6z sembol\u00fc, estetik g\u00f6r\u00fcn\u00fcm\u00fcn\u00fcn yan\u0131 s\u0131ra anlam ta\u015f\u0131yan bir detay olarak tasar\u0131m\u0131n karakterini g\u00fc\u00e7lendirir.<\/p>\n<p data-start=\"656\" data-end=\"861\">G\u00fcnl\u00fck kullan\u0131mda stilinize dikkat \u00e7ekici bir dokunu\u015f katarken, \u00f6zel anlarda da \u00f6ne \u00e7\u0131kan bir aksesuar olarak tercih edilebilir. Renkli ta\u015f ve p\u0131rlanta kombinasyonlar\u0131n\u0131 sevenler i\u00e7in g\u00fc\u00e7l\u00fc bir se\u00e7enektir.<\/p>","protected":false},"excerpt":{"rendered":"<p>Sar\u0131 safir ve lacivert safir ta\u015flar\u0131n p\u0131rlanta detaylarla birle\u015fti\u011fi bu g\u00f6z formundaki kolye, g\u00fc\u00e7l\u00fc renk kontrast\u0131 ve \u0131\u015f\u0131lt\u0131l\u0131 yap\u0131s\u0131yla dikkat<\/p>","protected":false},"featured_media":40770,"comment_status":"open","ping_status":"closed","template":"","meta":[],"product_brand":[2719],"product_cat":[247,75,198],"product_tag":[278,1089,1733,2709,294,726,2717,322,2673,1995,473,2740,273,1639,277,1204,276,2741,1794,2731,1488,1795,2739,474,489,1632,2742,476],"class_list":{"0":"post-40769","1":"product","2":"type-product","3":"status-publish","4":"has-post-thumbnail","6":"product_brand-gasia-protect","7":"product_cat-hediyelik","8":"product_cat-kolye","9":"product_cat-eye-collection","10":"product_tag-altin-kolye","11":"product_tag-anlamli-kolye","12":"product_tag-blue-sapphire-necklace","13":"product_tag-dainty-necklace","14":"product_tag-diamond-necklace","15":"product_tag-evil-eye-necklace","16":"product_tag-evil-eye-pendant","17":"product_tag-gold-necklace","18":"product_tag-goz-kolye","19":"product_tag-gunluk-kolye","20":"product_tag-kadin-kolye","21":"product_tag-lacivert-safir-kolye","22":"product_tag-minimal-kolye","23":"product_tag-minimalist-jewelry","24":"product_tag-modern-kolye","25":"product_tag-nazarlik-kolye","26":"product_tag-pirlanta-kolye","27":"product_tag-renkli-tasli-kolye","28":"product_tag-safir-kolye","29":"product_tag-safir-pirlanta-kolye","30":"product_tag-sapphire-diamond-necklace","31":"product_tag-sapphire-necklace","32":"product_tag-sari-safir-kolye","33":"product_tag-sik-kolye","34":"product_tag-statement-necklace","35":"product_tag-women-necklace","36":"product_tag-yellow-sapphire-necklace","37":"product_tag-zarif-kolye","38":"pa_cinsiyet-kadin","40":"first","41":"instock","42":"shipping-taxable","43":"product-type-simple"},"_links":{"self":[{"href":"https:\/\/www.gasia.com.tr\/en\/wp-json\/wp\/v2\/product\/40769","targetHints":{"allow":["GET"]}}],"collection":[{"href":"https:\/\/www.gasia.com.tr\/en\/wp-json\/wp\/v2\/product"}],"about":[{"href":"https:\/\/www.gasia.com.tr\/en\/wp-json\/wp\/v2\/types\/product"}],"replies":[{"embeddable":true,"href":"https:\/\/www.gasia.com.tr\/en\/wp-json\/wp\/v2\/comments?post=40769"}],"version-history":[{"count":2,"href":"https:\/\/www.gasia.com.tr\/en\/wp-json\/wp\/v2\/product\/40769\/revisions"}],"predecessor-version":[{"id":40773,"href":"https:\/\/www.gasia.com.tr\/en\/wp-json\/wp\/v2\/product\/40769\/revisions\/40773"}],"wp:featuredmedia":[{"embeddable":true,"href":"https:\/\/www.gasia.com.tr\/en\/wp-json\/wp\/v2\/media\/40770"}],"wp:attachment":[{"href":"https:\/\/www.gasia.com.tr\/en\/wp-json\/wp\/v2\/media?parent=40769"}],"wp:term":[{"taxonomy":"product_brand","embeddable":true,"href":"https:\/\/www.gasia.com.tr\/en\/wp-json\/wp\/v2\/product_brand?post=40769"},{"taxonomy":"product_cat","embeddable":true,"href":"https:\/\/www.gasia.com.tr\/en\/wp-json\/wp\/v2\/product_cat?post=40769"},{"taxonomy":"product_tag","embeddable":true,"href":"https:\/\/www.gasia.com.tr\/en\/wp-json\/wp\/v2\/product_tag?post=40769"}],"curies":[{"name":"wp","href":"https:\/\/api.w.org\/{rel}","templated":true}]}}