{"id":40774,"date":"2026-01-11T00:00:00","date_gmt":"2026-01-10T21:00:00","guid":{"rendered":"https:\/\/www.gasia.com.tr\/?post_type=product&#038;p=40774"},"modified":"2026-03-26T16:56:33","modified_gmt":"2026-03-26T13:56:33","slug":"pirlanta-detayli-mine-nazar-kolye","status":"publish","type":"product","link":"https:\/\/www.gasia.com.tr\/en\/collections\/pirlanta-detayli-mine-nazar-kolye\/","title":{"rendered":"P\u0131rlanta Detayl\u0131 Mine Nazar Kolye"},"content":{"rendered":"<p data-start=\"99\" data-end=\"330\">Turkuaz mine y\u00fczeyi ve p\u0131rlanta detayl\u0131 \u00e7er\u00e7evesi ile tasarlanan bu nazar kolye, sade ama dikkat \u00e7ekici bir g\u00f6r\u00fcn\u00fcm sunar. G\u00f6z formundaki tasar\u0131m, merkezde yer alan nazar detay\u0131yla birlikte dengeli ve estetik bir b\u00fct\u00fcn olu\u015fturur.<\/p>\n<p data-start=\"332\" data-end=\"564\">\u00c7evresini saran p\u0131rlantalar \u0131\u015f\u0131\u011f\u0131 g\u00fc\u00e7l\u00fc \u015fekilde yans\u0131tarak kolyeye \u0131\u015f\u0131lt\u0131 kazand\u0131r\u0131rken, mine y\u00fczeyin canl\u0131 rengi ile kontrast olu\u015fturarak tasar\u0131m\u0131 \u00f6ne \u00e7\u0131kar\u0131r. Alt\u0131n ton zincir ile tamamlanan form, modern ve zarif bir stil sunar.<\/p>\n<p data-start=\"566\" data-end=\"759\">G\u00fcnl\u00fck kullan\u0131mda \u015f\u0131kl\u0131\u011f\u0131 tamamlayan bir par\u00e7a olurken, \u00f6zel anlarda da anlam ta\u015f\u0131yan bir aksesuar olarak tercih edilebilir. Minimal ama karakterli tasar\u0131mlar\u0131 sevenler i\u00e7in ideal bir se\u00e7imdir.<\/p>","protected":false},"excerpt":{"rendered":"<p>Turkuaz mine y\u00fczeyi ve p\u0131rlanta detayl\u0131 \u00e7er\u00e7evesi ile tasarlanan bu nazar kolye, sade ama dikkat \u00e7ekici bir g\u00f6r\u00fcn\u00fcm sunar. G\u00f6z<\/p>","protected":false},"featured_media":40775,"comment_status":"open","ping_status":"closed","template":"","meta":[],"product_brand":[2719],"product_cat":[247,75,198],"product_tag":[1089,2709,294,2715,726,2717,322,2673,1995,473,2711,2712,273,1639,277,281,280,276,2743,474,2679,329,2713,2716,1632,476],"class_list":{"0":"post-40774","1":"product","2":"type-product","3":"status-publish","4":"has-post-thumbnail","6":"product_brand-gasia-protect","7":"product_cat-hediyelik","8":"product_cat-kolye","9":"product_cat-eye-collection","10":"product_tag-anlamli-kolye","11":"product_tag-dainty-necklace","12":"product_tag-diamond-necklace","13":"product_tag-enamel-necklace","14":"product_tag-evil-eye-necklace","15":"product_tag-evil-eye-pendant","16":"product_tag-gold-necklace","17":"product_tag-goz-kolye","18":"product_tag-gunluk-kolye","19":"product_tag-kadin-kolye","20":"product_tag-mine-kolye","21":"product_tag-mine-nazar-kolye","22":"product_tag-minimal-kolye","23":"product_tag-minimalist-jewelry","24":"product_tag-modern-kolye","25":"product_tag-nazar-boncuklu-kolye","26":"product_tag-nazar-kolye","27":"product_tag-pirlanta-kolye","28":"product_tag-pirlanta-nazar-kolye","29":"product_tag-sik-kolye","30":"product_tag-symbolic-jewelry","31":"product_tag-tasli-kolye","32":"product_tag-turkuaz-mine-kolye","33":"product_tag-turquoise-enamel-necklace","34":"product_tag-women-necklace","35":"product_tag-zarif-kolye","36":"pa_cinsiyet-kadin","38":"first","39":"instock","40":"shipping-taxable","41":"product-type-simple"},"_links":{"self":[{"href":"https:\/\/www.gasia.com.tr\/en\/wp-json\/wp\/v2\/product\/40774","targetHints":{"allow":["GET"]}}],"collection":[{"href":"https:\/\/www.gasia.com.tr\/en\/wp-json\/wp\/v2\/product"}],"about":[{"href":"https:\/\/www.gasia.com.tr\/en\/wp-json\/wp\/v2\/types\/product"}],"replies":[{"embeddable":true,"href":"https:\/\/www.gasia.com.tr\/en\/wp-json\/wp\/v2\/comments?post=40774"}],"version-history":[{"count":1,"href":"https:\/\/www.gasia.com.tr\/en\/wp-json\/wp\/v2\/product\/40774\/revisions"}],"predecessor-version":[{"id":40776,"href":"https:\/\/www.gasia.com.tr\/en\/wp-json\/wp\/v2\/product\/40774\/revisions\/40776"}],"wp:featuredmedia":[{"embeddable":true,"href":"https:\/\/www.gasia.com.tr\/en\/wp-json\/wp\/v2\/media\/40775"}],"wp:attachment":[{"href":"https:\/\/www.gasia.com.tr\/en\/wp-json\/wp\/v2\/media?parent=40774"}],"wp:term":[{"taxonomy":"product_brand","embeddable":true,"href":"https:\/\/www.gasia.com.tr\/en\/wp-json\/wp\/v2\/product_brand?post=40774"},{"taxonomy":"product_cat","embeddable":true,"href":"https:\/\/www.gasia.com.tr\/en\/wp-json\/wp\/v2\/product_cat?post=40774"},{"taxonomy":"product_tag","embeddable":true,"href":"https:\/\/www.gasia.com.tr\/en\/wp-json\/wp\/v2\/product_tag?post=40774"}],"curies":[{"name":"wp","href":"https:\/\/api.w.org\/{rel}","templated":true}]}}