{"id":40777,"date":"2026-01-11T00:00:00","date_gmt":"2026-01-10T21:00:00","guid":{"rendered":"https:\/\/www.gasia.com.tr\/?post_type=product&#038;p=40777"},"modified":"2026-03-27T09:18:34","modified_gmt":"2026-03-27T06:18:34","slug":"pirlanta-cerceveli-mine-nazar-goz-kolye","status":"publish","type":"product","link":"https:\/\/www.gasia.com.tr\/en\/collections\/pirlanta-cerceveli-mine-nazar-goz-kolye\/","title":{"rendered":"P\u0131rlanta \u00c7er\u00e7eveli Mine Nazar G\u00f6z Kolye"},"content":{"rendered":"<p data-start=\"105\" data-end=\"329\">Turkuaz mine y\u00fczeyi ve p\u0131rlanta \u00e7er\u00e7evesi ile tasarlanan bu nazar g\u00f6z kolye, sade ve etkileyici bir g\u00f6r\u00fcn\u00fcm sunar. G\u00f6z formundaki tasar\u0131m, merkezde yer alan nazar detay\u0131 ile birlikte dengeli ve estetik bir b\u00fct\u00fcn olu\u015fturur.<\/p>\n<p data-start=\"331\" data-end=\"566\">Etraf\u0131n\u0131 saran p\u0131rlantalar \u0131\u015f\u0131\u011f\u0131 g\u00fc\u00e7l\u00fc \u015fekilde yans\u0131tarak kolyeye \u0131\u015f\u0131lt\u0131 kazand\u0131r\u0131rken, mine y\u00fczeyin canl\u0131 tonu ile kontrast olu\u015fturarak tasar\u0131m\u0131 \u00f6n plana \u00e7\u0131kar\u0131r. Alt\u0131n\u00a0 zincir ile tamamlanan form, modern ve zarif bir stil sunar.<\/p>\n<p data-start=\"568\" data-end=\"760\">G\u00fcnl\u00fck kullan\u0131mda \u015f\u0131kl\u0131\u011f\u0131 tamamlayan bir par\u00e7a olurken, \u00f6zel anlarda da anlam ta\u015f\u0131yan bir aksesuar olarak tercih edilebilir. Minimal ve karakterli tasar\u0131mlar\u0131 sevenler i\u00e7in ideal bir se\u00e7imdir.<\/p>","protected":false},"excerpt":{"rendered":"<p>Turkuaz mine y\u00fczeyi ve p\u0131rlanta \u00e7er\u00e7evesi ile tasarlanan bu nazar g\u00f6z kolye, sade ve etkileyici bir g\u00f6r\u00fcn\u00fcm sunar. G\u00f6z formundaki<\/p>","protected":false},"featured_media":40778,"comment_status":"open","ping_status":"closed","template":"","meta":[],"product_brand":[2719],"product_cat":[75,198],"product_tag":[1089,2709,294,2715,726,2717,322,2673,1995,473,2711,2712,273,1639,277,281,280,276,2743,474,2679,329,2713,2716,1632,476],"class_list":{"0":"post-40777","1":"product","2":"type-product","3":"status-publish","4":"has-post-thumbnail","6":"product_brand-gasia-protect","7":"product_cat-kolye","8":"product_cat-eye-collection","9":"product_tag-anlamli-kolye","10":"product_tag-dainty-necklace","11":"product_tag-diamond-necklace","12":"product_tag-enamel-necklace","13":"product_tag-evil-eye-necklace","14":"product_tag-evil-eye-pendant","15":"product_tag-gold-necklace","16":"product_tag-goz-kolye","17":"product_tag-gunluk-kolye","18":"product_tag-kadin-kolye","19":"product_tag-mine-kolye","20":"product_tag-mine-nazar-kolye","21":"product_tag-minimal-kolye","22":"product_tag-minimalist-jewelry","23":"product_tag-modern-kolye","24":"product_tag-nazar-boncuklu-kolye","25":"product_tag-nazar-kolye","26":"product_tag-pirlanta-kolye","27":"product_tag-pirlanta-nazar-kolye","28":"product_tag-sik-kolye","29":"product_tag-symbolic-jewelry","30":"product_tag-tasli-kolye","31":"product_tag-turkuaz-mine-kolye","32":"product_tag-turquoise-enamel-necklace","33":"product_tag-women-necklace","34":"product_tag-zarif-kolye","35":"pa_cinsiyet-kadin","37":"first","38":"instock","39":"shipping-taxable","40":"product-type-simple"},"_links":{"self":[{"href":"https:\/\/www.gasia.com.tr\/en\/wp-json\/wp\/v2\/product\/40777","targetHints":{"allow":["GET"]}}],"collection":[{"href":"https:\/\/www.gasia.com.tr\/en\/wp-json\/wp\/v2\/product"}],"about":[{"href":"https:\/\/www.gasia.com.tr\/en\/wp-json\/wp\/v2\/types\/product"}],"replies":[{"embeddable":true,"href":"https:\/\/www.gasia.com.tr\/en\/wp-json\/wp\/v2\/comments?post=40777"}],"version-history":[{"count":1,"href":"https:\/\/www.gasia.com.tr\/en\/wp-json\/wp\/v2\/product\/40777\/revisions"}],"predecessor-version":[{"id":40779,"href":"https:\/\/www.gasia.com.tr\/en\/wp-json\/wp\/v2\/product\/40777\/revisions\/40779"}],"wp:featuredmedia":[{"embeddable":true,"href":"https:\/\/www.gasia.com.tr\/en\/wp-json\/wp\/v2\/media\/40778"}],"wp:attachment":[{"href":"https:\/\/www.gasia.com.tr\/en\/wp-json\/wp\/v2\/media?parent=40777"}],"wp:term":[{"taxonomy":"product_brand","embeddable":true,"href":"https:\/\/www.gasia.com.tr\/en\/wp-json\/wp\/v2\/product_brand?post=40777"},{"taxonomy":"product_cat","embeddable":true,"href":"https:\/\/www.gasia.com.tr\/en\/wp-json\/wp\/v2\/product_cat?post=40777"},{"taxonomy":"product_tag","embeddable":true,"href":"https:\/\/www.gasia.com.tr\/en\/wp-json\/wp\/v2\/product_tag?post=40777"}],"curies":[{"name":"wp","href":"https:\/\/api.w.org\/{rel}","templated":true}]}}