{"id":40780,"date":"2026-03-05T00:00:00","date_gmt":"2026-03-04T21:00:00","guid":{"rendered":"https:\/\/www.gasia.com.tr\/?post_type=product&#038;p=40780"},"modified":"2026-04-07T21:39:09","modified_gmt":"2026-04-07T18:39:09","slug":"pirlanta-cerceveli-mine-fatma-ana-eli-kolye","status":"publish","type":"product","link":"https:\/\/www.gasia.com.tr\/en\/collections\/pirlanta-cerceveli-mine-fatma-ana-eli-kolye\/","title":{"rendered":"P\u0131rlanta \u00c7er\u00e7eveli Mine Fatima Ana Eli Kolye"},"content":{"rendered":"<p data-start=\"109\" data-end=\"358\">Geleneksel sembol\u00fc modern i\u015f\u00e7ilikle bulu\u015fturan bu Fatma Ana Eli kolye, mine y\u00fczey ve p\u0131rlanta detaylar\u0131n uyumuyla dikkat \u00e7eker. Beyaz mine zemin \u00fczerinde yer alan el fig\u00fcr\u00fc, canl\u0131 renklerle i\u015flenmi\u015f detaylar\u0131 sayesinde g\u00fc\u00e7l\u00fc bir g\u00f6rsel etki sunar.<\/p>\n<p data-start=\"360\" data-end=\"556\">Merkezde konumlanan g\u00f6z motifi, tasar\u0131ma anlam katarken etraf\u0131n\u0131 saran p\u0131rlanta \u00e7er\u00e7eve kolyeye \u0131\u015f\u0131lt\u0131 kazand\u0131r\u0131r. Alt\u0131n zincir ile tamamlanan form, dengeli ve estetik bir g\u00f6r\u00fcn\u00fcm olu\u015fturur.<\/p>\n<p data-start=\"558\" data-end=\"762\">G\u00fcnl\u00fck kullan\u0131mda anlaml\u0131 bir aksesuar olarak tercih edilebilece\u011fi gibi, \u00f6zel anlarda da dikkat \u00e7ekici bir par\u00e7a olarak \u00f6ne \u00e7\u0131kar. El i\u015f\u00e7ili\u011fi ve detay odakl\u0131 tasar\u0131mlar\u0131 sevenler i\u00e7in ideal bir se\u00e7imdir.<\/p>","protected":false},"excerpt":{"rendered":"<ul>\n<li>18 Alt\u0131n<\/li>\n<li>0,12 ct P\u0131rlanta<\/li>\n<li>42 cm uzunlu\u011funda zincir<\/li>\n<\/ul>","protected":false},"featured_media":40781,"comment_status":"open","ping_status":"closed","template":"","meta":[],"product_brand":[],"product_cat":[75,198],"product_tag":[1476,1089,2709,294,2720,2715,726,747,322,2673,1995,749,744,2725,473,2745,2711,277,1204,2744,276,2724,474,489,2679,1632,476],"class_list":{"0":"post-40780","1":"product","2":"type-product","3":"status-publish","4":"has-post-thumbnail","6":"product_cat-kolye","7":"product_cat-eye-collection","8":"product_tag-altin-zincir-kolye","9":"product_tag-anlamli-kolye","10":"product_tag-dainty-necklace","11":"product_tag-diamond-necklace","12":"product_tag-el-figurlu-kolye","13":"product_tag-enamel-necklace","14":"product_tag-evil-eye-necklace","15":"product_tag-fatma-ana-eli-kolye","16":"product_tag-gold-necklace","17":"product_tag-goz-kolye","18":"product_tag-gunluk-kolye","19":"product_tag-hamsa-kolye","20":"product_tag-hamsa-necklace","21":"product_tag-hand-of-fatima-necklace","22":"product_tag-kadin-kolye","23":"product_tag-mine-fatma-eli-kolye","24":"product_tag-mine-kolye","25":"product_tag-modern-kolye","26":"product_tag-nazarlik-kolye","27":"product_tag-pirlanta-cerceveli-kolye","28":"product_tag-pirlanta-kolye","29":"product_tag-sembol-kolye","30":"product_tag-sik-kolye","31":"product_tag-statement-necklace","32":"product_tag-symbolic-jewelry","33":"product_tag-women-necklace","34":"product_tag-zarif-kolye","35":"pa_cinsiyet-kadin","37":"first","38":"instock","39":"shipping-taxable","40":"purchasable","41":"product-type-simple"},"_links":{"self":[{"href":"https:\/\/www.gasia.com.tr\/en\/wp-json\/wp\/v2\/product\/40780","targetHints":{"allow":["GET"]}}],"collection":[{"href":"https:\/\/www.gasia.com.tr\/en\/wp-json\/wp\/v2\/product"}],"about":[{"href":"https:\/\/www.gasia.com.tr\/en\/wp-json\/wp\/v2\/types\/product"}],"replies":[{"embeddable":true,"href":"https:\/\/www.gasia.com.tr\/en\/wp-json\/wp\/v2\/comments?post=40780"}],"version-history":[{"count":2,"href":"https:\/\/www.gasia.com.tr\/en\/wp-json\/wp\/v2\/product\/40780\/revisions"}],"predecessor-version":[{"id":41307,"href":"https:\/\/www.gasia.com.tr\/en\/wp-json\/wp\/v2\/product\/40780\/revisions\/41307"}],"wp:featuredmedia":[{"embeddable":true,"href":"https:\/\/www.gasia.com.tr\/en\/wp-json\/wp\/v2\/media\/40781"}],"wp:attachment":[{"href":"https:\/\/www.gasia.com.tr\/en\/wp-json\/wp\/v2\/media?parent=40780"}],"wp:term":[{"taxonomy":"product_brand","embeddable":true,"href":"https:\/\/www.gasia.com.tr\/en\/wp-json\/wp\/v2\/product_brand?post=40780"},{"taxonomy":"product_cat","embeddable":true,"href":"https:\/\/www.gasia.com.tr\/en\/wp-json\/wp\/v2\/product_cat?post=40780"},{"taxonomy":"product_tag","embeddable":true,"href":"https:\/\/www.gasia.com.tr\/en\/wp-json\/wp\/v2\/product_tag?post=40780"}],"curies":[{"name":"wp","href":"https:\/\/api.w.org\/{rel}","templated":true}]}}