{"id":40784,"date":"2026-01-11T00:00:00","date_gmt":"2026-01-10T21:00:00","guid":{"rendered":"https:\/\/www.gasia.com.tr\/?post_type=product&#038;p=40784"},"modified":"2026-04-02T15:10:58","modified_gmt":"2026-04-02T12:10:58","slug":"pirlanta-detayli-altin-nazar-goz-kolye","status":"publish","type":"product","link":"https:\/\/www.gasia.com.tr\/en\/collections\/pirlanta-detayli-altin-nazar-goz-kolye\/","title":{"rendered":"P\u0131rlanta Detayl\u0131 Alt\u0131n Nazar G\u00f6z Kolye"},"content":{"rendered":"<p data-start=\"104\" data-end=\"318\">Alt\u0131n form \u00fczerine tasarlanan bu nazar g\u00f6z kolye, merkezde yer alan canl\u0131 turkuaz tonlu g\u00f6z detay\u0131 ve p\u0131rlanta s\u00fcslemeleri ile dikkat \u00e7eker. Minimal ama etkileyici tasar\u0131m\u0131 sayesinde g\u00fc\u00e7l\u00fc bir stil ifadesi sunar.<\/p>\n<p data-start=\"320\" data-end=\"526\">\u00dcst k\u0131sm\u0131nda yer alan p\u0131rlanta detaylar, \u0131\u015f\u0131\u011f\u0131 yans\u0131tarak kolyeye \u0131\u015f\u0131lt\u0131 kazand\u0131r\u0131rken, merkezdeki g\u00f6z formu tasar\u0131ma anlam ve karakter katar. A\u00e7\u0131k form yap\u0131s\u0131 sayesinde hafif ve modern bir g\u00f6r\u00fcn\u00fcm sunar.<\/p>\n<p data-start=\"528\" data-end=\"723\">G\u00fcnl\u00fck kullan\u0131mda zarif bir tamamlay\u0131c\u0131 olarak tercih edilebilece\u011fi gibi, \u00f6zel anlarda da dikkat \u00e7ekici bir aksesuar olarak \u00f6ne \u00e7\u0131kar. Sade ama g\u00fc\u00e7l\u00fc tasar\u0131mlar\u0131 sevenler i\u00e7in ideal bir se\u00e7imdir.<\/p>","protected":false},"excerpt":{"rendered":"<p>Alt\u0131n form \u00fczerine tasarlanan bu nazar g\u00f6z kolye, merkezde yer alan canl\u0131 turkuaz tonlu g\u00f6z detay\u0131 ve p\u0131rlanta s\u00fcslemeleri ile<\/p>","protected":false},"featured_media":40785,"comment_status":"open","ping_status":"closed","template":"","meta":[],"product_brand":[2719],"product_cat":[75,198],"product_tag":[2746,278,1089,2709,294,726,2717,322,2673,1995,473,273,1639,742,277,281,280,276,2743,2724,474,2679,1632,476],"class_list":{"0":"post-40784","1":"product","2":"type-product","3":"status-publish","4":"has-post-thumbnail","6":"product_brand-gasia-protect","7":"product_cat-kolye","8":"product_cat-eye-collection","9":"product_tag-altin-goz-kolye","10":"product_tag-altin-kolye","11":"product_tag-anlamli-kolye","12":"product_tag-dainty-necklace","13":"product_tag-diamond-necklace","14":"product_tag-evil-eye-necklace","15":"product_tag-evil-eye-pendant","16":"product_tag-gold-necklace","17":"product_tag-goz-kolye","18":"product_tag-gunluk-kolye","19":"product_tag-kadin-kolye","20":"product_tag-minimal-kolye","21":"product_tag-minimalist-jewelry","22":"product_tag-modern-jewelry","23":"product_tag-modern-kolye","24":"product_tag-nazar-boncuklu-kolye","25":"product_tag-nazar-kolye","26":"product_tag-pirlanta-kolye","27":"product_tag-pirlanta-nazar-kolye","28":"product_tag-sembol-kolye","29":"product_tag-sik-kolye","30":"product_tag-symbolic-jewelry","31":"product_tag-women-necklace","32":"product_tag-zarif-kolye","33":"pa_cinsiyet-kadin","35":"first","36":"instock","37":"shipping-taxable","38":"product-type-simple"},"_links":{"self":[{"href":"https:\/\/www.gasia.com.tr\/en\/wp-json\/wp\/v2\/product\/40784","targetHints":{"allow":["GET"]}}],"collection":[{"href":"https:\/\/www.gasia.com.tr\/en\/wp-json\/wp\/v2\/product"}],"about":[{"href":"https:\/\/www.gasia.com.tr\/en\/wp-json\/wp\/v2\/types\/product"}],"replies":[{"embeddable":true,"href":"https:\/\/www.gasia.com.tr\/en\/wp-json\/wp\/v2\/comments?post=40784"}],"version-history":[{"count":1,"href":"https:\/\/www.gasia.com.tr\/en\/wp-json\/wp\/v2\/product\/40784\/revisions"}],"predecessor-version":[{"id":40786,"href":"https:\/\/www.gasia.com.tr\/en\/wp-json\/wp\/v2\/product\/40784\/revisions\/40786"}],"wp:featuredmedia":[{"embeddable":true,"href":"https:\/\/www.gasia.com.tr\/en\/wp-json\/wp\/v2\/media\/40785"}],"wp:attachment":[{"href":"https:\/\/www.gasia.com.tr\/en\/wp-json\/wp\/v2\/media?parent=40784"}],"wp:term":[{"taxonomy":"product_brand","embeddable":true,"href":"https:\/\/www.gasia.com.tr\/en\/wp-json\/wp\/v2\/product_brand?post=40784"},{"taxonomy":"product_cat","embeddable":true,"href":"https:\/\/www.gasia.com.tr\/en\/wp-json\/wp\/v2\/product_cat?post=40784"},{"taxonomy":"product_tag","embeddable":true,"href":"https:\/\/www.gasia.com.tr\/en\/wp-json\/wp\/v2\/product_tag?post=40784"}],"curies":[{"name":"wp","href":"https:\/\/api.w.org\/{rel}","templated":true}]}}