{"id":40790,"date":"2026-03-05T08:00:00","date_gmt":"2026-03-05T05:00:00","guid":{"rendered":"https:\/\/www.gasia.com.tr\/?post_type=product&#038;p=40790"},"modified":"2026-03-31T16:05:27","modified_gmt":"2026-03-31T13:05:27","slug":"lapis-tasli-pirlanta-fatma-ana-eli-kolye","status":"publish","type":"product","link":"https:\/\/www.gasia.com.tr\/en\/collections\/lapis-tasli-pirlanta-fatma-ana-eli-kolye\/","title":{"rendered":"Lapis Ta\u015fl\u0131 P\u0131rlanta Fatima Ana Eli Kolye"},"content":{"rendered":"<p data-start=\"106\" data-end=\"359\">Derin mavi tonlar\u0131yla \u00f6ne \u00e7\u0131kan lapis ta\u015f ve p\u0131rlanta detaylar\u0131n birle\u015fimiyle tasarlanan bu Fatma Ana Eli kolye, g\u00fc\u00e7l\u00fc ve zarif bir g\u00f6r\u00fcn\u00fcm sunar. El formunda kullan\u0131lan lapis ta\u015f, do\u011fal dokusu ve hafif \u0131\u015f\u0131lt\u0131l\u0131 y\u00fczeyiyle tasar\u0131ma karakter kazand\u0131r\u0131r.<\/p>\n<p data-start=\"361\" data-end=\"627\">\u00dcst b\u00f6l\u00fcmde yer alan p\u0131rlanta detaylar kolyeye \u0131\u015f\u0131lt\u0131 katarken, alt\u0131n \u00e7er\u00e7eve ile birle\u015ferek dengeli ve estetik bir g\u00f6r\u00fcn\u00fcm olu\u015fturur. Geleneksel Fatma Ana Eli sembol\u00fc modern bir yorumla ele al\u0131narak hem anlaml\u0131 hem de stil sahibi bir tasar\u0131m ortaya \u00e7\u0131kar\u0131lm\u0131\u015ft\u0131r.<\/p>\n<p data-start=\"629\" data-end=\"809\">G\u00fcnl\u00fck kullan\u0131mda dikkat \u00e7ekici bir par\u00e7a olurken, \u00f6zel anlarda da g\u00fc\u00e7l\u00fc bir tamamlay\u0131c\u0131 olarak \u00f6ne \u00e7\u0131kar. Do\u011fal ta\u015f ve p\u0131rlanta kombinasyonlar\u0131n\u0131 sevenler i\u00e7in ideal bir se\u00e7imdir.<\/p>\n<p><span class=\"css-1jxf684 r-bcqeeo r-1ttztb7 r-qvutc0 r-poiln3 r-b88u0q r-1x3r274\"><span class=\"css-1jxf684 r-bcqeeo r-1ttztb7 r-qvutc0 r-poiln3\"><span class=\"css-1jxf684 r-bcqeeo r-1ttztb7 r-qvutc0 r-poiln3 r-1x3r274\">Fat\u0131ma&#8217;n\u0131n Eli (Fatma Ana Eli) kolye<\/span><\/span><\/span><span class=\"css-1jxf684 r-bcqeeo r-1ttztb7 r-qvutc0 r-poiln3 r-1x3r274\"><span class=\"css-1jxf684 r-bcqeeo r-1ttztb7 r-qvutc0 r-poiln3\"> , \u0130slam k\u00fclt\u00fcr\u00fcnde \u00e7ok yayg\u0131n bir sembold\u00fcr ve genellikle <\/span><\/span><span class=\"css-1jxf684 r-bcqeeo r-1ttztb7 r-qvutc0 r-poiln3 r-b88u0q r-1x3r274\"><span class=\"css-1jxf684 r-bcqeeo r-1ttztb7 r-qvutc0 r-poiln3\"><span class=\"css-1jxf684 r-bcqeeo r-1ttztb7 r-qvutc0 r-poiln3 r-1x3r274\">nazar<\/span><\/span><\/span><span class=\"css-1jxf684 r-bcqeeo r-1ttztb7 r-qvutc0 r-poiln3 r-1x3r274\"><span class=\"css-1jxf684 r-bcqeeo r-1ttztb7 r-qvutc0 r-poiln3\">, <\/span><\/span><span class=\"css-1jxf684 r-bcqeeo r-1ttztb7 r-qvutc0 r-poiln3 r-b88u0q r-1x3r274\"><span class=\"css-1jxf684 r-bcqeeo r-1ttztb7 r-qvutc0 r-poiln3\"><span class=\"css-1jxf684 r-bcqeeo r-1ttztb7 r-qvutc0 r-poiln3 r-1x3r274\">k\u00f6t\u00fc enerjilerden korunma<\/span><\/span><\/span><span class=\"css-1jxf684 r-bcqeeo r-1ttztb7 r-qvutc0 r-poiln3 r-1x3r274\"><span class=\"css-1jxf684 r-bcqeeo r-1ttztb7 r-qvutc0 r-poiln3\">, <\/span><\/span><span class=\"css-1jxf684 r-bcqeeo r-1ttztb7 r-qvutc0 r-poiln3 r-b88u0q r-1x3r274\"><span class=\"css-1jxf684 r-bcqeeo r-1ttztb7 r-qvutc0 r-poiln3\"><span class=\"css-1jxf684 r-bcqeeo r-1ttztb7 r-qvutc0 r-poiln3 r-1x3r274\">bereket<\/span><\/span><\/span><span class=\"css-1jxf684 r-bcqeeo r-1ttztb7 r-qvutc0 r-poiln3 r-1x3r274\"><span class=\"css-1jxf684 r-bcqeeo r-1ttztb7 r-qvutc0 r-poiln3\">, <\/span><\/span><span class=\"css-1jxf684 r-bcqeeo r-1ttztb7 r-qvutc0 r-poiln3 r-b88u0q r-1x3r274\"><span class=\"css-1jxf684 r-bcqeeo r-1ttztb7 r-qvutc0 r-poiln3\"><span class=\"css-1jxf684 r-bcqeeo r-1ttztb7 r-qvutc0 r-poiln3 r-1x3r274\">\u015fans<\/span><\/span><\/span><span class=\"css-1jxf684 r-bcqeeo r-1ttztb7 r-qvutc0 r-poiln3 r-1x3r274\"><span class=\"css-1jxf684 r-bcqeeo r-1ttztb7 r-qvutc0 r-poiln3\"> ve <\/span><\/span><span class=\"css-1jxf684 r-bcqeeo r-1ttztb7 r-qvutc0 r-poiln3 r-b88u0q r-1x3r274\"><span class=\"css-1jxf684 r-bcqeeo r-1ttztb7 r-qvutc0 r-poiln3\"><span class=\"css-1jxf684 r-bcqeeo r-1ttztb7 r-qvutc0 r-poiln3 r-1x3r274\">sab\u0131r<\/span><\/span><\/span><span class=\"css-1jxf684 r-bcqeeo r-1ttztb7 r-qvutc0 r-poiln3 r-1x3r274\"><span class=\"css-1jxf684 r-bcqeeo r-1ttztb7 r-qvutc0 r-poiln3\"> ile ili\u015fkilendirilir. Arap\u00e7a&#8217;da <\/span><\/span><span class=\"css-1jxf684 r-bcqeeo r-1ttztb7 r-qvutc0 r-poiln3 r-b88u0q r-1x3r274\"><span class=\"css-1jxf684 r-bcqeeo r-1ttztb7 r-qvutc0 r-poiln3\"><span class=\"css-1jxf684 r-bcqeeo r-1ttztb7 r-qvutc0 r-poiln3 r-1x3r274\">Hamsa<\/span><\/span><\/span><span class=\"css-1jxf684 r-bcqeeo r-1ttztb7 r-qvutc0 r-poiln3 r-1x3r274\"><span class=\"css-1jxf684 r-bcqeeo r-1ttztb7 r-qvutc0 r-poiln3\"> (be\u015f anlam\u0131na gelir) olarak da bilinir ve a\u00e7\u0131k bir el \u015feklinde tasvir edilir.<\/span><\/span><\/p>","protected":false},"excerpt":{"rendered":"<ul>\n<li>14 Ayar 585 Alt\u0131n<\/li>\n<li>0,17 ct P\u0131rlanta<\/li>\n<li>Lapis Lazuli<\/li>\n<\/ul>","protected":false},"featured_media":40800,"comment_status":"open","ping_status":"closed","template":"","meta":[],"product_brand":[2719],"product_cat":[75,198],"product_tag":[278,1089,1607,2709,294,2720,747,322,1995,749,744,2725,473,2751,1600,1603,2753,2752,1602,273,1639,277,987,1204,2748,276,977,2747,474,489,2679,1632,476],"class_list":{"0":"post-40790","1":"product","2":"type-product","3":"status-publish","4":"has-post-thumbnail","6":"product_brand-gasia-protect","7":"product_cat-kolye","8":"product_cat-eye-collection","9":"product_tag-altin-kolye","10":"product_tag-anlamli-kolye","11":"product_tag-blue-stone-necklace","12":"product_tag-dainty-necklace","13":"product_tag-diamond-necklace","14":"product_tag-el-figurlu-kolye","15":"product_tag-fatma-ana-eli-kolye","16":"product_tag-gold-necklace","17":"product_tag-gunluk-kolye","18":"product_tag-hamsa-kolye","19":"product_tag-hamsa-necklace","20":"product_tag-hand-of-fatima-necklace","21":"product_tag-kadin-kolye","22":"product_tag-lapis-kolye","23":"product_tag-lapis-lazuli-kolye","24":"product_tag-lapis-lazuli-necklace","25":"product_tag-lapis-necklace","26":"product_tag-lapis-pirlanta-kolye","27":"product_tag-mavi-tas-kolye","28":"product_tag-minimal-kolye","29":"product_tag-minimalist-jewelry","30":"product_tag-modern-kolye","31":"product_tag-mother-of-pearl-necklace","32":"product_tag-nazarlik-kolye","33":"product_tag-pearl-pendant","34":"product_tag-pirlanta-kolye","35":"product_tag-sedef-kolye","36":"product_tag-sedef-pirlanta-kolye","37":"product_tag-sik-kolye","38":"product_tag-statement-necklace","39":"product_tag-symbolic-jewelry","40":"product_tag-women-necklace","41":"product_tag-zarif-kolye","42":"pa_cinsiyet-kadin","44":"first","45":"instock","46":"shipping-taxable","47":"purchasable","48":"product-type-simple"},"_links":{"self":[{"href":"https:\/\/www.gasia.com.tr\/en\/wp-json\/wp\/v2\/product\/40790","targetHints":{"allow":["GET"]}}],"collection":[{"href":"https:\/\/www.gasia.com.tr\/en\/wp-json\/wp\/v2\/product"}],"about":[{"href":"https:\/\/www.gasia.com.tr\/en\/wp-json\/wp\/v2\/types\/product"}],"replies":[{"embeddable":true,"href":"https:\/\/www.gasia.com.tr\/en\/wp-json\/wp\/v2\/comments?post=40790"}],"version-history":[{"count":2,"href":"https:\/\/www.gasia.com.tr\/en\/wp-json\/wp\/v2\/product\/40790\/revisions"}],"predecessor-version":[{"id":40963,"href":"https:\/\/www.gasia.com.tr\/en\/wp-json\/wp\/v2\/product\/40790\/revisions\/40963"}],"wp:featuredmedia":[{"embeddable":true,"href":"https:\/\/www.gasia.com.tr\/en\/wp-json\/wp\/v2\/media\/40800"}],"wp:attachment":[{"href":"https:\/\/www.gasia.com.tr\/en\/wp-json\/wp\/v2\/media?parent=40790"}],"wp:term":[{"taxonomy":"product_brand","embeddable":true,"href":"https:\/\/www.gasia.com.tr\/en\/wp-json\/wp\/v2\/product_brand?post=40790"},{"taxonomy":"product_cat","embeddable":true,"href":"https:\/\/www.gasia.com.tr\/en\/wp-json\/wp\/v2\/product_cat?post=40790"},{"taxonomy":"product_tag","embeddable":true,"href":"https:\/\/www.gasia.com.tr\/en\/wp-json\/wp\/v2\/product_tag?post=40790"}],"curies":[{"name":"wp","href":"https:\/\/api.w.org\/{rel}","templated":true}]}}