{"id":40791,"date":"2026-03-05T08:00:00","date_gmt":"2026-03-05T05:00:00","guid":{"rendered":"https:\/\/www.gasia.com.tr\/?post_type=product&#038;p=40791"},"modified":"2026-03-31T16:05:06","modified_gmt":"2026-03-31T13:05:06","slug":"turkuaz-tasli-pirlanta-fatma-ana-eli-kolye","status":"publish","type":"product","link":"https:\/\/www.gasia.com.tr\/en\/collections\/turkuaz-tasli-pirlanta-fatma-ana-eli-kolye\/","title":{"rendered":"Turkuaz Ta\u015fl\u0131 P\u0131rlanta Fatima Ana Eli Kolye"},"content":{"rendered":"<p data-start=\"108\" data-end=\"351\">Canl\u0131 turkuaz tonlar\u0131 ve p\u0131rlanta detaylar\u0131n birle\u015fimiyle tasarlanan bu Fatma Ana Eli kolye, enerjik ve dikkat \u00e7ekici bir stil sunar. El formunda kullan\u0131lan turkuaz ta\u015f, parlak ve p\u00fcr\u00fczs\u00fcz y\u00fczeyiyle tasar\u0131ma g\u00fc\u00e7l\u00fc bir renk etkisi kazand\u0131r\u0131r.<\/p>\n<p data-start=\"353\" data-end=\"625\">\u00dcst b\u00f6l\u00fcmde yer alan p\u0131rlanta detaylar kolyeye \u0131\u015f\u0131lt\u0131 katarken, alt\u0131n \u00e7er\u00e7eve ile birle\u015ferek dengeli ve estetik bir g\u00f6r\u00fcn\u00fcm olu\u015fturur. Geleneksel Fatma Ana Eli sembol\u00fc modern bir yorumla yeniden tasarlanarak hem anlaml\u0131 hem de stil sahibi bir par\u00e7a ortaya \u00e7\u0131kar\u0131lm\u0131\u015ft\u0131r.<\/p>\n<p data-start=\"627\" data-end=\"814\">G\u00fcnl\u00fck kullan\u0131mda enerjik bir dokunu\u015f sunarken, \u00f6zel anlarda da \u00f6ne \u00e7\u0131kan bir aksesuar olarak tercih edilebilir. Renkli ta\u015f ve p\u0131rlanta kombinasyonlar\u0131n\u0131 sevenler i\u00e7in ideal bir se\u00e7imdir.<\/p>\n<p><span class=\"css-1jxf684 r-bcqeeo r-1ttztb7 r-qvutc0 r-poiln3 r-b88u0q r-1x3r274\"><span class=\"css-1jxf684 r-bcqeeo r-1ttztb7 r-qvutc0 r-poiln3\"><span class=\"css-1jxf684 r-bcqeeo r-1ttztb7 r-qvutc0 r-poiln3 r-1x3r274\">Fat\u0131ma&#8217;n\u0131n Eli (Fatma Ana Eli) kolye<\/span><\/span><\/span><span class=\"css-1jxf684 r-bcqeeo r-1ttztb7 r-qvutc0 r-poiln3 r-1x3r274\"><span class=\"css-1jxf684 r-bcqeeo r-1ttztb7 r-qvutc0 r-poiln3\"> , \u0130slam k\u00fclt\u00fcr\u00fcnde \u00e7ok yayg\u0131n bir sembold\u00fcr ve genellikle <\/span><\/span><span class=\"css-1jxf684 r-bcqeeo r-1ttztb7 r-qvutc0 r-poiln3 r-b88u0q r-1x3r274\"><span class=\"css-1jxf684 r-bcqeeo r-1ttztb7 r-qvutc0 r-poiln3\"><span class=\"css-1jxf684 r-bcqeeo r-1ttztb7 r-qvutc0 r-poiln3 r-1x3r274\">nazar<\/span><\/span><\/span><span class=\"css-1jxf684 r-bcqeeo r-1ttztb7 r-qvutc0 r-poiln3 r-1x3r274\"><span class=\"css-1jxf684 r-bcqeeo r-1ttztb7 r-qvutc0 r-poiln3\">, <\/span><\/span><span class=\"css-1jxf684 r-bcqeeo r-1ttztb7 r-qvutc0 r-poiln3 r-b88u0q r-1x3r274\"><span class=\"css-1jxf684 r-bcqeeo r-1ttztb7 r-qvutc0 r-poiln3\"><span class=\"css-1jxf684 r-bcqeeo r-1ttztb7 r-qvutc0 r-poiln3 r-1x3r274\">k\u00f6t\u00fc enerjilerden korunma<\/span><\/span><\/span><span class=\"css-1jxf684 r-bcqeeo r-1ttztb7 r-qvutc0 r-poiln3 r-1x3r274\"><span class=\"css-1jxf684 r-bcqeeo r-1ttztb7 r-qvutc0 r-poiln3\">, <\/span><\/span><span class=\"css-1jxf684 r-bcqeeo r-1ttztb7 r-qvutc0 r-poiln3 r-b88u0q r-1x3r274\"><span class=\"css-1jxf684 r-bcqeeo r-1ttztb7 r-qvutc0 r-poiln3\"><span class=\"css-1jxf684 r-bcqeeo r-1ttztb7 r-qvutc0 r-poiln3 r-1x3r274\">bereket<\/span><\/span><\/span><span class=\"css-1jxf684 r-bcqeeo r-1ttztb7 r-qvutc0 r-poiln3 r-1x3r274\"><span class=\"css-1jxf684 r-bcqeeo r-1ttztb7 r-qvutc0 r-poiln3\">, <\/span><\/span><span class=\"css-1jxf684 r-bcqeeo r-1ttztb7 r-qvutc0 r-poiln3 r-b88u0q r-1x3r274\"><span class=\"css-1jxf684 r-bcqeeo r-1ttztb7 r-qvutc0 r-poiln3\"><span class=\"css-1jxf684 r-bcqeeo r-1ttztb7 r-qvutc0 r-poiln3 r-1x3r274\">\u015fans<\/span><\/span><\/span><span class=\"css-1jxf684 r-bcqeeo r-1ttztb7 r-qvutc0 r-poiln3 r-1x3r274\"><span class=\"css-1jxf684 r-bcqeeo r-1ttztb7 r-qvutc0 r-poiln3\"> ve <\/span><\/span><span class=\"css-1jxf684 r-bcqeeo r-1ttztb7 r-qvutc0 r-poiln3 r-b88u0q r-1x3r274\"><span class=\"css-1jxf684 r-bcqeeo r-1ttztb7 r-qvutc0 r-poiln3\"><span class=\"css-1jxf684 r-bcqeeo r-1ttztb7 r-qvutc0 r-poiln3 r-1x3r274\">sab\u0131r<\/span><\/span><\/span><span class=\"css-1jxf684 r-bcqeeo r-1ttztb7 r-qvutc0 r-poiln3 r-1x3r274\"><span class=\"css-1jxf684 r-bcqeeo r-1ttztb7 r-qvutc0 r-poiln3\"> ile ili\u015fkilendirilir. Arap\u00e7a&#8217;da <\/span><\/span><span class=\"css-1jxf684 r-bcqeeo r-1ttztb7 r-qvutc0 r-poiln3 r-b88u0q r-1x3r274\"><span class=\"css-1jxf684 r-bcqeeo r-1ttztb7 r-qvutc0 r-poiln3\"><span class=\"css-1jxf684 r-bcqeeo r-1ttztb7 r-qvutc0 r-poiln3 r-1x3r274\">Hamsa<\/span><\/span><\/span><span class=\"css-1jxf684 r-bcqeeo r-1ttztb7 r-qvutc0 r-poiln3 r-1x3r274\"><span class=\"css-1jxf684 r-bcqeeo r-1ttztb7 r-qvutc0 r-poiln3\"> (be\u015f anlam\u0131na gelir) olarak da bilinir ve a\u00e7\u0131k bir el \u015feklinde tasvir edilir.<\/span><\/span><\/p>","protected":false},"excerpt":{"rendered":"<ul>\n<li>14 Ayar 585 Alt\u0131n<\/li>\n<li>0,17 ct P\u0131rlanta<\/li>\n<li>Firuze<\/li>\n<\/ul>","protected":false},"featured_media":40798,"comment_status":"open","ping_status":"closed","template":"","meta":[],"product_brand":[2719],"product_cat":[75,198],"product_tag":[278,1089,2709,294,2720,747,322,1995,749,744,2725,473,273,1639,277,987,1204,2748,276,977,2747,474,489,2679,1674,2750,1339,1095,1349,1632,476],"class_list":{"0":"post-40791","1":"product","2":"type-product","3":"status-publish","4":"has-post-thumbnail","6":"product_brand-gasia-protect","7":"product_cat-kolye","8":"product_cat-eye-collection","9":"product_tag-altin-kolye","10":"product_tag-anlamli-kolye","11":"product_tag-dainty-necklace","12":"product_tag-diamond-necklace","13":"product_tag-el-figurlu-kolye","14":"product_tag-fatma-ana-eli-kolye","15":"product_tag-gold-necklace","16":"product_tag-gunluk-kolye","17":"product_tag-hamsa-kolye","18":"product_tag-hamsa-necklace","19":"product_tag-hand-of-fatima-necklace","20":"product_tag-kadin-kolye","21":"product_tag-minimal-kolye","22":"product_tag-minimalist-jewelry","23":"product_tag-modern-kolye","24":"product_tag-mother-of-pearl-necklace","25":"product_tag-nazarlik-kolye","26":"product_tag-pearl-pendant","27":"product_tag-pirlanta-kolye","28":"product_tag-sedef-kolye","29":"product_tag-sedef-pirlanta-kolye","30":"product_tag-sik-kolye","31":"product_tag-statement-necklace","32":"product_tag-symbolic-jewelry","33":"product_tag-turkuaz-kolye","34":"product_tag-turkuaz-pirlanta-kolye","35":"product_tag-turkuaz-tasli-kolye","36":"product_tag-turquoise-necklace","37":"product_tag-turquoise-stone-necklace","38":"product_tag-women-necklace","39":"product_tag-zarif-kolye","40":"pa_cinsiyet-kadin","42":"first","43":"instock","44":"shipping-taxable","45":"purchasable","46":"product-type-simple"},"_links":{"self":[{"href":"https:\/\/www.gasia.com.tr\/en\/wp-json\/wp\/v2\/product\/40791","targetHints":{"allow":["GET"]}}],"collection":[{"href":"https:\/\/www.gasia.com.tr\/en\/wp-json\/wp\/v2\/product"}],"about":[{"href":"https:\/\/www.gasia.com.tr\/en\/wp-json\/wp\/v2\/types\/product"}],"replies":[{"embeddable":true,"href":"https:\/\/www.gasia.com.tr\/en\/wp-json\/wp\/v2\/comments?post=40791"}],"version-history":[{"count":2,"href":"https:\/\/www.gasia.com.tr\/en\/wp-json\/wp\/v2\/product\/40791\/revisions"}],"predecessor-version":[{"id":40962,"href":"https:\/\/www.gasia.com.tr\/en\/wp-json\/wp\/v2\/product\/40791\/revisions\/40962"}],"wp:featuredmedia":[{"embeddable":true,"href":"https:\/\/www.gasia.com.tr\/en\/wp-json\/wp\/v2\/media\/40798"}],"wp:attachment":[{"href":"https:\/\/www.gasia.com.tr\/en\/wp-json\/wp\/v2\/media?parent=40791"}],"wp:term":[{"taxonomy":"product_brand","embeddable":true,"href":"https:\/\/www.gasia.com.tr\/en\/wp-json\/wp\/v2\/product_brand?post=40791"},{"taxonomy":"product_cat","embeddable":true,"href":"https:\/\/www.gasia.com.tr\/en\/wp-json\/wp\/v2\/product_cat?post=40791"},{"taxonomy":"product_tag","embeddable":true,"href":"https:\/\/www.gasia.com.tr\/en\/wp-json\/wp\/v2\/product_tag?post=40791"}],"curies":[{"name":"wp","href":"https:\/\/api.w.org\/{rel}","templated":true}]}}