{"id":40792,"date":"2026-03-05T08:00:00","date_gmt":"2026-03-05T05:00:00","guid":{"rendered":"https:\/\/www.gasia.com.tr\/?post_type=product&#038;p=40792"},"modified":"2026-03-31T16:04:45","modified_gmt":"2026-03-31T13:04:45","slug":"oniks-detayli-pirlanta-fatma-ana-eli-kolye","status":"publish","type":"product","link":"https:\/\/www.gasia.com.tr\/en\/collections\/oniks-detayli-pirlanta-fatma-ana-eli-kolye\/","title":{"rendered":"Oniks Detayl\u0131 P\u0131rlanta Fatima Ana Eli Kolye"},"content":{"rendered":"<p data-start=\"108\" data-end=\"353\">Derin siyah oniks y\u00fczeyi ve p\u0131rlanta detaylar\u0131n birle\u015fimiyle tasarlanan bu Fatma Ana Eli kolye, g\u00fc\u00e7l\u00fc ve \u00e7arp\u0131c\u0131 bir stil sunar. El formunda tasarlanan y\u00fczeyde kullan\u0131lan oniks ta\u015f, parlak ve d\u00fcz yap\u0131s\u0131yla tasar\u0131ma net bir karakter kazand\u0131r\u0131r.<\/p>\n<p data-start=\"355\" data-end=\"612\">\u00dcst b\u00f6l\u00fcmde yer alan p\u0131rlanta detaylar kolyeye \u0131\u015f\u0131lt\u0131 katarken, alt\u0131n \u00e7er\u00e7eve ile birle\u015ferek dengeli ve dikkat \u00e7ekici bir g\u00f6r\u00fcn\u00fcm olu\u015fturur. Geleneksel sembol modern bir yorumla ele al\u0131narak hem anlaml\u0131 hem de stil sahibi bir tasar\u0131m ortaya \u00e7\u0131kar\u0131lm\u0131\u015ft\u0131r.<\/p>\n<p data-start=\"614\" data-end=\"792\">G\u00fcnl\u00fck kullan\u0131mda g\u00fc\u00e7l\u00fc bir ifade sunarken, \u00f6zel anlarda da dikkat \u00e7ekici bir aksesuar olarak \u00f6ne \u00e7\u0131kar. Kontrastl\u0131 ve karakterli tak\u0131lar\u0131 tercih edenler i\u00e7in ideal bir se\u00e7imdir.<\/p>\n<p><span class=\"css-1jxf684 r-bcqeeo r-1ttztb7 r-qvutc0 r-poiln3 r-b88u0q r-1x3r274\"><span class=\"css-1jxf684 r-bcqeeo r-1ttztb7 r-qvutc0 r-poiln3\"><span class=\"css-1jxf684 r-bcqeeo r-1ttztb7 r-qvutc0 r-poiln3 r-1x3r274\">Fat\u0131ma&#8217;n\u0131n Eli (Fatma Ana Eli) kolye<\/span><\/span><\/span><span class=\"css-1jxf684 r-bcqeeo r-1ttztb7 r-qvutc0 r-poiln3 r-1x3r274\"><span class=\"css-1jxf684 r-bcqeeo r-1ttztb7 r-qvutc0 r-poiln3\"> , \u0130slam k\u00fclt\u00fcr\u00fcnde \u00e7ok yayg\u0131n bir sembold\u00fcr ve genellikle <\/span><\/span><span class=\"css-1jxf684 r-bcqeeo r-1ttztb7 r-qvutc0 r-poiln3 r-b88u0q r-1x3r274\"><span class=\"css-1jxf684 r-bcqeeo r-1ttztb7 r-qvutc0 r-poiln3\"><span class=\"css-1jxf684 r-bcqeeo r-1ttztb7 r-qvutc0 r-poiln3 r-1x3r274\">nazar<\/span><\/span><\/span><span class=\"css-1jxf684 r-bcqeeo r-1ttztb7 r-qvutc0 r-poiln3 r-1x3r274\"><span class=\"css-1jxf684 r-bcqeeo r-1ttztb7 r-qvutc0 r-poiln3\">, <\/span><\/span><span class=\"css-1jxf684 r-bcqeeo r-1ttztb7 r-qvutc0 r-poiln3 r-b88u0q r-1x3r274\"><span class=\"css-1jxf684 r-bcqeeo r-1ttztb7 r-qvutc0 r-poiln3\"><span class=\"css-1jxf684 r-bcqeeo r-1ttztb7 r-qvutc0 r-poiln3 r-1x3r274\">k\u00f6t\u00fc enerjilerden korunma<\/span><\/span><\/span><span class=\"css-1jxf684 r-bcqeeo r-1ttztb7 r-qvutc0 r-poiln3 r-1x3r274\"><span class=\"css-1jxf684 r-bcqeeo r-1ttztb7 r-qvutc0 r-poiln3\">, <\/span><\/span><span class=\"css-1jxf684 r-bcqeeo r-1ttztb7 r-qvutc0 r-poiln3 r-b88u0q r-1x3r274\"><span class=\"css-1jxf684 r-bcqeeo r-1ttztb7 r-qvutc0 r-poiln3\"><span class=\"css-1jxf684 r-bcqeeo r-1ttztb7 r-qvutc0 r-poiln3 r-1x3r274\">bereket<\/span><\/span><\/span><span class=\"css-1jxf684 r-bcqeeo r-1ttztb7 r-qvutc0 r-poiln3 r-1x3r274\"><span class=\"css-1jxf684 r-bcqeeo r-1ttztb7 r-qvutc0 r-poiln3\">, <\/span><\/span><span class=\"css-1jxf684 r-bcqeeo r-1ttztb7 r-qvutc0 r-poiln3 r-b88u0q r-1x3r274\"><span class=\"css-1jxf684 r-bcqeeo r-1ttztb7 r-qvutc0 r-poiln3\"><span class=\"css-1jxf684 r-bcqeeo r-1ttztb7 r-qvutc0 r-poiln3 r-1x3r274\">\u015fans<\/span><\/span><\/span><span class=\"css-1jxf684 r-bcqeeo r-1ttztb7 r-qvutc0 r-poiln3 r-1x3r274\"><span class=\"css-1jxf684 r-bcqeeo r-1ttztb7 r-qvutc0 r-poiln3\"> ve <\/span><\/span><span class=\"css-1jxf684 r-bcqeeo r-1ttztb7 r-qvutc0 r-poiln3 r-b88u0q r-1x3r274\"><span class=\"css-1jxf684 r-bcqeeo r-1ttztb7 r-qvutc0 r-poiln3\"><span class=\"css-1jxf684 r-bcqeeo r-1ttztb7 r-qvutc0 r-poiln3 r-1x3r274\">sab\u0131r<\/span><\/span><\/span><span class=\"css-1jxf684 r-bcqeeo r-1ttztb7 r-qvutc0 r-poiln3 r-1x3r274\"><span class=\"css-1jxf684 r-bcqeeo r-1ttztb7 r-qvutc0 r-poiln3\"> ile ili\u015fkilendirilir. Arap\u00e7a&#8217;da <\/span><\/span><span class=\"css-1jxf684 r-bcqeeo r-1ttztb7 r-qvutc0 r-poiln3 r-b88u0q r-1x3r274\"><span class=\"css-1jxf684 r-bcqeeo r-1ttztb7 r-qvutc0 r-poiln3\"><span class=\"css-1jxf684 r-bcqeeo r-1ttztb7 r-qvutc0 r-poiln3 r-1x3r274\">Hamsa<\/span><\/span><\/span><span class=\"css-1jxf684 r-bcqeeo r-1ttztb7 r-qvutc0 r-poiln3 r-1x3r274\"><span class=\"css-1jxf684 r-bcqeeo r-1ttztb7 r-qvutc0 r-poiln3\"> (be\u015f anlam\u0131na gelir) olarak da bilinir ve a\u00e7\u0131k bir el \u015feklinde tasvir edilir.<\/span><\/span><\/p>","protected":false},"excerpt":{"rendered":"<ul>\n<li>14 Ayar 585 Alt\u0131n<\/li>\n<li>0,17 ct P\u0131rlanta<\/li>\n<li>Siyah Onyx<\/li>\n<\/ul>","protected":false},"featured_media":40796,"comment_status":"open","ping_status":"closed","template":"","meta":[],"product_brand":[2719],"product_cat":[75,198],"product_tag":[278,1089,1619,2709,294,2720,747,322,1995,749,744,2725,473,273,1639,277,987,1204,1097,2749,1099,2748,276,977,2747,1613,474,489,2679,1632,476],"class_list":{"0":"post-40792","1":"product","2":"type-product","3":"status-publish","4":"has-post-thumbnail","6":"product_brand-gasia-protect","7":"product_cat-kolye","8":"product_cat-eye-collection","9":"product_tag-altin-kolye","10":"product_tag-anlamli-kolye","11":"product_tag-black-stone-necklace","12":"product_tag-dainty-necklace","13":"product_tag-diamond-necklace","14":"product_tag-el-figurlu-kolye","15":"product_tag-fatma-ana-eli-kolye","16":"product_tag-gold-necklace","17":"product_tag-gunluk-kolye","18":"product_tag-hamsa-kolye","19":"product_tag-hamsa-necklace","20":"product_tag-hand-of-fatima-necklace","21":"product_tag-kadin-kolye","22":"product_tag-minimal-kolye","23":"product_tag-minimalist-jewelry","24":"product_tag-modern-kolye","25":"product_tag-mother-of-pearl-necklace","26":"product_tag-nazarlik-kolye","27":"product_tag-oniks-kolye","28":"product_tag-oniks-pirlanta-kolye","29":"product_tag-onyx-necklace","30":"product_tag-pearl-pendant","31":"product_tag-pirlanta-kolye","32":"product_tag-sedef-kolye","33":"product_tag-sedef-pirlanta-kolye","34":"product_tag-siyah-tas-kolye","35":"product_tag-sik-kolye","36":"product_tag-statement-necklace","37":"product_tag-symbolic-jewelry","38":"product_tag-women-necklace","39":"product_tag-zarif-kolye","40":"pa_cinsiyet-kadin","42":"first","43":"instock","44":"shipping-taxable","45":"purchasable","46":"product-type-simple"},"_links":{"self":[{"href":"https:\/\/www.gasia.com.tr\/en\/wp-json\/wp\/v2\/product\/40792","targetHints":{"allow":["GET"]}}],"collection":[{"href":"https:\/\/www.gasia.com.tr\/en\/wp-json\/wp\/v2\/product"}],"about":[{"href":"https:\/\/www.gasia.com.tr\/en\/wp-json\/wp\/v2\/types\/product"}],"replies":[{"embeddable":true,"href":"https:\/\/www.gasia.com.tr\/en\/wp-json\/wp\/v2\/comments?post=40792"}],"version-history":[{"count":2,"href":"https:\/\/www.gasia.com.tr\/en\/wp-json\/wp\/v2\/product\/40792\/revisions"}],"predecessor-version":[{"id":40961,"href":"https:\/\/www.gasia.com.tr\/en\/wp-json\/wp\/v2\/product\/40792\/revisions\/40961"}],"wp:featuredmedia":[{"embeddable":true,"href":"https:\/\/www.gasia.com.tr\/en\/wp-json\/wp\/v2\/media\/40796"}],"wp:attachment":[{"href":"https:\/\/www.gasia.com.tr\/en\/wp-json\/wp\/v2\/media?parent=40792"}],"wp:term":[{"taxonomy":"product_brand","embeddable":true,"href":"https:\/\/www.gasia.com.tr\/en\/wp-json\/wp\/v2\/product_brand?post=40792"},{"taxonomy":"product_cat","embeddable":true,"href":"https:\/\/www.gasia.com.tr\/en\/wp-json\/wp\/v2\/product_cat?post=40792"},{"taxonomy":"product_tag","embeddable":true,"href":"https:\/\/www.gasia.com.tr\/en\/wp-json\/wp\/v2\/product_tag?post=40792"}],"curies":[{"name":"wp","href":"https:\/\/api.w.org\/{rel}","templated":true}]}}