{"id":40803,"date":"2026-01-25T22:31:19","date_gmt":"2026-01-25T19:31:19","guid":{"rendered":"https:\/\/www.gasia.com.tr\/?post_type=product&#038;p=40803"},"modified":"2026-03-25T23:45:22","modified_gmt":"2026-03-25T20:45:22","slug":"opal-tasli-pirlanta-detayli-altin-kolye","status":"publish","type":"product","link":"https:\/\/www.gasia.com.tr\/en\/collections\/opal-tasli-pirlanta-detayli-altin-kolye\/","title":{"rendered":"Opal Ta\u015fl\u0131 P\u0131rlanta Detayl\u0131 Alt\u0131n Kolye"},"content":{"rendered":"<p data-start=\"124\" data-end=\"551\">Canl\u0131 renk ge\u00e7i\u015fleriyle dikkat \u00e7eken opal ta\u015f\u0131n, \u00e7evresini saran p\u0131rlanta detaylarla bulu\u015ftu\u011fu bu alt\u0131n kolye, g\u00f6z al\u0131c\u0131 bir tasar\u0131m sunar. Oval formdaki opal ta\u015f, \u0131\u015f\u0131\u011fa g\u00f6re de\u011fi\u015fen tonlar\u0131yla her a\u00e7\u0131dan farkl\u0131 bir \u0131\u015f\u0131lt\u0131 yans\u0131t\u0131rken, ince p\u0131rlanta \u00e7er\u00e7eve tasar\u0131ma zarif bir dokunu\u015f katar. G\u00fcnl\u00fck kullan\u0131mdan \u00f6zel davetlere kadar geni\u015f bir kullan\u0131m alan\u0131na sahip olan bu kolye, stilinizi tamamlayan etkileyici bir par\u00e7ad\u0131r.<\/p>","protected":false},"excerpt":{"rendered":"<p>Canl\u0131 renk ge\u00e7i\u015fleriyle dikkat \u00e7eken opal ta\u015f\u0131n, \u00e7evresini saran p\u0131rlanta detaylarla bulu\u015ftu\u011fu bu alt\u0131n kolye, g\u00f6z al\u0131c\u0131 bir tasar\u0131m sunar.<\/p>","protected":false},"featured_media":40804,"comment_status":"open","ping_status":"closed","template":"","meta":[],"product_brand":[],"product_cat":[269,75],"product_tag":[278,475,633,294,1637,811,322,473,742,277,2085,2086,2755,2754,483,276,474,2678,2047,476],"class_list":{"0":"post-40803","1":"product","2":"type-product","3":"status-publish","4":"has-post-thumbnail","6":"product_cat-gem-world-degerli-tasli-mucevher","7":"product_cat-kolye","8":"product_tag-altin-kolye","9":"product_tag-degerli-tas-kolye","10":"product_tag-designer-necklace","11":"product_tag-diamond-necklace","12":"product_tag-elegant-necklace","13":"product_tag-gemstone-necklace","14":"product_tag-gold-necklace","15":"product_tag-kadin-kolye","16":"product_tag-modern-jewelry","17":"product_tag-modern-kolye","18":"product_tag-opal-kolye","19":"product_tag-opal-necklace","20":"product_tag-opal-stone-necklace","21":"product_tag-opal-tas-kolye","22":"product_tag-ozel-tasarim-kolye","23":"product_tag-pirlanta-kolye","24":"product_tag-sik-kolye","25":"product_tag-stylish-necklace","26":"product_tag-women-jewelry","27":"product_tag-zarif-kolye","28":"pa_cinsiyet-kadin","30":"first","31":"instock","32":"shipping-taxable","33":"product-type-simple"},"_links":{"self":[{"href":"https:\/\/www.gasia.com.tr\/en\/wp-json\/wp\/v2\/product\/40803","targetHints":{"allow":["GET"]}}],"collection":[{"href":"https:\/\/www.gasia.com.tr\/en\/wp-json\/wp\/v2\/product"}],"about":[{"href":"https:\/\/www.gasia.com.tr\/en\/wp-json\/wp\/v2\/types\/product"}],"replies":[{"embeddable":true,"href":"https:\/\/www.gasia.com.tr\/en\/wp-json\/wp\/v2\/comments?post=40803"}],"version-history":[{"count":2,"href":"https:\/\/www.gasia.com.tr\/en\/wp-json\/wp\/v2\/product\/40803\/revisions"}],"predecessor-version":[{"id":40806,"href":"https:\/\/www.gasia.com.tr\/en\/wp-json\/wp\/v2\/product\/40803\/revisions\/40806"}],"wp:featuredmedia":[{"embeddable":true,"href":"https:\/\/www.gasia.com.tr\/en\/wp-json\/wp\/v2\/media\/40804"}],"wp:attachment":[{"href":"https:\/\/www.gasia.com.tr\/en\/wp-json\/wp\/v2\/media?parent=40803"}],"wp:term":[{"taxonomy":"product_brand","embeddable":true,"href":"https:\/\/www.gasia.com.tr\/en\/wp-json\/wp\/v2\/product_brand?post=40803"},{"taxonomy":"product_cat","embeddable":true,"href":"https:\/\/www.gasia.com.tr\/en\/wp-json\/wp\/v2\/product_cat?post=40803"},{"taxonomy":"product_tag","embeddable":true,"href":"https:\/\/www.gasia.com.tr\/en\/wp-json\/wp\/v2\/product_tag?post=40803"}],"curies":[{"name":"wp","href":"https:\/\/api.w.org\/{rel}","templated":true}]}}