{"id":40815,"date":"2026-04-01T00:00:00","date_gmt":"2026-03-31T21:00:00","guid":{"rendered":"https:\/\/www.gasia.com.tr\/?post_type=product&#038;p=40815"},"modified":"2026-04-21T22:34:30","modified_gmt":"2026-04-21T19:34:30","slug":"dogal-inci-uzerine-nazar-boncuklu-ve-pirlanta-detayli-altin-kolye","status":"publish","type":"product","link":"https:\/\/www.gasia.com.tr\/en\/collections\/dogal-inci-uzerine-nazar-boncuklu-ve-pirlanta-detayli-altin-kolye\/","title":{"rendered":"Do\u011fal \u0130nci \u00dczerine Nazar Boncuklu ve P\u0131rlanta Detayl\u0131 Alt\u0131n Kolye"},"content":{"rendered":"<p>Do\u011fal inci y\u00fczeyi \u00fczerine yerle\u015ftirilen nazar boncu\u011fu ve \u00e7evresini saran p\u0131rlanta detaylar\u0131yla \u00f6ne \u00e7\u0131kan bu \u00f6zel tasar\u0131m kolye, do\u011fall\u0131k ve \u0131\u015f\u0131lt\u0131y\u0131 bir araya getirir. Her biri kendine \u00f6zg\u00fc formu ile dikkat \u00e7eken inci, kolyeye benzersiz bir karakter kazand\u0131r\u0131rken, alt\u0131n zincir ve ince i\u015f\u00e7ilikli detaylar \u015f\u0131kl\u0131\u011f\u0131 tamamlar. G\u00fcnl\u00fck kullan\u0131mda zarif bir dokunu\u015f sunan bu kolye, ayn\u0131 zamanda anlam y\u00fckl\u00fc ve dikkat \u00e7ekici bir hediye alternatifi olarak \u00f6ne \u00e7\u0131kar.<\/p>","protected":false},"excerpt":{"rendered":"<ul>\n<li>14 Ayar Alt\u0131n<\/li>\n<li>0,035 ct P\u0131rlanta<\/li>\n<li>42 cm uzunlu\u011funda zincir<\/li>\n<li>Do\u011fal inci<\/li>\n<li>Her \u00fcr\u00fcnde kullan\u0131lan inci do\u011fall\u0131\u011f\u0131ndan dolay\u0131 farkl\u0131d\u0131r<\/li>\n<\/ul>","protected":false},"featured_media":42457,"comment_status":"open","ping_status":"closed","template":"","meta":[],"product_brand":[],"product_cat":[247,75,198],"product_tag":[278,1605,2761,2762,1637,726,322,2140,2102,473,1675,2763,281,280,2105,472,284,2764,2047,476],"class_list":{"0":"post-40815","1":"product","2":"type-product","3":"status-publish","4":"has-post-thumbnail","6":"product_cat-hediyelik","7":"product_cat-kolye","8":"product_cat-eye-collection","9":"product_tag-altin-kolye","10":"product_tag-diamond-detail-necklace","11":"product_tag-dogal-inci-kolye","12":"product_tag-el-yapimi-kolye","13":"product_tag-elegant-necklace","14":"product_tag-evil-eye-necklace","15":"product_tag-gold-necklace","16":"product_tag-handmade-necklace","17":"product_tag-inci-kolye","18":"product_tag-kadin-kolye","19":"product_tag-lucky-necklace","20":"product_tag-natural-pearl-necklace","21":"product_tag-nazar-boncuklu-kolye","22":"product_tag-nazar-kolye","23":"product_tag-pearl-necklace","24":"product_tag-pirlanta-detayli-kolye","25":"product_tag-sans-kolyesi","26":"product_tag-unique-pearl-pendant","27":"product_tag-women-jewelry","28":"product_tag-zarif-kolye","29":"pa_cinsiyet-kadin","31":"first","32":"instock","33":"sale","34":"shipping-taxable","35":"purchasable","36":"product-type-simple"},"_links":{"self":[{"href":"https:\/\/www.gasia.com.tr\/en\/wp-json\/wp\/v2\/product\/40815","targetHints":{"allow":["GET"]}}],"collection":[{"href":"https:\/\/www.gasia.com.tr\/en\/wp-json\/wp\/v2\/product"}],"about":[{"href":"https:\/\/www.gasia.com.tr\/en\/wp-json\/wp\/v2\/types\/product"}],"replies":[{"embeddable":true,"href":"https:\/\/www.gasia.com.tr\/en\/wp-json\/wp\/v2\/comments?post=40815"}],"version-history":[{"count":4,"href":"https:\/\/www.gasia.com.tr\/en\/wp-json\/wp\/v2\/product\/40815\/revisions"}],"predecessor-version":[{"id":42451,"href":"https:\/\/www.gasia.com.tr\/en\/wp-json\/wp\/v2\/product\/40815\/revisions\/42451"}],"wp:featuredmedia":[{"embeddable":true,"href":"https:\/\/www.gasia.com.tr\/en\/wp-json\/wp\/v2\/media\/42457"}],"wp:attachment":[{"href":"https:\/\/www.gasia.com.tr\/en\/wp-json\/wp\/v2\/media?parent=40815"}],"wp:term":[{"taxonomy":"product_brand","embeddable":true,"href":"https:\/\/www.gasia.com.tr\/en\/wp-json\/wp\/v2\/product_brand?post=40815"},{"taxonomy":"product_cat","embeddable":true,"href":"https:\/\/www.gasia.com.tr\/en\/wp-json\/wp\/v2\/product_cat?post=40815"},{"taxonomy":"product_tag","embeddable":true,"href":"https:\/\/www.gasia.com.tr\/en\/wp-json\/wp\/v2\/product_tag?post=40815"}],"curies":[{"name":"wp","href":"https:\/\/api.w.org\/{rel}","templated":true}]}}