{"id":40819,"date":"2026-01-10T00:00:00","date_gmt":"2026-01-09T21:00:00","guid":{"rendered":"https:\/\/www.gasia.com.tr\/?post_type=product&#038;p=40819"},"modified":"2026-03-26T16:54:22","modified_gmt":"2026-03-26T13:54:22","slug":"sari-safir-lacivert-safir-ve-pirlanta-nazar-kolye","status":"publish","type":"product","link":"https:\/\/www.gasia.com.tr\/en\/collections\/sari-safir-lacivert-safir-ve-pirlanta-nazar-kolye\/","title":{"rendered":"Sar\u0131 Safir , Lacivert Safir ve P\u0131rlanta Nazar Kolye"},"content":{"rendered":"<p data-start=\"112\" data-end=\"404\">Sar\u0131 safir, lacivert safir ve p\u0131rlanta ta\u015flar\u0131n katmanl\u0131 formda bir araya geldi\u011fi bu nazar kolye, g\u00fc\u00e7l\u00fc bir \u0131\u015f\u0131lt\u0131 ve dikkat \u00e7ekici bir derinlik sunar. Merkezde yer alan safir ta\u015f, \u00e7evresindeki sar\u0131 safir ve p\u0131rlanta detaylarla birlikte g\u00f6z formunu vurgulayan dengeli bir tasar\u0131m olu\u015fturur.<\/p>\n<p data-start=\"406\" data-end=\"681\">D\u0131\u015f \u00e7er\u00e7evede kullan\u0131lan lacivert safir ta\u015flar, i\u00e7 k\u0131s\u0131mdaki p\u0131rlanta ve sar\u0131 safirlerle kontrast olu\u015fturarak kolyeye zengin ve dinamik bir g\u00f6r\u00fcn\u00fcm kazand\u0131r\u0131r. Alt\u0131n ton zemin ile birle\u015fen bu \u00e7ok katmanl\u0131 yap\u0131, \u0131\u015f\u0131\u011f\u0131 farkl\u0131 a\u00e7\u0131lardan yans\u0131tarak etkileyici bir \u0131\u015f\u0131lt\u0131 sunar.<\/p>\n<p data-start=\"683\" data-end=\"899\">G\u00f6z sembol\u00fc ile tasarlanan bu kolye, hem estetik hem de anlaml\u0131 bir aksesuar olarak \u00f6ne \u00e7\u0131kar. G\u00fcnl\u00fck kullan\u0131mda g\u00fc\u00e7l\u00fc bir stil detay\u0131 sunarken, \u00f6zel anlarda da dikkat \u00e7ekici bir tamamlay\u0131c\u0131 olarak tercih edilebilir.<\/p>","protected":false},"excerpt":{"rendered":"<p>Sar\u0131 safir, lacivert safir ve p\u0131rlanta ta\u015flar\u0131n katmanl\u0131 formda bir araya geldi\u011fi bu nazar kolye, g\u00fc\u00e7l\u00fc bir \u0131\u015f\u0131lt\u0131 ve dikkat<\/p>","protected":false},"featured_media":40820,"comment_status":"open","ping_status":"closed","template":"","meta":[],"product_brand":[2719],"product_cat":[247,75,198],"product_tag":[278,1089,1733,2709,294,726,2717,322,2673,1995,473,2740,273,277,280,276,2741,1794,2731,1488,1795,2739,474,489,1632,2742,476],"class_list":{"0":"post-40819","1":"product","2":"type-product","3":"status-publish","4":"has-post-thumbnail","6":"product_brand-gasia-protect","7":"product_cat-hediyelik","8":"product_cat-kolye","9":"product_cat-eye-collection","10":"product_tag-altin-kolye","11":"product_tag-anlamli-kolye","12":"product_tag-blue-sapphire-necklace","13":"product_tag-dainty-necklace","14":"product_tag-diamond-necklace","15":"product_tag-evil-eye-necklace","16":"product_tag-evil-eye-pendant","17":"product_tag-gold-necklace","18":"product_tag-goz-kolye","19":"product_tag-gunluk-kolye","20":"product_tag-kadin-kolye","21":"product_tag-lacivert-safir-kolye","22":"product_tag-minimal-kolye","23":"product_tag-modern-kolye","24":"product_tag-nazar-kolye","25":"product_tag-pirlanta-kolye","26":"product_tag-renkli-tasli-kolye","27":"product_tag-safir-kolye","28":"product_tag-safir-pirlanta-kolye","29":"product_tag-sapphire-diamond-necklace","30":"product_tag-sapphire-necklace","31":"product_tag-sari-safir-kolye","32":"product_tag-sik-kolye","33":"product_tag-statement-necklace","34":"product_tag-women-necklace","35":"product_tag-yellow-sapphire-necklace","36":"product_tag-zarif-kolye","37":"pa_cinsiyet-kadin","39":"first","40":"instock","41":"shipping-taxable","42":"product-type-simple"},"_links":{"self":[{"href":"https:\/\/www.gasia.com.tr\/en\/wp-json\/wp\/v2\/product\/40819","targetHints":{"allow":["GET"]}}],"collection":[{"href":"https:\/\/www.gasia.com.tr\/en\/wp-json\/wp\/v2\/product"}],"about":[{"href":"https:\/\/www.gasia.com.tr\/en\/wp-json\/wp\/v2\/types\/product"}],"replies":[{"embeddable":true,"href":"https:\/\/www.gasia.com.tr\/en\/wp-json\/wp\/v2\/comments?post=40819"}],"version-history":[{"count":1,"href":"https:\/\/www.gasia.com.tr\/en\/wp-json\/wp\/v2\/product\/40819\/revisions"}],"predecessor-version":[{"id":40821,"href":"https:\/\/www.gasia.com.tr\/en\/wp-json\/wp\/v2\/product\/40819\/revisions\/40821"}],"wp:featuredmedia":[{"embeddable":true,"href":"https:\/\/www.gasia.com.tr\/en\/wp-json\/wp\/v2\/media\/40820"}],"wp:attachment":[{"href":"https:\/\/www.gasia.com.tr\/en\/wp-json\/wp\/v2\/media?parent=40819"}],"wp:term":[{"taxonomy":"product_brand","embeddable":true,"href":"https:\/\/www.gasia.com.tr\/en\/wp-json\/wp\/v2\/product_brand?post=40819"},{"taxonomy":"product_cat","embeddable":true,"href":"https:\/\/www.gasia.com.tr\/en\/wp-json\/wp\/v2\/product_cat?post=40819"},{"taxonomy":"product_tag","embeddable":true,"href":"https:\/\/www.gasia.com.tr\/en\/wp-json\/wp\/v2\/product_tag?post=40819"}],"curies":[{"name":"wp","href":"https:\/\/api.w.org\/{rel}","templated":true}]}}