{"id":40823,"date":"2026-01-03T00:00:00","date_gmt":"2026-01-02T21:00:00","guid":{"rendered":"https:\/\/www.gasia.com.tr\/?post_type=product&#038;p=40823"},"modified":"2026-03-30T23:20:12","modified_gmt":"2026-03-30T20:20:12","slug":"turkuaz-tasli-ve-ametist-detayli-pirlanta-cerceveli-altin-kolye","status":"publish","type":"product","link":"https:\/\/www.gasia.com.tr\/en\/collections\/turkuaz-tasli-ve-ametist-detayli-pirlanta-cerceveli-altin-kolye\/","title":{"rendered":"Turkuaz Ta\u015fl\u0131 ve Ametist Detayl\u0131 P\u0131rlanta \u00c7er\u00e7eveli Alt\u0131n Kolye"},"content":{"rendered":"<p>Canl\u0131 turkuaz ta\u015f\u0131n merkezde yer ald\u0131\u011f\u0131 bu \u00f6zel tasar\u0131m kolye, \u00e7evresini saran p\u0131rlanta detaylar\u0131 ve zarif ametist ta\u015flarla zenginle\u015ftirilmi\u015ftir. Alt\u0131n zinciri ve dengeli formu sayesinde hem g\u00fcnl\u00fck hem de \u00f6zel kombinlerde dikkat \u00e7eken bir g\u00f6r\u00fcn\u00fcm sunar. Renkli ta\u015flar\u0131n uyumu ile enerjik ve g\u00f6z al\u0131c\u0131 bir stil olu\u015ftururken, ince i\u015f\u00e7ili\u011fi ile kaliteli bir duru\u015f sergiler.<\/p>","protected":false},"excerpt":{"rendered":"<p>Canl\u0131 turkuaz ta\u015f\u0131n merkezde yer ald\u0131\u011f\u0131 bu \u00f6zel tasar\u0131m kolye, \u00e7evresini saran p\u0131rlanta detaylar\u0131 ve zarif ametist ta\u015flarla zenginle\u015ftirilmi\u015ftir. Alt\u0131n<\/p>","protected":false},"featured_media":40824,"comment_status":"open","ping_status":"closed","template":"","meta":[],"product_brand":[2719],"product_cat":[247,75,198],"product_tag":[278,2652,2642,2650,633,1605,1637,1641,322,1640,473,483,472,2741,474,1674,1339,1095,2765,2047],"class_list":{"0":"post-40823","1":"product","2":"type-product","3":"status-publish","4":"has-post-thumbnail","6":"product_brand-gasia-protect","7":"product_cat-hediyelik","8":"product_cat-kolye","9":"product_cat-eye-collection","10":"product_tag-altin-kolye","11":"product_tag-amethyst-necklace","12":"product_tag-ametist-kolye","13":"product_tag-colorful-gemstone-necklace","14":"product_tag-designer-necklace","15":"product_tag-diamond-detail-necklace","16":"product_tag-elegant-necklace","17":"product_tag-gift-necklace","18":"product_tag-gold-necklace","19":"product_tag-hediye-kolye","20":"product_tag-kadin-kolye","21":"product_tag-ozel-tasarim-kolye","22":"product_tag-pirlanta-detayli-kolye","23":"product_tag-renkli-tasli-kolye","24":"product_tag-sik-kolye","25":"product_tag-turkuaz-kolye","26":"product_tag-turkuaz-tasli-kolye","27":"product_tag-turquoise-necklace","28":"product_tag-turquoise-stone-pendant","29":"product_tag-women-jewelry","30":"pa_cinsiyet-kadin","32":"first","33":"instock","34":"shipping-taxable","35":"purchasable","36":"product-type-simple"},"_links":{"self":[{"href":"https:\/\/www.gasia.com.tr\/en\/wp-json\/wp\/v2\/product\/40823","targetHints":{"allow":["GET"]}}],"collection":[{"href":"https:\/\/www.gasia.com.tr\/en\/wp-json\/wp\/v2\/product"}],"about":[{"href":"https:\/\/www.gasia.com.tr\/en\/wp-json\/wp\/v2\/types\/product"}],"replies":[{"embeddable":true,"href":"https:\/\/www.gasia.com.tr\/en\/wp-json\/wp\/v2\/comments?post=40823"}],"version-history":[{"count":1,"href":"https:\/\/www.gasia.com.tr\/en\/wp-json\/wp\/v2\/product\/40823\/revisions"}],"predecessor-version":[{"id":40825,"href":"https:\/\/www.gasia.com.tr\/en\/wp-json\/wp\/v2\/product\/40823\/revisions\/40825"}],"wp:featuredmedia":[{"embeddable":true,"href":"https:\/\/www.gasia.com.tr\/en\/wp-json\/wp\/v2\/media\/40824"}],"wp:attachment":[{"href":"https:\/\/www.gasia.com.tr\/en\/wp-json\/wp\/v2\/media?parent=40823"}],"wp:term":[{"taxonomy":"product_brand","embeddable":true,"href":"https:\/\/www.gasia.com.tr\/en\/wp-json\/wp\/v2\/product_brand?post=40823"},{"taxonomy":"product_cat","embeddable":true,"href":"https:\/\/www.gasia.com.tr\/en\/wp-json\/wp\/v2\/product_cat?post=40823"},{"taxonomy":"product_tag","embeddable":true,"href":"https:\/\/www.gasia.com.tr\/en\/wp-json\/wp\/v2\/product_tag?post=40823"}],"curies":[{"name":"wp","href":"https:\/\/api.w.org\/{rel}","templated":true}]}}