{"id":40826,"date":"2026-01-11T04:59:00","date_gmt":"2026-01-11T01:59:00","guid":{"rendered":"https:\/\/www.gasia.com.tr\/?post_type=product&#038;p=40826"},"modified":"2026-03-31T16:02:27","modified_gmt":"2026-03-31T13:02:27","slug":"turkuaz-nazar-goz-motifli-ve-baget-pirlanta-detayli-altin-kolye","status":"publish","type":"product","link":"https:\/\/www.gasia.com.tr\/en\/collections\/turkuaz-nazar-goz-motifli-ve-baget-pirlanta-detayli-altin-kolye\/","title":{"rendered":"Turkuaz Nazar G\u00f6z Motifli ve Baget P\u0131rlanta Detayl\u0131 Alt\u0131n Kolye"},"content":{"rendered":"<p>Turkuaz renkli nazar g\u00f6z motifi ile tasarlanan bu alt\u0131n kolye, \u00fcst k\u0131sm\u0131nda yer alan baget kesim p\u0131rlanta detaylar\u0131yla dikkat \u00e7ekici bir \u0131\u015f\u0131lt\u0131 sunar. Modern formu ve sembolik anlam\u0131 bir araya getiren tasar\u0131m, g\u00fcnl\u00fck kullan\u0131mda stilinizi tamamlayan zarif bir par\u00e7a olarak \u00f6ne \u00e7\u0131kar. \u0130nce i\u015f\u00e7ili\u011fi ve dengeli tasar\u0131m\u0131 sayesinde hem kendiniz hem de sevdikleriniz i\u00e7in \u00f6zel bir hediye alternatifi olu\u015fturur.<\/p>","protected":false},"excerpt":{"rendered":"<p>Turkuaz renkli nazar g\u00f6z motifi ile tasarlanan bu alt\u0131n kolye, \u00fcst k\u0131sm\u0131nda yer alan baget kesim p\u0131rlanta detaylar\u0131yla dikkat \u00e7ekici<\/p>","protected":false},"featured_media":40827,"comment_status":"open","ping_status":"closed","template":"","meta":[],"product_brand":[2719],"product_cat":[247,75,198],"product_tag":[278,1425,1429,294,726,2677,1641,322,2673,1640,473,1675,1993,281,280,276,284,1674,1095,2047],"class_list":{"0":"post-40826","1":"product","2":"type-product","3":"status-publish","4":"has-post-thumbnail","6":"product_brand-gasia-protect","7":"product_cat-hediyelik","8":"product_cat-kolye","9":"product_cat-eye-collection","10":"product_tag-altin-kolye","11":"product_tag-baget-pirlanta-kolye","12":"product_tag-baguette-diamond-necklace","13":"product_tag-diamond-necklace","14":"product_tag-evil-eye-necklace","15":"product_tag-eye-pendant","16":"product_tag-gift-necklace","17":"product_tag-gold-necklace","18":"product_tag-goz-kolye","19":"product_tag-hediye-kolye","20":"product_tag-kadin-kolye","21":"product_tag-lucky-necklace","22":"product_tag-modern-necklace","23":"product_tag-nazar-boncuklu-kolye","24":"product_tag-nazar-kolye","25":"product_tag-pirlanta-kolye","26":"product_tag-sans-kolyesi","27":"product_tag-turkuaz-kolye","28":"product_tag-turquoise-necklace","29":"product_tag-women-jewelry","30":"pa_cinsiyet-kadin","32":"first","33":"instock","34":"sale","35":"shipping-taxable","36":"purchasable","37":"product-type-simple"},"_links":{"self":[{"href":"https:\/\/www.gasia.com.tr\/en\/wp-json\/wp\/v2\/product\/40826","targetHints":{"allow":["GET"]}}],"collection":[{"href":"https:\/\/www.gasia.com.tr\/en\/wp-json\/wp\/v2\/product"}],"about":[{"href":"https:\/\/www.gasia.com.tr\/en\/wp-json\/wp\/v2\/types\/product"}],"replies":[{"embeddable":true,"href":"https:\/\/www.gasia.com.tr\/en\/wp-json\/wp\/v2\/comments?post=40826"}],"version-history":[{"count":2,"href":"https:\/\/www.gasia.com.tr\/en\/wp-json\/wp\/v2\/product\/40826\/revisions"}],"predecessor-version":[{"id":40829,"href":"https:\/\/www.gasia.com.tr\/en\/wp-json\/wp\/v2\/product\/40826\/revisions\/40829"}],"wp:featuredmedia":[{"embeddable":true,"href":"https:\/\/www.gasia.com.tr\/en\/wp-json\/wp\/v2\/media\/40827"}],"wp:attachment":[{"href":"https:\/\/www.gasia.com.tr\/en\/wp-json\/wp\/v2\/media?parent=40826"}],"wp:term":[{"taxonomy":"product_brand","embeddable":true,"href":"https:\/\/www.gasia.com.tr\/en\/wp-json\/wp\/v2\/product_brand?post=40826"},{"taxonomy":"product_cat","embeddable":true,"href":"https:\/\/www.gasia.com.tr\/en\/wp-json\/wp\/v2\/product_cat?post=40826"},{"taxonomy":"product_tag","embeddable":true,"href":"https:\/\/www.gasia.com.tr\/en\/wp-json\/wp\/v2\/product_tag?post=40826"}],"curies":[{"name":"wp","href":"https:\/\/api.w.org\/{rel}","templated":true}]}}