{"id":40867,"date":"2026-02-01T00:00:00","date_gmt":"2026-01-31T21:00:00","guid":{"rendered":"https:\/\/www.gasia.com.tr\/?post_type=product&#038;p=40867"},"modified":"2026-03-26T20:30:50","modified_gmt":"2026-03-26T17:30:50","slug":"sedef-tasli-cift-kalp-motifli-pirlanta-detayli-altin-bileklik","status":"publish","type":"product","link":"https:\/\/www.gasia.com.tr\/en\/collections\/sedef-tasli-cift-kalp-motifli-pirlanta-detayli-altin-bileklik\/","title":{"rendered":"Sedef Ta\u015fl\u0131 \u00c7ift Kalp Motifli P\u0131rlanta Detayl\u0131 Alt\u0131n Bileklik"},"content":{"rendered":"<p>I\u015f\u0131lt\u0131l\u0131 y\u00fczeyiyle dikkat \u00e7eken sedef ta\u015fl\u0131 \u00e7ift kalp formu, bu bilekli\u011fe yumu\u015fak ve zarif bir g\u00f6r\u00fcn\u00fcm kazand\u0131r\u0131r. Kalp motiflerini \u00e7evreleyen p\u0131rlanta detaylar, tasar\u0131ma ince bir \u0131\u015f\u0131lt\u0131 eklerken alt\u0131n zincir bilekte hafif ve \u015f\u0131k bir duru\u015f sa\u011flar. Hem g\u00fcnl\u00fck kombinlere uyum sa\u011flayan hem de anlaml\u0131 bir hediye alternatifi sunan \u00f6zel bir par\u00e7ad\u0131r.<\/p>","protected":false},"excerpt":{"rendered":"<ul>\n<li>14 Ayar Alt\u0131n<\/li>\n<li>0.11 ct P\u0131rlanta<\/li>\n<li>17.5 cm uzunluk<\/li>\n<\/ul>","protected":false},"featured_media":40861,"comment_status":"open","ping_status":"closed","template":"","meta":[],"product_brand":[],"product_cat":[73,260,210],"product_tag":[504,2774,507,2776,512,2772,794,2282,2770,365,2268,2782,358,2781,366,2682,2250,505,1803,1083],"class_list":{"0":"post-40867","1":"product","2":"type-product","3":"status-publish","4":"has-post-thumbnail","6":"product_cat-altin-pirlanta-bileklik","7":"product_cat-kadin","8":"product_cat-love-you-koleksiyonu","9":"product_tag-altin-bileklik","10":"product_tag-cift-kalp-bileklik","11":"product_tag-diamond-bracelet","12":"product_tag-double-heart-bracelet","13":"product_tag-elegant-bracelet","14":"product_tag-gift-bracelet","15":"product_tag-gold-bracelet","16":"product_tag-heart-bracelet","17":"product_tag-hediye-bileklik","18":"product_tag-kadin-bileklik","19":"product_tag-kalp-bileklik","20":"product_tag-mother-of-pearl-bracelet","21":"product_tag-pirlanta-bileklik","22":"product_tag-sedef-bileklik","23":"product_tag-sik-bileklik","24":"product_tag-stone-bracelet","25":"product_tag-stylish-bracelet","26":"product_tag-tasli-bileklik","27":"product_tag-women-bracelet","28":"product_tag-zarif-bileklik","29":"pa_cinsiyet-kadin","31":"first","32":"instock","33":"shipping-taxable","34":"purchasable","35":"product-type-simple"},"_links":{"self":[{"href":"https:\/\/www.gasia.com.tr\/en\/wp-json\/wp\/v2\/product\/40867","targetHints":{"allow":["GET"]}}],"collection":[{"href":"https:\/\/www.gasia.com.tr\/en\/wp-json\/wp\/v2\/product"}],"about":[{"href":"https:\/\/www.gasia.com.tr\/en\/wp-json\/wp\/v2\/types\/product"}],"replies":[{"embeddable":true,"href":"https:\/\/www.gasia.com.tr\/en\/wp-json\/wp\/v2\/comments?post=40867"}],"version-history":[{"count":2,"href":"https:\/\/www.gasia.com.tr\/en\/wp-json\/wp\/v2\/product\/40867\/revisions"}],"predecessor-version":[{"id":40882,"href":"https:\/\/www.gasia.com.tr\/en\/wp-json\/wp\/v2\/product\/40867\/revisions\/40882"}],"wp:featuredmedia":[{"embeddable":true,"href":"https:\/\/www.gasia.com.tr\/en\/wp-json\/wp\/v2\/media\/40861"}],"wp:attachment":[{"href":"https:\/\/www.gasia.com.tr\/en\/wp-json\/wp\/v2\/media?parent=40867"}],"wp:term":[{"taxonomy":"product_brand","embeddable":true,"href":"https:\/\/www.gasia.com.tr\/en\/wp-json\/wp\/v2\/product_brand?post=40867"},{"taxonomy":"product_cat","embeddable":true,"href":"https:\/\/www.gasia.com.tr\/en\/wp-json\/wp\/v2\/product_cat?post=40867"},{"taxonomy":"product_tag","embeddable":true,"href":"https:\/\/www.gasia.com.tr\/en\/wp-json\/wp\/v2\/product_tag?post=40867"}],"curies":[{"name":"wp","href":"https:\/\/api.w.org\/{rel}","templated":true}]}}