{"id":40869,"date":"2026-02-01T00:00:00","date_gmt":"2026-01-31T21:00:00","guid":{"rendered":"https:\/\/www.gasia.com.tr\/?post_type=product&#038;p=40869"},"modified":"2026-03-26T20:27:35","modified_gmt":"2026-03-26T17:27:35","slug":"siyah-oniks-tasli-cift-kalp-motifli-pirlanta-detayli-altin-bileklik","status":"publish","type":"product","link":"https:\/\/www.gasia.com.tr\/en\/collections\/siyah-oniks-tasli-cift-kalp-motifli-pirlanta-detayli-altin-bileklik\/","title":{"rendered":"Siyah Oniks Ta\u015fl\u0131 \u00c7ift Kalp Motifli P\u0131rlanta Detayl\u0131 Alt\u0131n Bileklik"},"content":{"rendered":"<p>Derin siyah tonlar\u0131yla \u00f6ne \u00e7\u0131kan oniks ta\u015fl\u0131 \u00e7ift kalp formu, bu bilekli\u011fe g\u00fc\u00e7l\u00fc ve dikkat \u00e7ekici bir karakter kazand\u0131r\u0131r. Kalp motiflerini \u00e7evreleyen p\u0131rlanta detaylar, tasar\u0131ma zarif bir \u0131\u015f\u0131lt\u0131 eklerken alt\u0131n zincir bilekte ince ve \u015f\u0131k bir duru\u015f sa\u011flar. G\u00fcnl\u00fck kombinlerden \u00f6zel anlara kadar geni\u015f bir kullan\u0131m sunan bu tasar\u0131m, stiline kontrast ve ifade katmak isteyenler i\u00e7in ideal bir par\u00e7ad\u0131r.<\/p>","protected":false},"excerpt":{"rendered":"<ul>\n<li>14 Ayar Alt\u0131n<\/li>\n<li>0.11 ct P\u0131rlanta<\/li>\n<li>17.5 cm uzunluk<\/li>\n<\/ul>","protected":false},"featured_media":40860,"comment_status":"open","ping_status":"closed","template":"","meta":[],"product_brand":[],"product_cat":[73,260,210],"product_tag":[504,2775,2774,507,2776,512,2772,794,2282,2770,365,2268,358,2773,366,2682,2250,505,1803,1083],"class_list":{"0":"post-40869","1":"product","2":"type-product","3":"status-publish","4":"has-post-thumbnail","6":"product_cat-altin-pirlanta-bileklik","7":"product_cat-kadin","8":"product_cat-love-you-koleksiyonu","9":"product_tag-altin-bileklik","10":"product_tag-black-onyx-bracelet","11":"product_tag-cift-kalp-bileklik","12":"product_tag-diamond-bracelet","13":"product_tag-double-heart-bracelet","14":"product_tag-elegant-bracelet","15":"product_tag-gift-bracelet","16":"product_tag-gold-bracelet","17":"product_tag-heart-bracelet","18":"product_tag-hediye-bileklik","19":"product_tag-kadin-bileklik","20":"product_tag-kalp-bileklik","21":"product_tag-pirlanta-bileklik","22":"product_tag-siyah-oniks-bileklik","23":"product_tag-sik-bileklik","24":"product_tag-stone-bracelet","25":"product_tag-stylish-bracelet","26":"product_tag-tasli-bileklik","27":"product_tag-women-bracelet","28":"product_tag-zarif-bileklik","29":"pa_cinsiyet-kadin","31":"first","32":"instock","33":"shipping-taxable","34":"purchasable","35":"product-type-simple"},"_links":{"self":[{"href":"https:\/\/www.gasia.com.tr\/en\/wp-json\/wp\/v2\/product\/40869","targetHints":{"allow":["GET"]}}],"collection":[{"href":"https:\/\/www.gasia.com.tr\/en\/wp-json\/wp\/v2\/product"}],"about":[{"href":"https:\/\/www.gasia.com.tr\/en\/wp-json\/wp\/v2\/types\/product"}],"replies":[{"embeddable":true,"href":"https:\/\/www.gasia.com.tr\/en\/wp-json\/wp\/v2\/comments?post=40869"}],"version-history":[{"count":2,"href":"https:\/\/www.gasia.com.tr\/en\/wp-json\/wp\/v2\/product\/40869\/revisions"}],"predecessor-version":[{"id":40879,"href":"https:\/\/www.gasia.com.tr\/en\/wp-json\/wp\/v2\/product\/40869\/revisions\/40879"}],"wp:featuredmedia":[{"embeddable":true,"href":"https:\/\/www.gasia.com.tr\/en\/wp-json\/wp\/v2\/media\/40860"}],"wp:attachment":[{"href":"https:\/\/www.gasia.com.tr\/en\/wp-json\/wp\/v2\/media?parent=40869"}],"wp:term":[{"taxonomy":"product_brand","embeddable":true,"href":"https:\/\/www.gasia.com.tr\/en\/wp-json\/wp\/v2\/product_brand?post=40869"},{"taxonomy":"product_cat","embeddable":true,"href":"https:\/\/www.gasia.com.tr\/en\/wp-json\/wp\/v2\/product_cat?post=40869"},{"taxonomy":"product_tag","embeddable":true,"href":"https:\/\/www.gasia.com.tr\/en\/wp-json\/wp\/v2\/product_tag?post=40869"}],"curies":[{"name":"wp","href":"https:\/\/api.w.org\/{rel}","templated":true}]}}