{"id":40884,"date":"2026-02-03T00:00:00","date_gmt":"2026-02-02T21:00:00","guid":{"rendered":"https:\/\/www.gasia.com.tr\/?post_type=product&#038;p=40884"},"modified":"2026-03-30T16:29:25","modified_gmt":"2026-03-30T13:29:25","slug":"turkuaz-tasli-kalp-form-pirlanta-detayli-altin-kupe","status":"publish","type":"product","link":"https:\/\/www.gasia.com.tr\/en\/collections\/turkuaz-tasli-kalp-form-pirlanta-detayli-altin-kupe\/","title":{"rendered":"Turkuaz Ta\u015fl\u0131 Kalp Form P\u0131rlanta Detayl\u0131 Alt\u0131n K\u00fcpe"},"content":{"rendered":"<p>Canl\u0131 turkuaz tonlar\u0131yla \u00f6ne \u00e7\u0131kan kalp formu, bu k\u00fcpeye enerjik ve dikkat \u00e7ekici bir g\u00f6r\u00fcn\u00fcm kazand\u0131r\u0131r. Kalp \u00e7evresini saran p\u0131rlanta detaylar, tasar\u0131ma zarif bir \u0131\u015f\u0131lt\u0131 eklerken alt\u0131n zemin s\u0131cak ve \u015f\u0131k bir b\u00fct\u00fcnl\u00fck sa\u011flar. G\u00fcnl\u00fck kullan\u0131mda stilinize renk katmak ya da \u00f6zel anlarda anlaml\u0131 bir dokunu\u015f yaratmak i\u00e7in ideal bir par\u00e7ad\u0131r.<\/p>\n<p>&nbsp;<\/p>","protected":false},"excerpt":{"rendered":"<ul>\n<li>14 ayar Alt\u0131n<\/li>\n<li>0.15 ct P\u0131rlanta<\/li>\n<\/ul>","protected":false},"featured_media":40885,"comment_status":"open","ping_status":"closed","template":"","meta":[],"product_brand":[77],"product_cat":[74,210],"product_tag":[1713,2780,1715,1595,2785,1714,948,2783,395,942,374,2778,375,1957,2784,813,842,847,1596,378],"class_list":{"0":"post-40884","1":"product","2":"type-product","3":"status-publish","4":"has-post-thumbnail","6":"product_brand-gasia","7":"product_cat-kupe-modelleri","8":"product_cat-love-you-koleksiyonu","9":"product_tag-altin-kupe","10":"product_tag-colorful-jewelry","11":"product_tag-diamond-earrings","12":"product_tag-elegant-earrings","13":"product_tag-gift-earrings","14":"product_tag-gold-earrings","15":"product_tag-heart-earrings","16":"product_tag-hediye-kupe","17":"product_tag-kadin-kupe","18":"product_tag-kalp-kupe","19":"product_tag-pirlanta-kupe","20":"product_tag-renkli-taki","21":"product_tag-sik-kupe","22":"product_tag-stone-earrings","23":"product_tag-stylish-earrings","24":"product_tag-tasli-kupe","25":"product_tag-turkuaz-kupe","26":"product_tag-turquoise-earrings","27":"product_tag-women-earrings","28":"product_tag-zarif-kupe","29":"pa_cinsiyet-kadin","31":"first","32":"instock","33":"shipping-taxable","34":"purchasable","35":"product-type-simple"},"_links":{"self":[{"href":"https:\/\/www.gasia.com.tr\/en\/wp-json\/wp\/v2\/product\/40884","targetHints":{"allow":["GET"]}}],"collection":[{"href":"https:\/\/www.gasia.com.tr\/en\/wp-json\/wp\/v2\/product"}],"about":[{"href":"https:\/\/www.gasia.com.tr\/en\/wp-json\/wp\/v2\/types\/product"}],"replies":[{"embeddable":true,"href":"https:\/\/www.gasia.com.tr\/en\/wp-json\/wp\/v2\/comments?post=40884"}],"version-history":[{"count":2,"href":"https:\/\/www.gasia.com.tr\/en\/wp-json\/wp\/v2\/product\/40884\/revisions"}],"predecessor-version":[{"id":40901,"href":"https:\/\/www.gasia.com.tr\/en\/wp-json\/wp\/v2\/product\/40884\/revisions\/40901"}],"wp:featuredmedia":[{"embeddable":true,"href":"https:\/\/www.gasia.com.tr\/en\/wp-json\/wp\/v2\/media\/40885"}],"wp:attachment":[{"href":"https:\/\/www.gasia.com.tr\/en\/wp-json\/wp\/v2\/media?parent=40884"}],"wp:term":[{"taxonomy":"product_brand","embeddable":true,"href":"https:\/\/www.gasia.com.tr\/en\/wp-json\/wp\/v2\/product_brand?post=40884"},{"taxonomy":"product_cat","embeddable":true,"href":"https:\/\/www.gasia.com.tr\/en\/wp-json\/wp\/v2\/product_cat?post=40884"},{"taxonomy":"product_tag","embeddable":true,"href":"https:\/\/www.gasia.com.tr\/en\/wp-json\/wp\/v2\/product_tag?post=40884"}],"curies":[{"name":"wp","href":"https:\/\/api.w.org\/{rel}","templated":true}]}}