{"id":40889,"date":"2026-02-03T00:00:00","date_gmt":"2026-02-02T21:00:00","guid":{"rendered":"https:\/\/www.gasia.com.tr\/?post_type=product&#038;p=40889"},"modified":"2026-03-30T16:29:24","modified_gmt":"2026-03-30T13:29:24","slug":"malakit-kalp-form-pirlanta-detayli-altin-kupe","status":"publish","type":"product","link":"https:\/\/www.gasia.com.tr\/en\/collections\/malakit-kalp-form-pirlanta-detayli-altin-kupe\/","title":{"rendered":"Malakit Kalp Form P\u0131rlanta Detayl\u0131 Alt\u0131n K\u00fcpe"},"content":{"rendered":"<p>Malakit ta\u015f\u0131n karakteristik ye\u015fil tonlar\u0131 ve do\u011fal \u00e7izgili dokusu, kalp formuyla birle\u015ferek g\u00fc\u00e7l\u00fc bir g\u00f6rsel etki yarat\u0131r. Etraf\u0131n\u0131 \u00e7evreleyen p\u0131rlanta detaylar \u0131\u015f\u0131\u011f\u0131 dengeli \u015fekilde yans\u0131t\u0131rken, alt\u0131n \u00e7er\u00e7eve tasar\u0131ma s\u0131cak bir kontrast katar. G\u00fcnl\u00fck stiline farkl\u0131l\u0131k katmak ya da \u00f6zel anlarda dikkat \u00e7ekmek isteyenler i\u00e7in \u00f6ne \u00e7\u0131kan bir par\u00e7ad\u0131r.<\/p>","protected":false},"excerpt":{"rendered":"<ul>\n<li>14 ayar Alt\u0131n<\/li>\n<li>0.15 ct P\u0131rlanta<\/li>\n<\/ul>","protected":false},"featured_media":40896,"comment_status":"open","ping_status":"closed","template":"","meta":[],"product_brand":[77],"product_cat":[74,210],"product_tag":[953,955,956,948,954,950,395,942,947,944,943,951,949,957,952,945,946,378],"class_list":{"0":"post-40889","1":"product","2":"type-product","3":"status-publish","4":"has-post-thumbnail","6":"product_brand-gasia","7":"product_cat-kupe-modelleri","8":"product_cat-love-you-koleksiyonu","9":"product_tag-crystal-heart-earrings","10":"product_tag-cute-heart-earrings","11":"product_tag-gold-heart-stud-earrings","12":"product_tag-heart-earrings","13":"product_tag-heart-jewelry-earrings","14":"product_tag-heart-stud-earrings","15":"product_tag-kadin-kupe","16":"product_tag-kalp-kupe","17":"product_tag-kalp-motifli-kupe","18":"product_tag-kalp-seklinde-kupe","19":"product_tag-pembe-tasli-kupe","20":"product_tag-pink-gemstone-earrings","21":"product_tag-pink-heart-earrings","22":"product_tag-pink-stone-earrings","23":"product_tag-romantic-earrings","24":"product_tag-romantik-kupe","25":"product_tag-tasli-civi-kupe","26":"product_tag-zarif-kupe","27":"pa_cinsiyet-kadin","29":"first","30":"instock","31":"shipping-taxable","32":"purchasable","33":"product-type-simple"},"_links":{"self":[{"href":"https:\/\/www.gasia.com.tr\/en\/wp-json\/wp\/v2\/product\/40889","targetHints":{"allow":["GET"]}}],"collection":[{"href":"https:\/\/www.gasia.com.tr\/en\/wp-json\/wp\/v2\/product"}],"about":[{"href":"https:\/\/www.gasia.com.tr\/en\/wp-json\/wp\/v2\/types\/product"}],"replies":[{"embeddable":true,"href":"https:\/\/www.gasia.com.tr\/en\/wp-json\/wp\/v2\/comments?post=40889"}],"version-history":[{"count":2,"href":"https:\/\/www.gasia.com.tr\/en\/wp-json\/wp\/v2\/product\/40889\/revisions"}],"predecessor-version":[{"id":40903,"href":"https:\/\/www.gasia.com.tr\/en\/wp-json\/wp\/v2\/product\/40889\/revisions\/40903"}],"wp:featuredmedia":[{"embeddable":true,"href":"https:\/\/www.gasia.com.tr\/en\/wp-json\/wp\/v2\/media\/40896"}],"wp:attachment":[{"href":"https:\/\/www.gasia.com.tr\/en\/wp-json\/wp\/v2\/media?parent=40889"}],"wp:term":[{"taxonomy":"product_brand","embeddable":true,"href":"https:\/\/www.gasia.com.tr\/en\/wp-json\/wp\/v2\/product_brand?post=40889"},{"taxonomy":"product_cat","embeddable":true,"href":"https:\/\/www.gasia.com.tr\/en\/wp-json\/wp\/v2\/product_cat?post=40889"},{"taxonomy":"product_tag","embeddable":true,"href":"https:\/\/www.gasia.com.tr\/en\/wp-json\/wp\/v2\/product_tag?post=40889"}],"curies":[{"name":"wp","href":"https:\/\/api.w.org\/{rel}","templated":true}]}}