{"id":40906,"date":"2026-02-05T00:00:00","date_gmt":"2026-02-04T21:00:00","guid":{"rendered":"https:\/\/www.gasia.com.tr\/?post_type=product&#038;p=40906"},"modified":"2026-04-13T21:42:08","modified_gmt":"2026-04-13T18:42:08","slug":"malakit-tasli-damla-form-pirlanta-detayli-altin-kupe","status":"publish","type":"product","link":"https:\/\/www.gasia.com.tr\/en\/collections\/malakit-tasli-damla-form-pirlanta-detayli-altin-kupe\/","title":{"rendered":"Malakit Ta\u015fl\u0131 Damla Form P\u0131rlanta Detayl\u0131 Alt\u0131n K\u00fcpe"},"content":{"rendered":"<p>Malakit ta\u015f\u0131n do\u011fal \u00e7izgili dokusu ve yo\u011fun ye\u015fil tonlar\u0131, \u00e7oklu damla form tasar\u0131m\u0131yla birle\u015ferek g\u00fc\u00e7l\u00fc bir g\u00f6r\u00fcn\u00fcm sunar. Her bir formu \u00e7evreleyen p\u0131rlanta detaylar \u0131\u015f\u0131\u011f\u0131 zarif \u015fekilde yans\u0131t\u0131rken, alt\u0131n mont\u00fcr tasar\u0131ma s\u0131cak ve dengeli bir kontrast kazand\u0131r\u0131r. Hareketli yap\u0131s\u0131 sayesinde \u0131\u015f\u0131kla birlikte parlayan bu k\u00fcpe, \u00f6zel davetlerden \u015f\u0131k kombinlere kadar dikkat \u00e7ekici bir tamamlay\u0131c\u0131d\u0131r.<\/p>","protected":false},"excerpt":{"rendered":"<p>18 Ayar Alt\u0131n<br \/>\n1,04ct P\u0131rlanta<\/p>","protected":false},"featured_media":40907,"comment_status":"open","ping_status":"closed","template":"","meta":[],"product_brand":[],"product_cat":[74],"product_tag":[1713,893,1684,1715,833,1714,1981,1592,395,2787,2786,374,814,375,403,1585],"class_list":{"0":"post-40906","1":"product","2":"type-product","3":"status-publish","4":"has-post-thumbnail","6":"product_cat-kupe-modelleri","7":"product_tag-altin-kupe","8":"product_tag-damla-kupe","9":"product_tag-dangle-earrings","10":"product_tag-diamond-earrings","11":"product_tag-drop-earrings","12":"product_tag-gold-earrings","13":"product_tag-gosterisli-kupe","14":"product_tag-green-stone-earrings","15":"product_tag-kadin-kupe","16":"product_tag-malachite-earrings","17":"product_tag-malakit-kupe","18":"product_tag-pirlanta-kupe","19":"product_tag-sallantili-kupe","20":"product_tag-sik-kupe","21":"product_tag-statement-earrings","22":"product_tag-yesil-tasli-kupe","23":"pa_cinsiyet-kadin","25":"first","26":"instock","27":"sale","28":"shipping-taxable","29":"purchasable","30":"product-type-simple"},"_links":{"self":[{"href":"https:\/\/www.gasia.com.tr\/en\/wp-json\/wp\/v2\/product\/40906","targetHints":{"allow":["GET"]}}],"collection":[{"href":"https:\/\/www.gasia.com.tr\/en\/wp-json\/wp\/v2\/product"}],"about":[{"href":"https:\/\/www.gasia.com.tr\/en\/wp-json\/wp\/v2\/types\/product"}],"replies":[{"embeddable":true,"href":"https:\/\/www.gasia.com.tr\/en\/wp-json\/wp\/v2\/comments?post=40906"}],"version-history":[{"count":2,"href":"https:\/\/www.gasia.com.tr\/en\/wp-json\/wp\/v2\/product\/40906\/revisions"}],"predecessor-version":[{"id":40917,"href":"https:\/\/www.gasia.com.tr\/en\/wp-json\/wp\/v2\/product\/40906\/revisions\/40917"}],"wp:featuredmedia":[{"embeddable":true,"href":"https:\/\/www.gasia.com.tr\/en\/wp-json\/wp\/v2\/media\/40907"}],"wp:attachment":[{"href":"https:\/\/www.gasia.com.tr\/en\/wp-json\/wp\/v2\/media?parent=40906"}],"wp:term":[{"taxonomy":"product_brand","embeddable":true,"href":"https:\/\/www.gasia.com.tr\/en\/wp-json\/wp\/v2\/product_brand?post=40906"},{"taxonomy":"product_cat","embeddable":true,"href":"https:\/\/www.gasia.com.tr\/en\/wp-json\/wp\/v2\/product_cat?post=40906"},{"taxonomy":"product_tag","embeddable":true,"href":"https:\/\/www.gasia.com.tr\/en\/wp-json\/wp\/v2\/product_tag?post=40906"}],"curies":[{"name":"wp","href":"https:\/\/api.w.org\/{rel}","templated":true}]}}