{"id":40911,"date":"2026-02-05T00:00:00","date_gmt":"2026-02-04T21:00:00","guid":{"rendered":"https:\/\/www.gasia.com.tr\/?post_type=product&#038;p=40911"},"modified":"2026-03-30T16:19:19","modified_gmt":"2026-03-30T13:19:19","slug":"turkuaz-tasli-damla-form-pirlanta-detayli-altin-kupe","status":"publish","type":"product","link":"https:\/\/www.gasia.com.tr\/en\/collections\/turkuaz-tasli-damla-form-pirlanta-detayli-altin-kupe\/","title":{"rendered":"Turkuaz Ta\u015fl\u0131 Damla Form P\u0131rlanta Detayl\u0131 Alt\u0131n K\u00fcpe"},"content":{"rendered":"<p>Turkuaz ta\u015f\u0131n canl\u0131 ve enerjik tonu, \u00e7oklu damla form tasar\u0131m\u0131yla birle\u015ferek dikkat \u00e7ekici bir g\u00f6r\u00fcn\u00fcm sunar. Her bir formu \u00e7evreleyen p\u0131rlanta detaylar \u0131\u015f\u0131\u011f\u0131 zarif \u015fekilde yans\u0131t\u0131rken, alt\u0131n mont\u00fcr tasar\u0131ma s\u0131cak bir kontrast katar. Hareketli yap\u0131s\u0131yla \u0131\u015f\u0131kla birlikte parlayan bu k\u00fcpe, hem g\u00fcnl\u00fck stiline renk katmak hem de \u00f6zel anlarda \u00f6ne \u00e7\u0131kmak i\u00e7in ideal bir tamamlay\u0131c\u0131d\u0131r.<\/p>","protected":false},"excerpt":{"rendered":"<p>18 Ayar Alt\u0131n<br \/>\n1,04ct P\u0131rlanta<\/p>","protected":false},"featured_media":40912,"comment_status":"open","ping_status":"closed","template":"","meta":[],"product_brand":[77],"product_cat":[74],"product_tag":[1713,893,1684,1715,833,1714,1981,395,374,814,375,403,842,855,847,1596],"class_list":{"0":"post-40911","1":"product","2":"type-product","3":"status-publish","4":"has-post-thumbnail","6":"product_brand-gasia","7":"product_cat-kupe-modelleri","8":"product_tag-altin-kupe","9":"product_tag-damla-kupe","10":"product_tag-dangle-earrings","11":"product_tag-diamond-earrings","12":"product_tag-drop-earrings","13":"product_tag-gold-earrings","14":"product_tag-gosterisli-kupe","15":"product_tag-kadin-kupe","16":"product_tag-pirlanta-kupe","17":"product_tag-sallantili-kupe","18":"product_tag-sik-kupe","19":"product_tag-statement-earrings","20":"product_tag-turkuaz-kupe","21":"product_tag-turkuaz-tasli-kupe","22":"product_tag-turquoise-earrings","23":"product_tag-women-earrings","24":"pa_cinsiyet-kadin","26":"first","27":"instock","28":"sale","29":"shipping-taxable","30":"purchasable","31":"product-type-simple"},"_links":{"self":[{"href":"https:\/\/www.gasia.com.tr\/en\/wp-json\/wp\/v2\/product\/40911","targetHints":{"allow":["GET"]}}],"collection":[{"href":"https:\/\/www.gasia.com.tr\/en\/wp-json\/wp\/v2\/product"}],"about":[{"href":"https:\/\/www.gasia.com.tr\/en\/wp-json\/wp\/v2\/types\/product"}],"replies":[{"embeddable":true,"href":"https:\/\/www.gasia.com.tr\/en\/wp-json\/wp\/v2\/comments?post=40911"}],"version-history":[{"count":2,"href":"https:\/\/www.gasia.com.tr\/en\/wp-json\/wp\/v2\/product\/40911\/revisions"}],"predecessor-version":[{"id":40916,"href":"https:\/\/www.gasia.com.tr\/en\/wp-json\/wp\/v2\/product\/40911\/revisions\/40916"}],"wp:featuredmedia":[{"embeddable":true,"href":"https:\/\/www.gasia.com.tr\/en\/wp-json\/wp\/v2\/media\/40912"}],"wp:attachment":[{"href":"https:\/\/www.gasia.com.tr\/en\/wp-json\/wp\/v2\/media?parent=40911"}],"wp:term":[{"taxonomy":"product_brand","embeddable":true,"href":"https:\/\/www.gasia.com.tr\/en\/wp-json\/wp\/v2\/product_brand?post=40911"},{"taxonomy":"product_cat","embeddable":true,"href":"https:\/\/www.gasia.com.tr\/en\/wp-json\/wp\/v2\/product_cat?post=40911"},{"taxonomy":"product_tag","embeddable":true,"href":"https:\/\/www.gasia.com.tr\/en\/wp-json\/wp\/v2\/product_tag?post=40911"}],"curies":[{"name":"wp","href":"https:\/\/api.w.org\/{rel}","templated":true}]}}