{"id":40926,"date":"2026-03-22T00:00:00","date_gmt":"2026-03-21T21:00:00","guid":{"rendered":"https:\/\/www.gasia.com.tr\/?post_type=product&#038;p=40926"},"modified":"2026-03-30T16:46:08","modified_gmt":"2026-03-30T13:46:08","slug":"malakit-damla-form-pirlanta-detayli-altin-kupe","status":"publish","type":"product","link":"https:\/\/www.gasia.com.tr\/en\/collections\/malakit-damla-form-pirlanta-detayli-altin-kupe\/","title":{"rendered":"Malakit Damla Form P\u0131rlanta Detayl\u0131 Alt\u0131n K\u00fcpe"},"content":{"rendered":"<p>Malakit ta\u015f\u0131n do\u011fal \u00e7izgili dokusu ve yo\u011fun ye\u015fil tonlar\u0131, damla form tasar\u0131mla birle\u015ferek g\u00fc\u00e7l\u00fc bir g\u00f6r\u00fcn\u00fcm sunar. \u00dcst k\u0131sm\u0131ndaki p\u0131rlanta detayl\u0131 motif ve ince i\u015f\u00e7ilik, tasar\u0131ma hareket kazand\u0131r\u0131rken alt\u0131n mont\u00fcr ile dengeli bir kontrast olu\u015fturur. Hem g\u00fcnl\u00fck kullan\u0131mda hem de \u00f6zel anlarda stilini \u00f6ne \u00e7\u0131karan dikkat \u00e7ekici bir par\u00e7ad\u0131r.<\/p>","protected":false},"excerpt":{"rendered":"<ul>\n<li>18 ayar alt\u0131n<\/li>\n<li>925 ayar g\u00fcm\u00fc\u015f<\/li>\n<li>0.42 ct p\u0131rlanta<\/li>\n<li>Malakit<\/li>\n<\/ul>","protected":false},"featured_media":40927,"comment_status":"open","ping_status":"closed","template":"","meta":[],"product_brand":[77],"product_cat":[260,74],"product_tag":[1713,2503,893,1684,1715,833,1714,1981,395,374,814,375,403,2504],"class_list":{"0":"post-40926","1":"product","2":"type-product","3":"status-publish","4":"has-post-thumbnail","6":"product_brand-gasia","7":"product_cat-kadin","8":"product_cat-kupe-modelleri","9":"product_tag-altin-kupe","10":"product_tag-beyaz-mercan-kupe","11":"product_tag-damla-kupe","12":"product_tag-dangle-earrings","13":"product_tag-diamond-earrings","14":"product_tag-drop-earrings","15":"product_tag-gold-earrings","16":"product_tag-gosterisli-kupe","17":"product_tag-kadin-kupe","18":"product_tag-pirlanta-kupe","19":"product_tag-sallantili-kupe","20":"product_tag-sik-kupe","21":"product_tag-statement-earrings","22":"product_tag-white-coral-earrings","23":"pa_cinsiyet-kadin","25":"first","26":"instock","27":"sale","28":"shipping-taxable","29":"purchasable","30":"product-type-simple"},"_links":{"self":[{"href":"https:\/\/www.gasia.com.tr\/en\/wp-json\/wp\/v2\/product\/40926","targetHints":{"allow":["GET"]}}],"collection":[{"href":"https:\/\/www.gasia.com.tr\/en\/wp-json\/wp\/v2\/product"}],"about":[{"href":"https:\/\/www.gasia.com.tr\/en\/wp-json\/wp\/v2\/types\/product"}],"replies":[{"embeddable":true,"href":"https:\/\/www.gasia.com.tr\/en\/wp-json\/wp\/v2\/comments?post=40926"}],"version-history":[{"count":2,"href":"https:\/\/www.gasia.com.tr\/en\/wp-json\/wp\/v2\/product\/40926\/revisions"}],"predecessor-version":[{"id":40929,"href":"https:\/\/www.gasia.com.tr\/en\/wp-json\/wp\/v2\/product\/40926\/revisions\/40929"}],"wp:featuredmedia":[{"embeddable":true,"href":"https:\/\/www.gasia.com.tr\/en\/wp-json\/wp\/v2\/media\/40927"}],"wp:attachment":[{"href":"https:\/\/www.gasia.com.tr\/en\/wp-json\/wp\/v2\/media?parent=40926"}],"wp:term":[{"taxonomy":"product_brand","embeddable":true,"href":"https:\/\/www.gasia.com.tr\/en\/wp-json\/wp\/v2\/product_brand?post=40926"},{"taxonomy":"product_cat","embeddable":true,"href":"https:\/\/www.gasia.com.tr\/en\/wp-json\/wp\/v2\/product_cat?post=40926"},{"taxonomy":"product_tag","embeddable":true,"href":"https:\/\/www.gasia.com.tr\/en\/wp-json\/wp\/v2\/product_tag?post=40926"}],"curies":[{"name":"wp","href":"https:\/\/api.w.org\/{rel}","templated":true}]}}