{"id":41017,"date":"2026-01-02T00:00:00","date_gmt":"2026-01-01T21:00:00","guid":{"rendered":"https:\/\/www.gasia.com.tr\/?post_type=product&#038;p=41017"},"modified":"2026-03-31T17:39:32","modified_gmt":"2026-03-31T14:39:32","slug":"bugday-basak-formlu-pirlanta-detayli-altin-kolye","status":"publish","type":"product","link":"https:\/\/www.gasia.com.tr\/en\/collections\/bugday-basak-formlu-pirlanta-detayli-altin-kolye\/","title":{"rendered":"Bu\u011fday Ba\u015fak Formlu P\u0131rlanta Detayl\u0131 Alt\u0131n Kolye"},"content":{"rendered":"<p>Bu\u011fday ba\u015fa\u011f\u0131ndan ilham alan tasar\u0131m\u0131yla \u00f6ne \u00e7\u0131kan bu kolye, do\u011fal ve anlaml\u0131 bir g\u00f6r\u00fcn\u00fcm sunar. Siyah tonlu y\u00fczeyi boyunca uzanan p\u0131rlanta detaylar, modele \u0131\u015f\u0131lt\u0131 katarken ba\u015fak formunun zarif yap\u0131s\u0131n\u0131 vurgular. \u0130nce alt\u0131n zinciri ile dengeli bir duru\u015f sa\u011flayan bu par\u00e7a, hem g\u00fcnl\u00fck kullan\u0131m hem de \u00f6zel kombinler i\u00e7in ideal bir se\u00e7enektir. Do\u011fadan esinlenen \u00e7izgileriyle sade ama dikkat \u00e7ekici bir stil sunar.<\/p>","protected":false},"excerpt":{"rendered":"<p>Bu\u011fday ba\u015fa\u011f\u0131ndan ilham alan tasar\u0131m\u0131yla \u00f6ne \u00e7\u0131kan bu kolye, do\u011fal ve anlaml\u0131 bir g\u00f6r\u00fcn\u00fcm sunar. Siyah tonlu y\u00fczeyi boyunca uzanan<\/p>","protected":false},"featured_media":41018,"comment_status":"open","ping_status":"closed","template":"","meta":[],"product_brand":[2718],"product_cat":[75],"product_tag":[278,1089,2821,2827,2820,2709,294,2822,322,473,2826,276,2823,2825,2824],"class_list":{"0":"post-41017","1":"product","2":"type-product","3":"status-publish","4":"has-post-thumbnail","6":"product_brand-gasia-casuals","7":"product_cat-kolye","8":"product_tag-altin-kolye","9":"product_tag-anlamli-kolye","10":"product_tag-basak-kolye","11":"product_tag-black-necklace","12":"product_tag-bugday-basak-kolye","13":"product_tag-dainty-necklace","14":"product_tag-diamond-necklace","15":"product_tag-doga-temali-kolye","16":"product_tag-gold-necklace","17":"product_tag-kadin-kolye","18":"product_tag-nature-inspired-necklace","19":"product_tag-pirlanta-kolye","20":"product_tag-siyah-kolye","21":"product_tag-wheat-ear-necklace","22":"product_tag-wheat-necklace","23":"pa_cinsiyet-kadin","25":"first","26":"instock","27":"shipping-taxable","28":"product-type-simple"},"_links":{"self":[{"href":"https:\/\/www.gasia.com.tr\/en\/wp-json\/wp\/v2\/product\/41017","targetHints":{"allow":["GET"]}}],"collection":[{"href":"https:\/\/www.gasia.com.tr\/en\/wp-json\/wp\/v2\/product"}],"about":[{"href":"https:\/\/www.gasia.com.tr\/en\/wp-json\/wp\/v2\/types\/product"}],"replies":[{"embeddable":true,"href":"https:\/\/www.gasia.com.tr\/en\/wp-json\/wp\/v2\/comments?post=41017"}],"version-history":[{"count":2,"href":"https:\/\/www.gasia.com.tr\/en\/wp-json\/wp\/v2\/product\/41017\/revisions"}],"predecessor-version":[{"id":41020,"href":"https:\/\/www.gasia.com.tr\/en\/wp-json\/wp\/v2\/product\/41017\/revisions\/41020"}],"wp:featuredmedia":[{"embeddable":true,"href":"https:\/\/www.gasia.com.tr\/en\/wp-json\/wp\/v2\/media\/41018"}],"wp:attachment":[{"href":"https:\/\/www.gasia.com.tr\/en\/wp-json\/wp\/v2\/media?parent=41017"}],"wp:term":[{"taxonomy":"product_brand","embeddable":true,"href":"https:\/\/www.gasia.com.tr\/en\/wp-json\/wp\/v2\/product_brand?post=41017"},{"taxonomy":"product_cat","embeddable":true,"href":"https:\/\/www.gasia.com.tr\/en\/wp-json\/wp\/v2\/product_cat?post=41017"},{"taxonomy":"product_tag","embeddable":true,"href":"https:\/\/www.gasia.com.tr\/en\/wp-json\/wp\/v2\/product_tag?post=41017"}],"curies":[{"name":"wp","href":"https:\/\/api.w.org\/{rel}","templated":true}]}}