{"id":41021,"date":"2026-02-27T00:00:00","date_gmt":"2026-02-26T21:00:00","guid":{"rendered":"https:\/\/www.gasia.com.tr\/?post_type=product&#038;p=41021"},"modified":"2026-04-20T22:29:07","modified_gmt":"2026-04-20T19:29:07","slug":"dikdortgen-kesim-zumrut-tasli-altin-kolye","status":"publish","type":"product","link":"https:\/\/www.gasia.com.tr\/en\/collections\/dikdortgen-kesim-zumrut-tasli-altin-kolye\/","title":{"rendered":"Dikd\u00f6rtgen Kesim Z\u00fcmr\u00fct Ta\u015fl\u0131 Alt\u0131n Kolye"},"content":{"rendered":"<p>Dikd\u00f6rtgen kesim z\u00fcmr\u00fct ta\u015f\u0131 ile tasarlanan bu kolye, sade ve dikkat \u00e7ekici bir g\u00f6r\u00fcn\u00fcm sunar. Canl\u0131 ye\u015fil tonu sayesinde tek ba\u015f\u0131na bile g\u00fc\u00e7l\u00fc bir etki yarat\u0131r. \u0130nce alt\u0131n zinciri ile birle\u015fen tasar\u0131m, boyunda zarif bir duru\u015f sa\u011flar. G\u00fcnl\u00fck kullan\u0131mda rahatl\u0131kla tercih edilebilecek bu par\u00e7a, \u00f6zel g\u00fcnlerde de stilini tamamlayan \u015f\u0131k bir se\u00e7enektir.<\/p>","protected":false},"excerpt":{"rendered":"<p>Dikd\u00f6rtgen kesim z\u00fcmr\u00fct ta\u015f\u0131 ile tasarlanan bu kolye, sade ve dikkat \u00e7ekici bir g\u00f6r\u00fcn\u00fcm sunar. Canl\u0131 ye\u015fil tonu sayesinde tek<\/p>","protected":false},"featured_media":41022,"comment_status":"open","ping_status":"closed","template":"","meta":[],"product_brand":[2718],"product_cat":[75],"product_tag":[278,2709,1408,322,2829,473,273,1767,2828,474,1763,1401],"class_list":{"0":"post-41021","1":"product","2":"type-product","3":"status-publish","4":"has-post-thumbnail","6":"product_brand-gasia-casuals","7":"product_cat-kolye","8":"product_tag-altin-kolye","9":"product_tag-dainty-necklace","10":"product_tag-emerald-necklace","11":"product_tag-gold-necklace","12":"product_tag-green-gemstone-necklace","13":"product_tag-kadin-kolye","14":"product_tag-minimal-kolye","15":"product_tag-minimalist-necklace","16":"product_tag-sade-kolye","17":"product_tag-sik-kolye","18":"product_tag-yesil-tasli-kolye","19":"product_tag-zumrut-kolye","20":"pa_cinsiyet-kadin","22":"first","23":"instock","24":"shipping-taxable","25":"product-type-simple"},"_links":{"self":[{"href":"https:\/\/www.gasia.com.tr\/en\/wp-json\/wp\/v2\/product\/41021","targetHints":{"allow":["GET"]}}],"collection":[{"href":"https:\/\/www.gasia.com.tr\/en\/wp-json\/wp\/v2\/product"}],"about":[{"href":"https:\/\/www.gasia.com.tr\/en\/wp-json\/wp\/v2\/types\/product"}],"replies":[{"embeddable":true,"href":"https:\/\/www.gasia.com.tr\/en\/wp-json\/wp\/v2\/comments?post=41021"}],"version-history":[{"count":1,"href":"https:\/\/www.gasia.com.tr\/en\/wp-json\/wp\/v2\/product\/41021\/revisions"}],"predecessor-version":[{"id":41023,"href":"https:\/\/www.gasia.com.tr\/en\/wp-json\/wp\/v2\/product\/41021\/revisions\/41023"}],"wp:featuredmedia":[{"embeddable":true,"href":"https:\/\/www.gasia.com.tr\/en\/wp-json\/wp\/v2\/media\/41022"}],"wp:attachment":[{"href":"https:\/\/www.gasia.com.tr\/en\/wp-json\/wp\/v2\/media?parent=41021"}],"wp:term":[{"taxonomy":"product_brand","embeddable":true,"href":"https:\/\/www.gasia.com.tr\/en\/wp-json\/wp\/v2\/product_brand?post=41021"},{"taxonomy":"product_cat","embeddable":true,"href":"https:\/\/www.gasia.com.tr\/en\/wp-json\/wp\/v2\/product_cat?post=41021"},{"taxonomy":"product_tag","embeddable":true,"href":"https:\/\/www.gasia.com.tr\/en\/wp-json\/wp\/v2\/product_tag?post=41021"}],"curies":[{"name":"wp","href":"https:\/\/api.w.org\/{rel}","templated":true}]}}