{"id":41024,"date":"2026-01-30T00:00:00","date_gmt":"2026-01-29T21:00:00","guid":{"rendered":"https:\/\/www.gasia.com.tr\/?post_type=product&#038;p=41024"},"modified":"2026-04-21T14:40:56","modified_gmt":"2026-04-21T11:40:56","slug":"slice-diamond-ortali-pirlanta-cerceveli-altin-kolye","status":"publish","type":"product","link":"https:\/\/www.gasia.com.tr\/en\/collections\/slice-diamond-ortali-pirlanta-cerceveli-altin-kolye\/","title":{"rendered":"Slice Diamond Ortal\u0131 P\u0131rlanta \u00c7er\u00e7eveli Alt\u0131n Kolye"},"content":{"rendered":"<p>Ortada yer alan slice diamond ta\u015f, do\u011fal ve ham g\u00f6r\u00fcn\u00fcm\u00fcyle kolyeye karakter kazand\u0131r\u0131r. \u00c7evresini saran p\u0131rlanta detayl\u0131 \u00e7er\u00e7eve ise \u0131\u015f\u0131lt\u0131y\u0131 art\u0131rarak tasar\u0131m\u0131 dengeler. Alt\u0131n zinciri ile tamamlanan bu model, sade kombinlere farkl\u0131 bir dokunu\u015f eklerken \u00f6zel g\u00fcnlerde de rahatl\u0131kla kullan\u0131labilir. Do\u011fal ta\u015f formu sayesinde her par\u00e7a kendine \u00f6zg\u00fc bir g\u00f6r\u00fcn\u00fcm sunar.<\/p>","protected":false},"excerpt":{"rendered":"<p>Ortada yer alan slice diamond ta\u015f, do\u011fal ve ham g\u00f6r\u00fcn\u00fcm\u00fcyle kolyeye karakter kazand\u0131r\u0131r. \u00c7evresini saran p\u0131rlanta detayl\u0131 \u00e7er\u00e7eve ise \u0131\u015f\u0131lt\u0131y\u0131<\/p>","protected":false},"featured_media":41025,"comment_status":"open","ping_status":"closed","template":"","meta":[],"product_brand":[2718],"product_cat":[75],"product_tag":[278,2835,633,1430,2833,1180,322,2831,473,483,2744,2832,2834,2830,2073],"class_list":{"0":"post-41024","1":"product","2":"type-product","3":"status-publish","4":"has-post-thumbnail","6":"product_brand-gasia-casuals","7":"product_cat-kolye","8":"product_tag-altin-kolye","9":"product_tag-bezel-diamond-necklace","10":"product_tag-designer-necklace","11":"product_tag-diamond-halo-necklace","12":"product_tag-dogal-elmas-kolye","13":"product_tag-fine-jewelry-necklace","14":"product_tag-gold-necklace","15":"product_tag-ham-elmas-kolye","16":"product_tag-kadin-kolye","17":"product_tag-ozel-tasarim-kolye","18":"product_tag-pirlanta-cerceveli-kolye","19":"product_tag-raw-diamond-necklace","20":"product_tag-rustic-diamond-necklace","21":"product_tag-slice-diamond-kolye","22":"product_tag-unique-necklace","23":"pa_cinsiyet-kadin","25":"first","26":"instock","27":"shipping-taxable","28":"product-type-simple"},"_links":{"self":[{"href":"https:\/\/www.gasia.com.tr\/en\/wp-json\/wp\/v2\/product\/41024","targetHints":{"allow":["GET"]}}],"collection":[{"href":"https:\/\/www.gasia.com.tr\/en\/wp-json\/wp\/v2\/product"}],"about":[{"href":"https:\/\/www.gasia.com.tr\/en\/wp-json\/wp\/v2\/types\/product"}],"replies":[{"embeddable":true,"href":"https:\/\/www.gasia.com.tr\/en\/wp-json\/wp\/v2\/comments?post=41024"}],"version-history":[{"count":2,"href":"https:\/\/www.gasia.com.tr\/en\/wp-json\/wp\/v2\/product\/41024\/revisions"}],"predecessor-version":[{"id":41027,"href":"https:\/\/www.gasia.com.tr\/en\/wp-json\/wp\/v2\/product\/41024\/revisions\/41027"}],"wp:featuredmedia":[{"embeddable":true,"href":"https:\/\/www.gasia.com.tr\/en\/wp-json\/wp\/v2\/media\/41025"}],"wp:attachment":[{"href":"https:\/\/www.gasia.com.tr\/en\/wp-json\/wp\/v2\/media?parent=41024"}],"wp:term":[{"taxonomy":"product_brand","embeddable":true,"href":"https:\/\/www.gasia.com.tr\/en\/wp-json\/wp\/v2\/product_brand?post=41024"},{"taxonomy":"product_cat","embeddable":true,"href":"https:\/\/www.gasia.com.tr\/en\/wp-json\/wp\/v2\/product_cat?post=41024"},{"taxonomy":"product_tag","embeddable":true,"href":"https:\/\/www.gasia.com.tr\/en\/wp-json\/wp\/v2\/product_tag?post=41024"}],"curies":[{"name":"wp","href":"https:\/\/api.w.org\/{rel}","templated":true}]}}