{"id":41047,"date":"2026-03-28T19:19:58","date_gmt":"2026-03-28T16:19:58","guid":{"rendered":"https:\/\/www.gasia.com.tr\/?post_type=product&#038;p=41047"},"modified":"2026-04-02T15:26:48","modified_gmt":"2026-04-02T12:26:48","slug":"beyaz-akik-kilit-formlu-turkuaz-ve-pirlanta-detayli-altin-kolye","status":"publish","type":"product","link":"https:\/\/www.gasia.com.tr\/en\/collections\/beyaz-akik-kilit-formlu-turkuaz-ve-pirlanta-detayli-altin-kolye\/","title":{"rendered":"Beyaz Akik Kilit Formlu Turkuaz ve P\u0131rlanta Detayl\u0131 Alt\u0131n Kolye"},"content":{"rendered":"<p>Kilit formundan ilham alan bu kolye, modern ve anlaml\u0131 tasar\u0131m\u0131yla \u00f6ne \u00e7\u0131kar. Beyaz akik g\u00f6vde, ortas\u0131nda yer alan turkuaz ta\u015f ve etraf\u0131ndaki p\u0131rlanta detayl\u0131 \u00e7i\u00e7ek motifi ile dengeli bir g\u00f6r\u00fcn\u00fcm sunar. Alt\u0131n zincir ve halka detaylar\u0131 tasar\u0131ma s\u0131cak bir ton kazand\u0131r\u0131rken, sade ama karakterli bir stil olu\u015fturur. G\u00fcnl\u00fck kullan\u0131ma uygun oldu\u011fu gibi, \u00f6zel kombinlere de zarif bir dokunu\u015f katar.<\/p>","protected":false},"excerpt":{"rendered":"<ul>\n<li>14 Ayar Alt\u0131n<\/li>\n<li>0,10 ct P\u0131rlanta<\/li>\n<li>0,06 ct Do\u011fal Arizona Firuze<\/li>\n<li>Beyaz Akik g\u00f6vde<\/li>\n<li>45 cm uzunlu\u011funda zincir<\/li>\n<\/ul>","protected":false},"featured_media":41048,"comment_status":"open","ping_status":"closed","template":"","meta":[],"product_brand":[],"product_cat":[75],"product_tag":[2869,2863,278,1089,2862,2867,2866,633,1605,1623,1637,1996,2872,811,322,1995,473,2864,2865,2871,2870,273,323,277,1993,472,1459,2679,274,1341,1349,2868,2873,476],"class_list":{"0":"post-41047","1":"product","2":"type-product","3":"status-publish","4":"has-post-thumbnail","6":"product_cat-kolye","7":"product_tag-agate-necklace","8":"product_tag-akik-kolye","9":"product_tag-altin-kolye","10":"product_tag-anlamli-kolye","11":"product_tag-beyaz-akik-kolye","12":"product_tag-beyaz-tas-kolye","13":"product_tag-cicek-motif-kolye","14":"product_tag-designer-necklace","15":"product_tag-diamond-detail-necklace","16":"product_tag-dogal-tas-kolye","17":"product_tag-elegant-necklace","18":"product_tag-everyday-necklace","19":"product_tag-flower-motif-necklace","20":"product_tag-gemstone-necklace","21":"product_tag-gold-necklace","22":"product_tag-gunluk-kolye","23":"product_tag-kadin-kolye","24":"product_tag-kilit-kolye","25":"product_tag-kilit-motif-kolye","26":"product_tag-lock-jewelry","27":"product_tag-lock-pendant-necklace","28":"product_tag-minimal-kolye","29":"product_tag-minimal-necklace","30":"product_tag-modern-kolye","31":"product_tag-modern-necklace","32":"product_tag-pirlanta-detayli-kolye","33":"product_tag-sembolik-kolye","34":"product_tag-symbolic-jewelry","35":"product_tag-tasarim-kolye","36":"product_tag-turkuaz-tas-kolye","37":"product_tag-turquoise-stone-necklace","38":"product_tag-white-agate-necklace","39":"product_tag-white-stone-necklace","40":"product_tag-zarif-kolye","41":"pa_cinsiyet-kadin","43":"first","44":"instock","45":"sale","46":"shipping-taxable","47":"purchasable","48":"product-type-simple"},"_links":{"self":[{"href":"https:\/\/www.gasia.com.tr\/en\/wp-json\/wp\/v2\/product\/41047","targetHints":{"allow":["GET"]}}],"collection":[{"href":"https:\/\/www.gasia.com.tr\/en\/wp-json\/wp\/v2\/product"}],"about":[{"href":"https:\/\/www.gasia.com.tr\/en\/wp-json\/wp\/v2\/types\/product"}],"replies":[{"embeddable":true,"href":"https:\/\/www.gasia.com.tr\/en\/wp-json\/wp\/v2\/comments?post=41047"}],"version-history":[{"count":2,"href":"https:\/\/www.gasia.com.tr\/en\/wp-json\/wp\/v2\/product\/41047\/revisions"}],"predecessor-version":[{"id":41292,"href":"https:\/\/www.gasia.com.tr\/en\/wp-json\/wp\/v2\/product\/41047\/revisions\/41292"}],"wp:featuredmedia":[{"embeddable":true,"href":"https:\/\/www.gasia.com.tr\/en\/wp-json\/wp\/v2\/media\/41048"}],"wp:attachment":[{"href":"https:\/\/www.gasia.com.tr\/en\/wp-json\/wp\/v2\/media?parent=41047"}],"wp:term":[{"taxonomy":"product_brand","embeddable":true,"href":"https:\/\/www.gasia.com.tr\/en\/wp-json\/wp\/v2\/product_brand?post=41047"},{"taxonomy":"product_cat","embeddable":true,"href":"https:\/\/www.gasia.com.tr\/en\/wp-json\/wp\/v2\/product_cat?post=41047"},{"taxonomy":"product_tag","embeddable":true,"href":"https:\/\/www.gasia.com.tr\/en\/wp-json\/wp\/v2\/product_tag?post=41047"}],"curies":[{"name":"wp","href":"https:\/\/api.w.org\/{rel}","templated":true}]}}