{"id":41056,"date":"2026-03-28T21:37:42","date_gmt":"2026-03-28T18:37:42","guid":{"rendered":"https:\/\/www.gasia.com.tr\/?post_type=product&#038;p=41056"},"modified":"2026-04-16T22:14:07","modified_gmt":"2026-04-16T19:14:07","slug":"turkuaz-tas-damla-kolye","status":"publish","type":"product","link":"https:\/\/www.gasia.com.tr\/en\/collections\/turkuaz-tas-damla-kolye\/","title":{"rendered":"Turkuaz Ta\u015f Damla Kolye"},"content":{"rendered":"<p data-start=\"148\" data-end=\"426\">Do\u011fal turkuaz tonunun b\u00fcy\u00fcleyici enerjisini zarif bir tasar\u0131mla bulu\u015fturan bu \u00f6zel kolye, stiline \u00f6zg\u00fcn bir dokunu\u015f katmak isteyenler i\u00e7in tasarland\u0131. Damla formundaki dokulu ta\u015f detay\u0131 ve \u0131\u015f\u0131lt\u0131l\u0131 \u00fcst ba\u011flant\u0131s\u0131 sayesinde hem dikkat \u00e7ekici hem de sofistike bir g\u00f6r\u00fcn\u00fcm sunar.<\/p>\n<p data-start=\"428\" data-end=\"663\" data-is-last-node=\"\" data-is-only-node=\"\">G\u00fcnl\u00fck kombinlerden \u00f6zel davetlere kadar her an\u0131nda rahatl\u0131kla kullanabilece\u011fin bu kolye, bohem ve modern tarz\u0131 kusursuz \u015fekilde bir araya getirir. El i\u015f\u00e7ili\u011fiyle haz\u0131rlanan bu e\u015fsiz par\u00e7a, do\u011fall\u0131\u011f\u0131n ve zarafetin g\u00fc\u00e7l\u00fc bir ifadesidir.<\/p>","protected":false},"excerpt":{"rendered":"<ul>\n<li>18 Ayar Alt\u0131n<\/li>\n<li>0.34 ct 5 adet Markiz kesim p\u0131rlanta<\/li>\n<li>10.15 ct Has\u0131r \u015feklinde el i\u015f\u00e7ili\u011fi ile i\u015flenmi\u015f Arizona Firuzesi<\/li>\n<li>45 cm uzunlu\u011funda zincir<\/li>\n<\/ul>","protected":false},"featured_media":41057,"comment_status":"open","ping_status":"closed","template":"","meta":[],"product_brand":[2718],"product_cat":[75],"product_tag":[405,2885,2887,1824,1623,2738,2762,1637,2140,2042,2886,483,489,1674,1341,1095,1349,2888,1702,476],"class_list":{"0":"post-41056","1":"product","2":"type-product","3":"status-publish","4":"has-post-thumbnail","6":"product_brand-gasia-casuals","7":"product_cat-kolye","8":"product_tag-artisan-jewelry","9":"product_tag-bohem-kolye","10":"product_tag-boho-jewelry","11":"product_tag-damla-kolye","12":"product_tag-dogal-tas-kolye","13":"product_tag-drop-pendant-necklace","14":"product_tag-el-yapimi-kolye","15":"product_tag-elegant-necklace","16":"product_tag-handmade-necklace","17":"product_tag-kadin-taki","18":"product_tag-long-pendant-necklace","19":"product_tag-ozel-tasarim-kolye","20":"product_tag-statement-necklace","21":"product_tag-turkuaz-kolye","22":"product_tag-turkuaz-tas-kolye","23":"product_tag-turquoise-necklace","24":"product_tag-turquoise-stone-necklace","25":"product_tag-unique-gemstone-necklace","26":"product_tag-uzun-kolye","27":"product_tag-zarif-kolye","28":"pa_cinsiyet-kadin","30":"first","31":"instock","32":"sale","33":"shipping-taxable","34":"purchasable","35":"product-type-simple"},"_links":{"self":[{"href":"https:\/\/www.gasia.com.tr\/en\/wp-json\/wp\/v2\/product\/41056","targetHints":{"allow":["GET"]}}],"collection":[{"href":"https:\/\/www.gasia.com.tr\/en\/wp-json\/wp\/v2\/product"}],"about":[{"href":"https:\/\/www.gasia.com.tr\/en\/wp-json\/wp\/v2\/types\/product"}],"replies":[{"embeddable":true,"href":"https:\/\/www.gasia.com.tr\/en\/wp-json\/wp\/v2\/comments?post=41056"}],"version-history":[{"count":2,"href":"https:\/\/www.gasia.com.tr\/en\/wp-json\/wp\/v2\/product\/41056\/revisions"}],"predecessor-version":[{"id":41290,"href":"https:\/\/www.gasia.com.tr\/en\/wp-json\/wp\/v2\/product\/41056\/revisions\/41290"}],"wp:featuredmedia":[{"embeddable":true,"href":"https:\/\/www.gasia.com.tr\/en\/wp-json\/wp\/v2\/media\/41057"}],"wp:attachment":[{"href":"https:\/\/www.gasia.com.tr\/en\/wp-json\/wp\/v2\/media?parent=41056"}],"wp:term":[{"taxonomy":"product_brand","embeddable":true,"href":"https:\/\/www.gasia.com.tr\/en\/wp-json\/wp\/v2\/product_brand?post=41056"},{"taxonomy":"product_cat","embeddable":true,"href":"https:\/\/www.gasia.com.tr\/en\/wp-json\/wp\/v2\/product_cat?post=41056"},{"taxonomy":"product_tag","embeddable":true,"href":"https:\/\/www.gasia.com.tr\/en\/wp-json\/wp\/v2\/product_tag?post=41056"}],"curies":[{"name":"wp","href":"https:\/\/api.w.org\/{rel}","templated":true}]}}