{"id":41059,"date":"2026-03-28T21:41:00","date_gmt":"2026-03-28T18:41:00","guid":{"rendered":"https:\/\/www.gasia.com.tr\/?post_type=product&#038;p=41059"},"modified":"2026-04-16T22:14:49","modified_gmt":"2026-04-16T19:14:49","slug":"dogal-inci-icinde-altin-goz-kolye","status":"publish","type":"product","link":"https:\/\/www.gasia.com.tr\/en\/collections\/dogal-inci-icinde-altin-goz-kolye\/","title":{"rendered":"Do\u011fal \u0130nci \u0130\u00e7inde Alt\u0131n G\u00f6z Kolye"},"content":{"rendered":"<p>Do\u011fal inci formu i\u00e7inde yer alan alt\u0131n g\u00f6z detay\u0131yla tasarlanm\u0131\u015f el yap\u0131m\u0131 kolye. Minimal ve zarif stilin simgesi olan bu \u00f6zel tasar\u0131m, hem g\u00fcnl\u00fck hem \u015f\u0131k kombinler i\u00e7in ideal.<\/p>","protected":false},"excerpt":{"rendered":"<ul>\n<li>14 Ayar Alt\u0131n<\/li>\n<li>0.02 ct P\u0131rlanta<\/li>\n<li>Do\u011fal inci<\/li>\n<li>42 cm zincir uzunlu\u011fu<\/li>\n<\/ul>","protected":false},"featured_media":41060,"comment_status":"open","ping_status":"closed","template":"","meta":[],"product_brand":[2718,2719],"product_cat":[75,198],"product_tag":[2746,2893,2709,2761,2889,726,2890,2673,2891,2102,473,273,1767,2105,2892,476],"class_list":{"0":"post-41059","1":"product","2":"type-product","3":"status-publish","4":"has-post-thumbnail","6":"product_brand-gasia-casuals","7":"product_brand-gasia-protect","8":"product_cat-kolye","9":"product_cat-eye-collection","10":"product_tag-altin-goz-kolye","11":"product_tag-artisan-necklace","12":"product_tag-dainty-necklace","13":"product_tag-dogal-inci-kolye","14":"product_tag-el-yapimi-taki","15":"product_tag-evil-eye-necklace","16":"product_tag-gold-eye-pendant","17":"product_tag-goz-kolye","18":"product_tag-handmade-jewelry","19":"product_tag-inci-kolye","20":"product_tag-kadin-kolye","21":"product_tag-minimal-kolye","22":"product_tag-minimalist-necklace","23":"product_tag-pearl-necklace","24":"product_tag-unique-pearl-jewelry","25":"product_tag-zarif-kolye","26":"pa_cinsiyet-kadin","28":"first","29":"instock","30":"sale","31":"shipping-taxable","32":"purchasable","33":"product-type-simple"},"_links":{"self":[{"href":"https:\/\/www.gasia.com.tr\/en\/wp-json\/wp\/v2\/product\/41059","targetHints":{"allow":["GET"]}}],"collection":[{"href":"https:\/\/www.gasia.com.tr\/en\/wp-json\/wp\/v2\/product"}],"about":[{"href":"https:\/\/www.gasia.com.tr\/en\/wp-json\/wp\/v2\/types\/product"}],"replies":[{"embeddable":true,"href":"https:\/\/www.gasia.com.tr\/en\/wp-json\/wp\/v2\/comments?post=41059"}],"version-history":[{"count":2,"href":"https:\/\/www.gasia.com.tr\/en\/wp-json\/wp\/v2\/product\/41059\/revisions"}],"predecessor-version":[{"id":41149,"href":"https:\/\/www.gasia.com.tr\/en\/wp-json\/wp\/v2\/product\/41059\/revisions\/41149"}],"wp:featuredmedia":[{"embeddable":true,"href":"https:\/\/www.gasia.com.tr\/en\/wp-json\/wp\/v2\/media\/41060"}],"wp:attachment":[{"href":"https:\/\/www.gasia.com.tr\/en\/wp-json\/wp\/v2\/media?parent=41059"}],"wp:term":[{"taxonomy":"product_brand","embeddable":true,"href":"https:\/\/www.gasia.com.tr\/en\/wp-json\/wp\/v2\/product_brand?post=41059"},{"taxonomy":"product_cat","embeddable":true,"href":"https:\/\/www.gasia.com.tr\/en\/wp-json\/wp\/v2\/product_cat?post=41059"},{"taxonomy":"product_tag","embeddable":true,"href":"https:\/\/www.gasia.com.tr\/en\/wp-json\/wp\/v2\/product_tag?post=41059"}],"curies":[{"name":"wp","href":"https:\/\/api.w.org\/{rel}","templated":true}]}}