{"id":41086,"date":"2026-02-01T03:00:00","date_gmt":"2026-02-01T00:00:00","guid":{"rendered":"https:\/\/www.gasia.com.tr\/?post_type=product&#038;p=41086"},"modified":"2026-03-30T17:47:50","modified_gmt":"2026-03-30T14:47:50","slug":"siyah-mineli-yildiz-detayli-altin-halka-kupe","status":"publish","type":"product","link":"https:\/\/www.gasia.com.tr\/en\/collections\/siyah-mineli-yildiz-detayli-altin-halka-kupe\/","title":{"rendered":"Siyah Mineli Y\u0131ld\u0131z Detayl\u0131 Alt\u0131n Halka K\u00fcpe"},"content":{"rendered":"<p>Siyah mine y\u00fczeyi ve \u0131\u015f\u0131lt\u0131l\u0131 y\u0131ld\u0131z detay\u0131yla \u00f6ne \u00e7\u0131kan bu halka k\u00fcpe, g\u00fc\u00e7l\u00fc ve modern bir stil sunar. \u00dcst k\u0131sm\u0131ndaki ta\u015flarla s\u00fcslenmi\u015f y\u0131ld\u0131z formu, tasar\u0131ma zarif bir parlakl\u0131k katarken, siyah rengin etkileyici duru\u015fu k\u00fcpeye karakter kazand\u0131r\u0131r.<\/p>\n<p>Hem g\u00fcnl\u00fck kullan\u0131mda hem de daha iddial\u0131 kombinlerde rahatl\u0131kla tercih edilebilen bu tasar\u0131m, sade formu sayesinde kolayca kombinlenir. Tek ba\u015f\u0131na dikkat \u00e7ekici bir g\u00f6r\u00fcn\u00fcm sunarken, farkl\u0131 k\u00fcpelerle birlikte kullan\u0131ld\u0131\u011f\u0131nda stiline modern bir dokunu\u015f ekler.<\/p>","protected":false},"excerpt":{"rendered":"<ul>\n<li>14 Ayar Alt\u0131n<\/li>\n<li>0,10 ct P\u0131rlanta<\/li>\n<li>Bodrum Mavisi mine<\/li>\n<\/ul>","protected":false},"featured_media":41090,"comment_status":"open","ping_status":"closed","template":"","meta":[],"product_brand":[2718],"product_cat":[74,208],"product_tag":[1713,1959,2571,1594,1714,1768,1769,395,2390,2567,2392,1537,742,392,1958,1988,813,2379,1987],"class_list":{"0":"post-41086","1":"product","2":"type-product","3":"status-publish","4":"has-post-thumbnail","6":"product_brand-gasia-casuals","7":"product_cat-kupe-modelleri","8":"product_cat-yildiz-mucevher-modelleri","9":"product_tag-altin-kupe","10":"product_tag-colorful-earrings","11":"product_tag-dainty-earrings","12":"product_tag-gemstone-earrings","13":"product_tag-gold-earrings","14":"product_tag-halka-kupe","15":"product_tag-hoop-earrings","16":"product_tag-kadin-kupe","17":"product_tag-mavi-kupe","18":"product_tag-mineli-kupe","19":"product_tag-minimal-earrings","20":"product_tag-minimal-kupe","21":"product_tag-modern-jewelry","22":"product_tag-modern-kupe","23":"product_tag-renkli-kupe","24":"product_tag-star-earrings","25":"product_tag-tasli-kupe","26":"product_tag-unique-jewelry","27":"product_tag-yildiz-kupe","28":"pa_cinsiyet-kadin","30":"first","31":"instock","32":"shipping-taxable","33":"purchasable","34":"product-type-simple"},"_links":{"self":[{"href":"https:\/\/www.gasia.com.tr\/en\/wp-json\/wp\/v2\/product\/41086","targetHints":{"allow":["GET"]}}],"collection":[{"href":"https:\/\/www.gasia.com.tr\/en\/wp-json\/wp\/v2\/product"}],"about":[{"href":"https:\/\/www.gasia.com.tr\/en\/wp-json\/wp\/v2\/types\/product"}],"replies":[{"embeddable":true,"href":"https:\/\/www.gasia.com.tr\/en\/wp-json\/wp\/v2\/comments?post=41086"}],"version-history":[{"count":1,"href":"https:\/\/www.gasia.com.tr\/en\/wp-json\/wp\/v2\/product\/41086\/revisions"}],"predecessor-version":[{"id":41088,"href":"https:\/\/www.gasia.com.tr\/en\/wp-json\/wp\/v2\/product\/41086\/revisions\/41088"}],"wp:featuredmedia":[{"embeddable":true,"href":"https:\/\/www.gasia.com.tr\/en\/wp-json\/wp\/v2\/media\/41090"}],"wp:attachment":[{"href":"https:\/\/www.gasia.com.tr\/en\/wp-json\/wp\/v2\/media?parent=41086"}],"wp:term":[{"taxonomy":"product_brand","embeddable":true,"href":"https:\/\/www.gasia.com.tr\/en\/wp-json\/wp\/v2\/product_brand?post=41086"},{"taxonomy":"product_cat","embeddable":true,"href":"https:\/\/www.gasia.com.tr\/en\/wp-json\/wp\/v2\/product_cat?post=41086"},{"taxonomy":"product_tag","embeddable":true,"href":"https:\/\/www.gasia.com.tr\/en\/wp-json\/wp\/v2\/product_tag?post=41086"}],"curies":[{"name":"wp","href":"https:\/\/api.w.org\/{rel}","templated":true}]}}