{"id":41094,"date":"2026-02-01T05:00:00","date_gmt":"2026-02-01T02:00:00","guid":{"rendered":"https:\/\/www.gasia.com.tr\/?post_type=product&#038;p=41094"},"modified":"2026-03-30T17:43:11","modified_gmt":"2026-03-30T14:43:11","slug":"siyah-mineli-pirlanta-tasli-altin-halka-kupe","status":"publish","type":"product","link":"https:\/\/www.gasia.com.tr\/en\/collections\/siyah-mineli-pirlanta-tasli-altin-halka-kupe\/","title":{"rendered":"Siyah Mineli P\u0131rlanta Ta\u015fl\u0131 Alt\u0131n Halka K\u00fcpe"},"content":{"rendered":"<p>Siyah mine y\u00fczeyi ve \u0131\u015f\u0131lt\u0131l\u0131 p\u0131rlanta detaylar\u0131yla \u00f6ne \u00e7\u0131kan bu halka k\u00fcpe, g\u00fc\u00e7l\u00fc ve dikkat \u00e7ekici bir stil sunar. U\u00e7 k\u0131sm\u0131ndaki dairesel ta\u015f s\u00fcslemeler, tasar\u0131ma zarif bir parlakl\u0131k katarken, siyah rengin kontrast etkisi k\u00fcpeye belirgin bir karakter kazand\u0131r\u0131r.<\/p>\n<p>Hem g\u00fcnl\u00fck kombinlerde hem de daha iddial\u0131 stillerde rahatl\u0131kla kullan\u0131labilen bu k\u00fcpe, sade formu sayesinde farkl\u0131 tak\u0131larla kolayca uyum sa\u011flar. Tek ba\u015f\u0131na g\u00fc\u00e7l\u00fc bir g\u00f6r\u00fcn\u00fcm sunarken, kombinlerinde modern ve \u00e7arp\u0131c\u0131 bir tamamlay\u0131c\u0131 olur.<\/p>","protected":false},"excerpt":{"rendered":"<ul>\n<li>14 Ayar 585 Alt\u0131n<\/li>\n<li>0,14 ct P\u0131rlanta<\/li>\n<\/ul>","protected":false},"featured_media":41096,"comment_status":"open","ping_status":"closed","template":"","meta":[],"product_brand":[],"product_cat":[74],"product_tag":[1713,1959,2571,1595,1594,1714,1768,1769,395,2567,742,392,2916,2914,2913,2915,1958,813,2379,378],"class_list":{"0":"post-41094","1":"product","2":"type-product","3":"status-publish","4":"has-post-thumbnail","6":"product_cat-kupe-modelleri","7":"product_tag-altin-kupe","8":"product_tag-colorful-earrings","9":"product_tag-dainty-earrings","10":"product_tag-elegant-earrings","11":"product_tag-gemstone-earrings","12":"product_tag-gold-earrings","13":"product_tag-halka-kupe","14":"product_tag-hoop-earrings","15":"product_tag-kadin-kupe","16":"product_tag-mineli-kupe","17":"product_tag-modern-jewelry","18":"product_tag-modern-kupe","19":"product_tag-pastel-jewelry","20":"product_tag-pastel-kupe","21":"product_tag-pembe-kupe","22":"product_tag-pink-enamel-earrings","23":"product_tag-renkli-kupe","24":"product_tag-tasli-kupe","25":"product_tag-unique-jewelry","26":"product_tag-zarif-kupe","27":"pa_cinsiyet-kadin","29":"first","30":"instock","31":"shipping-taxable","32":"purchasable","33":"product-type-simple"},"_links":{"self":[{"href":"https:\/\/www.gasia.com.tr\/en\/wp-json\/wp\/v2\/product\/41094","targetHints":{"allow":["GET"]}}],"collection":[{"href":"https:\/\/www.gasia.com.tr\/en\/wp-json\/wp\/v2\/product"}],"about":[{"href":"https:\/\/www.gasia.com.tr\/en\/wp-json\/wp\/v2\/types\/product"}],"replies":[{"embeddable":true,"href":"https:\/\/www.gasia.com.tr\/en\/wp-json\/wp\/v2\/comments?post=41094"}],"version-history":[{"count":2,"href":"https:\/\/www.gasia.com.tr\/en\/wp-json\/wp\/v2\/product\/41094\/revisions"}],"predecessor-version":[{"id":41122,"href":"https:\/\/www.gasia.com.tr\/en\/wp-json\/wp\/v2\/product\/41094\/revisions\/41122"}],"wp:featuredmedia":[{"embeddable":true,"href":"https:\/\/www.gasia.com.tr\/en\/wp-json\/wp\/v2\/media\/41096"}],"wp:attachment":[{"href":"https:\/\/www.gasia.com.tr\/en\/wp-json\/wp\/v2\/media?parent=41094"}],"wp:term":[{"taxonomy":"product_brand","embeddable":true,"href":"https:\/\/www.gasia.com.tr\/en\/wp-json\/wp\/v2\/product_brand?post=41094"},{"taxonomy":"product_cat","embeddable":true,"href":"https:\/\/www.gasia.com.tr\/en\/wp-json\/wp\/v2\/product_cat?post=41094"},{"taxonomy":"product_tag","embeddable":true,"href":"https:\/\/www.gasia.com.tr\/en\/wp-json\/wp\/v2\/product_tag?post=41094"}],"curies":[{"name":"wp","href":"https:\/\/api.w.org\/{rel}","templated":true}]}}