{"id":41095,"date":"2026-02-01T05:00:00","date_gmt":"2026-02-01T02:00:00","guid":{"rendered":"https:\/\/www.gasia.com.tr\/?post_type=product&#038;p=41095"},"modified":"2026-03-30T17:42:48","modified_gmt":"2026-03-30T14:42:48","slug":"pembe-mineli-tasli-altin-halka-kupe","status":"publish","type":"product","link":"https:\/\/www.gasia.com.tr\/en\/collections\/pembe-mineli-tasli-altin-halka-kupe\/","title":{"rendered":"Pembe Mineli Ta\u015fl\u0131 Alt\u0131n Halka K\u00fcpe"},"content":{"rendered":"<p>Yumu\u015fak pembe mine y\u00fczeyi ve \u0131\u015f\u0131lt\u0131l\u0131 ta\u015f detaylar\u0131yla tasarlanan bu halka k\u00fcpe, feminen ve zarif bir stil sunar. U\u00e7 k\u0131sm\u0131ndaki dairesel ta\u015f s\u00fcslemeler, tasar\u0131ma parlak bir dokunu\u015f katarken, pastel ton k\u00fcpeye s\u0131cak ve dikkat \u00e7ekici bir g\u00f6r\u00fcn\u00fcm kazand\u0131r\u0131r.<\/p>\n<p>G\u00fcnl\u00fck kombinlerine renk katmak isteyenler i\u00e7in ideal olan bu k\u00fcpe, sade formu sayesinde kolayca kombinlenir. Tek ba\u015f\u0131na zarif bir ifade sunarken, farkl\u0131 tak\u0131larla birlikte kullan\u0131ld\u0131\u011f\u0131nda stiline modern ve enerjik bir hava katar.<\/p>","protected":false},"excerpt":{"rendered":"<ul>\n<li>14 Ayar 585 Alt\u0131n<\/li>\n<li>0,14 ct P\u0131rlanta<\/li>\n<\/ul>","protected":false},"featured_media":41098,"comment_status":"open","ping_status":"closed","template":"","meta":[],"product_brand":[2718],"product_cat":[74],"product_tag":[1713,1959,2571,1595,1594,1714,1768,1769,395,2567,742,392,2916,2914,2913,2915,1958,813,2379,378],"class_list":{"0":"post-41095","1":"product","2":"type-product","3":"status-publish","4":"has-post-thumbnail","6":"product_brand-gasia-casuals","7":"product_cat-kupe-modelleri","8":"product_tag-altin-kupe","9":"product_tag-colorful-earrings","10":"product_tag-dainty-earrings","11":"product_tag-elegant-earrings","12":"product_tag-gemstone-earrings","13":"product_tag-gold-earrings","14":"product_tag-halka-kupe","15":"product_tag-hoop-earrings","16":"product_tag-kadin-kupe","17":"product_tag-mineli-kupe","18":"product_tag-modern-jewelry","19":"product_tag-modern-kupe","20":"product_tag-pastel-jewelry","21":"product_tag-pastel-kupe","22":"product_tag-pembe-kupe","23":"product_tag-pink-enamel-earrings","24":"product_tag-renkli-kupe","25":"product_tag-tasli-kupe","26":"product_tag-unique-jewelry","27":"product_tag-zarif-kupe","28":"pa_cinsiyet-kadin","30":"first","31":"instock","32":"shipping-taxable","33":"purchasable","34":"product-type-simple"},"_links":{"self":[{"href":"https:\/\/www.gasia.com.tr\/en\/wp-json\/wp\/v2\/product\/41095","targetHints":{"allow":["GET"]}}],"collection":[{"href":"https:\/\/www.gasia.com.tr\/en\/wp-json\/wp\/v2\/product"}],"about":[{"href":"https:\/\/www.gasia.com.tr\/en\/wp-json\/wp\/v2\/types\/product"}],"replies":[{"embeddable":true,"href":"https:\/\/www.gasia.com.tr\/en\/wp-json\/wp\/v2\/comments?post=41095"}],"version-history":[{"count":2,"href":"https:\/\/www.gasia.com.tr\/en\/wp-json\/wp\/v2\/product\/41095\/revisions"}],"predecessor-version":[{"id":41121,"href":"https:\/\/www.gasia.com.tr\/en\/wp-json\/wp\/v2\/product\/41095\/revisions\/41121"}],"wp:featuredmedia":[{"embeddable":true,"href":"https:\/\/www.gasia.com.tr\/en\/wp-json\/wp\/v2\/media\/41098"}],"wp:attachment":[{"href":"https:\/\/www.gasia.com.tr\/en\/wp-json\/wp\/v2\/media?parent=41095"}],"wp:term":[{"taxonomy":"product_brand","embeddable":true,"href":"https:\/\/www.gasia.com.tr\/en\/wp-json\/wp\/v2\/product_brand?post=41095"},{"taxonomy":"product_cat","embeddable":true,"href":"https:\/\/www.gasia.com.tr\/en\/wp-json\/wp\/v2\/product_cat?post=41095"},{"taxonomy":"product_tag","embeddable":true,"href":"https:\/\/www.gasia.com.tr\/en\/wp-json\/wp\/v2\/product_tag?post=41095"}],"curies":[{"name":"wp","href":"https:\/\/api.w.org\/{rel}","templated":true}]}}