{"id":41132,"date":"2025-12-10T00:00:00","date_gmt":"2025-12-09T21:00:00","guid":{"rendered":"https:\/\/www.gasia.com.tr\/?post_type=product&#038;p=41132"},"modified":"2026-03-30T18:17:18","modified_gmt":"2026-03-30T15:17:18","slug":"mercan-ve-firuze-tasli-altin-pirlanta-detayli-kupe","status":"publish","type":"product","link":"https:\/\/www.gasia.com.tr\/en\/collections\/mercan-ve-firuze-tasli-altin-pirlanta-detayli-kupe\/","title":{"rendered":"Mercan ve Firuze Ta\u015fl\u0131 Alt\u0131n P\u0131rlanta Detayl\u0131 K\u00fcpe"},"content":{"rendered":"<p>Canl\u0131 mercan tonlar\u0131 ve parlak firuze ta\u015f\u0131n enerjisi, bu \u00f6zel tasar\u0131m k\u00fcpede alt\u0131n ve p\u0131rlanta detaylarla bulu\u015fuyor. Renklerin g\u00fc\u00e7l\u00fc kontrast\u0131 sayesinde dikkat \u00e7ekici ve \u00f6zg\u00fcn bir g\u00f6r\u00fcn\u00fcm sunan bu par\u00e7a, stiline dinamik bir dokunu\u015f katar.<\/p>\n<p>Alt\u0131n y\u00fczey \u00fczerindeki p\u0131rlanta detaylar tasar\u0131ma zarif bir \u0131\u015f\u0131lt\u0131 katarken, mercan ve firuze ta\u015flar\u0131n do\u011fal etkisi k\u00fcpeye karakter kazand\u0131r\u0131r. G\u00fcnl\u00fck kombinlerden \u00f6zel davetlere kadar rahatl\u0131kla kullan\u0131labilen bu k\u00fcpe, iddial\u0131 ve farkl\u0131 tasar\u0131mlar\u0131 sevenler i\u00e7in ideal bir se\u00e7imdir.<\/p>","protected":false},"excerpt":{"rendered":"<ul>\n<li>14 Ayar 585 Alt\u0131n<\/li>\n<li>1,14 ct P\u0131rlanta<\/li>\n<li>33,38 ct Lapis Lazuli-Firuze<\/li>\n<\/ul>","protected":false},"featured_media":41133,"comment_status":"open","ping_status":"closed","template":"","meta":[],"product_brand":[],"product_cat":[74,242],"product_tag":[1713,2780,1574,1715,2918,1594,1714,395,2919,2917,2369,2368,374,1958,403,815,813,842,847,2379],"class_list":{"0":"post-41132","1":"product","2":"type-product","3":"status-publish","4":"has-post-thumbnail","6":"product_cat-kupe-modelleri","7":"product_cat-retro-mucevher-koleksiyonu","8":"product_tag-altin-kupe","9":"product_tag-colorful-jewelry","10":"product_tag-designer-earrings","11":"product_tag-diamond-earrings","12":"product_tag-firuze-kupe","13":"product_tag-gemstone-earrings","14":"product_tag-gold-earrings","15":"product_tag-kadin-kupe","16":"product_tag-lapis-earrings","17":"product_tag-lapis-kupe","18":"product_tag-lapis-lazuli-earrings","19":"product_tag-lapis-lazuli-kupe","20":"product_tag-pirlanta-kupe","21":"product_tag-renkli-kupe","22":"product_tag-statement-earrings","23":"product_tag-tasarim-kupe","24":"product_tag-tasli-kupe","25":"product_tag-turkuaz-kupe","26":"product_tag-turquoise-earrings","27":"product_tag-unique-jewelry","28":"pa_cinsiyet-kadin","30":"first","31":"instock","32":"shipping-taxable","33":"purchasable","34":"product-type-simple"},"_links":{"self":[{"href":"https:\/\/www.gasia.com.tr\/en\/wp-json\/wp\/v2\/product\/41132","targetHints":{"allow":["GET"]}}],"collection":[{"href":"https:\/\/www.gasia.com.tr\/en\/wp-json\/wp\/v2\/product"}],"about":[{"href":"https:\/\/www.gasia.com.tr\/en\/wp-json\/wp\/v2\/types\/product"}],"replies":[{"embeddable":true,"href":"https:\/\/www.gasia.com.tr\/en\/wp-json\/wp\/v2\/comments?post=41132"}],"version-history":[{"count":1,"href":"https:\/\/www.gasia.com.tr\/en\/wp-json\/wp\/v2\/product\/41132\/revisions"}],"predecessor-version":[{"id":41134,"href":"https:\/\/www.gasia.com.tr\/en\/wp-json\/wp\/v2\/product\/41132\/revisions\/41134"}],"wp:featuredmedia":[{"embeddable":true,"href":"https:\/\/www.gasia.com.tr\/en\/wp-json\/wp\/v2\/media\/41133"}],"wp:attachment":[{"href":"https:\/\/www.gasia.com.tr\/en\/wp-json\/wp\/v2\/media?parent=41132"}],"wp:term":[{"taxonomy":"product_brand","embeddable":true,"href":"https:\/\/www.gasia.com.tr\/en\/wp-json\/wp\/v2\/product_brand?post=41132"},{"taxonomy":"product_cat","embeddable":true,"href":"https:\/\/www.gasia.com.tr\/en\/wp-json\/wp\/v2\/product_cat?post=41132"},{"taxonomy":"product_tag","embeddable":true,"href":"https:\/\/www.gasia.com.tr\/en\/wp-json\/wp\/v2\/product_tag?post=41132"}],"curies":[{"name":"wp","href":"https:\/\/api.w.org\/{rel}","templated":true}]}}