{"id":41150,"date":"2026-02-06T02:00:00","date_gmt":"2026-02-05T23:00:00","guid":{"rendered":"https:\/\/www.gasia.com.tr\/?post_type=product&#038;p=41150"},"modified":"2026-03-31T16:16:41","modified_gmt":"2026-03-31T13:16:41","slug":"malakit-tasli-kelebek-figurlu-altin-pirlanta-kolye","status":"publish","type":"product","link":"https:\/\/www.gasia.com.tr\/en\/collections\/malakit-tasli-kelebek-figurlu-altin-pirlanta-kolye\/","title":{"rendered":"Malakit Ta\u015fl\u0131 Kelebek Fig\u00fcrl\u00fc Alt\u0131n P\u0131rlanta Kolye"},"content":{"rendered":"<p data-start=\"111\" data-end=\"341\">Do\u011fan\u0131n e\u015fsiz dokusunu yans\u0131tan malakit ta\u015f, kelebek formuyla bu \u00f6zel kolyede hayat buluyor. Ye\u015filin do\u011fal damarlar\u0131 sayesinde her par\u00e7a benzersiz bir g\u00f6r\u00fcn\u00fcm sunarken, alt\u0131n ve p\u0131rlanta detaylar tasar\u0131ma zarif bir \u0131\u015f\u0131lt\u0131 katar.<\/p>\n<p data-start=\"343\" data-end=\"588\">Kelebek fig\u00fcr\u00fc d\u00f6n\u00fc\u015f\u00fcm ve yenilenmenin simgesi olarak \u00f6ne \u00e7\u0131karken, bu kolye stiline anlaml\u0131 ve dikkat \u00e7ekici bir dokunu\u015f ekler. G\u00fcnl\u00fck kullan\u0131mda zarif bir tamamlay\u0131c\u0131 olurken, \u00f6zel anlar\u0131nda da \u00f6ne \u00e7\u0131kan bir par\u00e7a olarak stilini g\u00fc\u00e7lendirir.<\/p>","protected":false},"excerpt":{"rendered":"<p>Do\u011fan\u0131n e\u015fsiz dokusunu yans\u0131tan malakit ta\u015f, kelebek formuyla bu \u00f6zel kolyede hayat buluyor. Ye\u015filin do\u011fal damarlar\u0131 sayesinde her par\u00e7a benzersiz<\/p>","protected":false},"featured_media":41151,"comment_status":"open","ping_status":"closed","template":"","meta":[],"product_brand":[2718],"product_cat":[247,75],"product_tag":[278,1762,633,294,2822,2926,322,2829,473,1761,1760,1759,2882,276,474,489,274,329,2379,2166],"class_list":{"0":"post-41150","1":"product","2":"type-product","3":"status-publish","4":"has-post-thumbnail","6":"product_brand-gasia-casuals","7":"product_cat-hediyelik","8":"product_cat-kolye","9":"product_tag-altin-kolye","10":"product_tag-butterfly-necklace","11":"product_tag-designer-necklace","12":"product_tag-diamond-necklace","13":"product_tag-doga-temali-kolye","14":"product_tag-elegant-jewelry","15":"product_tag-gold-necklace","16":"product_tag-green-gemstone-necklace","17":"product_tag-kadin-kolye","18":"product_tag-kelebek-kolye","19":"product_tag-malachite-necklace","20":"product_tag-malakit-kolye","21":"product_tag-nature-inspired-jewelry","22":"product_tag-pirlanta-kolye","23":"product_tag-sik-kolye","24":"product_tag-statement-necklace","25":"product_tag-tasarim-kolye","26":"product_tag-tasli-kolye","27":"product_tag-unique-jewelry","28":"product_tag-yesil-tas-kolye","29":"pa_cinsiyet-kadin","31":"first","32":"instock","33":"shipping-taxable","34":"product-type-simple"},"_links":{"self":[{"href":"https:\/\/www.gasia.com.tr\/en\/wp-json\/wp\/v2\/product\/41150","targetHints":{"allow":["GET"]}}],"collection":[{"href":"https:\/\/www.gasia.com.tr\/en\/wp-json\/wp\/v2\/product"}],"about":[{"href":"https:\/\/www.gasia.com.tr\/en\/wp-json\/wp\/v2\/types\/product"}],"replies":[{"embeddable":true,"href":"https:\/\/www.gasia.com.tr\/en\/wp-json\/wp\/v2\/comments?post=41150"}],"version-history":[{"count":1,"href":"https:\/\/www.gasia.com.tr\/en\/wp-json\/wp\/v2\/product\/41150\/revisions"}],"predecessor-version":[{"id":41152,"href":"https:\/\/www.gasia.com.tr\/en\/wp-json\/wp\/v2\/product\/41150\/revisions\/41152"}],"wp:featuredmedia":[{"embeddable":true,"href":"https:\/\/www.gasia.com.tr\/en\/wp-json\/wp\/v2\/media\/41151"}],"wp:attachment":[{"href":"https:\/\/www.gasia.com.tr\/en\/wp-json\/wp\/v2\/media?parent=41150"}],"wp:term":[{"taxonomy":"product_brand","embeddable":true,"href":"https:\/\/www.gasia.com.tr\/en\/wp-json\/wp\/v2\/product_brand?post=41150"},{"taxonomy":"product_cat","embeddable":true,"href":"https:\/\/www.gasia.com.tr\/en\/wp-json\/wp\/v2\/product_cat?post=41150"},{"taxonomy":"product_tag","embeddable":true,"href":"https:\/\/www.gasia.com.tr\/en\/wp-json\/wp\/v2\/product_tag?post=41150"}],"curies":[{"name":"wp","href":"https:\/\/api.w.org\/{rel}","templated":true}]}}