{"id":41153,"date":"2026-02-06T02:00:00","date_gmt":"2026-02-05T23:00:00","guid":{"rendered":"https:\/\/www.gasia.com.tr\/?post_type=product&#038;p=41153"},"modified":"2026-03-31T16:16:16","modified_gmt":"2026-03-31T13:16:16","slug":"firuze-tasli-kelebek-figurlu-altin-pirlanta-kolye","status":"publish","type":"product","link":"https:\/\/www.gasia.com.tr\/en\/collections\/firuze-tasli-kelebek-figurlu-altin-pirlanta-kolye\/","title":{"rendered":"Firuze Ta\u015fl\u0131 Kelebek Fig\u00fcrl\u00fc Alt\u0131n P\u0131rlanta Kolye"},"content":{"rendered":"<p data-start=\"110\" data-end=\"356\">Canl\u0131 firuze ta\u015f\u0131n enerjisiyle \u00f6ne \u00e7\u0131kan bu kelebek fig\u00fcrl\u00fc kolye, zarif ve dikkat \u00e7ekici bir tasar\u0131m sunar. Alt\u0131n detaylar ve p\u0131rlanta s\u00fcslemeler, kolyeye ince bir \u0131\u015f\u0131lt\u0131 katarken kelebek formu tasar\u0131ma hafif ve estetik bir g\u00f6r\u00fcn\u00fcm kazand\u0131r\u0131r.<\/p>\n<p data-start=\"358\" data-end=\"564\">Kelebek fig\u00fcr\u00fc d\u00f6n\u00fc\u015f\u00fcm ve yenilenmenin simgesi olarak stiline anlaml\u0131 bir dokunu\u015f ekler. G\u00fcnl\u00fck kullan\u0131mda renkli bir tamamlay\u0131c\u0131 olurken, \u00f6zel anlar\u0131nda da \u00f6ne \u00e7\u0131kan bir par\u00e7a olarak stilini g\u00fc\u00e7lendirir.<\/p>","protected":false},"excerpt":{"rendered":"<p>Canl\u0131 firuze ta\u015f\u0131n enerjisiyle \u00f6ne \u00e7\u0131kan bu kelebek fig\u00fcrl\u00fc kolye, zarif ve dikkat \u00e7ekici bir tasar\u0131m sunar. Alt\u0131n detaylar ve<\/p>","protected":false},"featured_media":41154,"comment_status":"open","ping_status":"closed","template":"","meta":[],"product_brand":[2718],"product_cat":[247,75],"product_tag":[278,1762,2780,633,294,2926,1093,811,322,473,1761,276,2706,474,489,274,329,1674,1095,2379],"class_list":{"0":"post-41153","1":"product","2":"type-product","3":"status-publish","4":"has-post-thumbnail","6":"product_brand-gasia-casuals","7":"product_cat-hediyelik","8":"product_cat-kolye","9":"product_tag-altin-kolye","10":"product_tag-butterfly-necklace","11":"product_tag-colorful-jewelry","12":"product_tag-designer-necklace","13":"product_tag-diamond-necklace","14":"product_tag-elegant-jewelry","15":"product_tag-firuze-kolye","16":"product_tag-gemstone-necklace","17":"product_tag-gold-necklace","18":"product_tag-kadin-kolye","19":"product_tag-kelebek-kolye","20":"product_tag-pirlanta-kolye","21":"product_tag-renkli-kolye","22":"product_tag-sik-kolye","23":"product_tag-statement-necklace","24":"product_tag-tasarim-kolye","25":"product_tag-tasli-kolye","26":"product_tag-turkuaz-kolye","27":"product_tag-turquoise-necklace","28":"product_tag-unique-jewelry","29":"pa_cinsiyet-kadin","31":"first","32":"instock","33":"shipping-taxable","34":"product-type-simple"},"_links":{"self":[{"href":"https:\/\/www.gasia.com.tr\/en\/wp-json\/wp\/v2\/product\/41153","targetHints":{"allow":["GET"]}}],"collection":[{"href":"https:\/\/www.gasia.com.tr\/en\/wp-json\/wp\/v2\/product"}],"about":[{"href":"https:\/\/www.gasia.com.tr\/en\/wp-json\/wp\/v2\/types\/product"}],"replies":[{"embeddable":true,"href":"https:\/\/www.gasia.com.tr\/en\/wp-json\/wp\/v2\/comments?post=41153"}],"version-history":[{"count":2,"href":"https:\/\/www.gasia.com.tr\/en\/wp-json\/wp\/v2\/product\/41153\/revisions"}],"predecessor-version":[{"id":41156,"href":"https:\/\/www.gasia.com.tr\/en\/wp-json\/wp\/v2\/product\/41153\/revisions\/41156"}],"wp:featuredmedia":[{"embeddable":true,"href":"https:\/\/www.gasia.com.tr\/en\/wp-json\/wp\/v2\/media\/41154"}],"wp:attachment":[{"href":"https:\/\/www.gasia.com.tr\/en\/wp-json\/wp\/v2\/media?parent=41153"}],"wp:term":[{"taxonomy":"product_brand","embeddable":true,"href":"https:\/\/www.gasia.com.tr\/en\/wp-json\/wp\/v2\/product_brand?post=41153"},{"taxonomy":"product_cat","embeddable":true,"href":"https:\/\/www.gasia.com.tr\/en\/wp-json\/wp\/v2\/product_cat?post=41153"},{"taxonomy":"product_tag","embeddable":true,"href":"https:\/\/www.gasia.com.tr\/en\/wp-json\/wp\/v2\/product_tag?post=41153"}],"curies":[{"name":"wp","href":"https:\/\/api.w.org\/{rel}","templated":true}]}}