{"id":41157,"date":"2026-02-06T02:00:00","date_gmt":"2026-02-05T23:00:00","guid":{"rendered":"https:\/\/www.gasia.com.tr\/?post_type=product&#038;p=41157"},"modified":"2026-03-31T16:30:54","modified_gmt":"2026-03-31T13:30:54","slug":"sedef-tasli-kelebek-figurlu-altin-pirlanta-kolye","status":"publish","type":"product","link":"https:\/\/www.gasia.com.tr\/en\/collections\/sedef-tasli-kelebek-figurlu-altin-pirlanta-kolye\/","title":{"rendered":"Sedef Ta\u015fl\u0131 Kelebek Fig\u00fcrl\u00fc Alt\u0131n P\u0131rlanta Kolye"},"content":{"rendered":"<p data-start=\"109\" data-end=\"326\">Do\u011fal \u0131\u015f\u0131lt\u0131s\u0131yla \u00f6ne \u00e7\u0131kan sedef ta\u015f, bu zarif kelebek fig\u00fcrl\u00fc kolyede alt\u0131n ve p\u0131rlanta detaylarla bulu\u015fuyor. Y\u00fczeydeki yumu\u015fak yans\u0131malar ve do\u011fal ge\u00e7i\u015fler, tasar\u0131ma ferah ve dikkat \u00e7ekici bir g\u00f6r\u00fcn\u00fcm kazand\u0131r\u0131r.<\/p>\n<p data-start=\"328\" data-end=\"576\">Kelebek formu hafiflik ve yenilenmeyi simgelerken, alt\u0131n \u00e7er\u00e7eve ve p\u0131rlanta detaylar kolyeye ince bir parlakl\u0131k katar. G\u00fcnl\u00fck kullan\u0131mda zarif bir tamamlay\u0131c\u0131 olurken, \u00f6zel anlar\u0131nda da stilini \u00f6ne \u00e7\u0131karan \u015f\u0131k bir par\u00e7a olarak tercih edilebilir.<\/p>","protected":false},"excerpt":{"rendered":"<p>Do\u011fal \u0131\u015f\u0131lt\u0131s\u0131yla \u00f6ne \u00e7\u0131kan sedef ta\u015f, bu zarif kelebek fig\u00fcrl\u00fc kolyede alt\u0131n ve p\u0131rlanta detaylarla bulu\u015fuyor. Y\u00fczeydeki yumu\u015fak yans\u0131malar ve<\/p>","protected":false},"featured_media":41158,"comment_status":"open","ping_status":"closed","template":"","meta":[],"product_brand":[],"product_cat":[247,75],"product_tag":[278,2867,1762,2884,633,294,2926,1655,322,473,1761,987,276,977,474,274,329,2379,2933,476],"class_list":{"0":"post-41157","1":"product","2":"type-product","3":"status-publish","4":"has-post-thumbnail","6":"product_cat-hediyelik","7":"product_cat-kolye","8":"product_tag-altin-kolye","9":"product_tag-beyaz-tas-kolye","10":"product_tag-butterfly-necklace","11":"product_tag-delicate-jewelry","12":"product_tag-designer-necklace","13":"product_tag-diamond-necklace","14":"product_tag-elegant-jewelry","15":"product_tag-fine-jewelry","16":"product_tag-gold-necklace","17":"product_tag-kadin-kolye","18":"product_tag-kelebek-kolye","19":"product_tag-mother-of-pearl-necklace","20":"product_tag-pirlanta-kolye","21":"product_tag-sedef-kolye","22":"product_tag-sik-kolye","23":"product_tag-tasarim-kolye","24":"product_tag-tasli-kolye","25":"product_tag-unique-jewelry","26":"product_tag-white-gemstone-necklace","27":"product_tag-zarif-kolye","28":"pa_cinsiyet-kadin","30":"first","31":"instock","32":"shipping-taxable","33":"product-type-simple"},"_links":{"self":[{"href":"https:\/\/www.gasia.com.tr\/en\/wp-json\/wp\/v2\/product\/41157","targetHints":{"allow":["GET"]}}],"collection":[{"href":"https:\/\/www.gasia.com.tr\/en\/wp-json\/wp\/v2\/product"}],"about":[{"href":"https:\/\/www.gasia.com.tr\/en\/wp-json\/wp\/v2\/types\/product"}],"replies":[{"embeddable":true,"href":"https:\/\/www.gasia.com.tr\/en\/wp-json\/wp\/v2\/comments?post=41157"}],"version-history":[{"count":2,"href":"https:\/\/www.gasia.com.tr\/en\/wp-json\/wp\/v2\/product\/41157\/revisions"}],"predecessor-version":[{"id":41160,"href":"https:\/\/www.gasia.com.tr\/en\/wp-json\/wp\/v2\/product\/41157\/revisions\/41160"}],"wp:featuredmedia":[{"embeddable":true,"href":"https:\/\/www.gasia.com.tr\/en\/wp-json\/wp\/v2\/media\/41158"}],"wp:attachment":[{"href":"https:\/\/www.gasia.com.tr\/en\/wp-json\/wp\/v2\/media?parent=41157"}],"wp:term":[{"taxonomy":"product_brand","embeddable":true,"href":"https:\/\/www.gasia.com.tr\/en\/wp-json\/wp\/v2\/product_brand?post=41157"},{"taxonomy":"product_cat","embeddable":true,"href":"https:\/\/www.gasia.com.tr\/en\/wp-json\/wp\/v2\/product_cat?post=41157"},{"taxonomy":"product_tag","embeddable":true,"href":"https:\/\/www.gasia.com.tr\/en\/wp-json\/wp\/v2\/product_tag?post=41157"}],"curies":[{"name":"wp","href":"https:\/\/api.w.org\/{rel}","templated":true}]}}