{"id":41162,"date":"2026-01-11T05:00:00","date_gmt":"2026-01-11T02:00:00","guid":{"rendered":"https:\/\/www.gasia.com.tr\/?post_type=product&#038;p=41162"},"modified":"2026-03-31T16:00:45","modified_gmt":"2026-03-31T13:00:45","slug":"kirmizi-mineli-nazar-goz-detayli-altin-kolye","status":"publish","type":"product","link":"https:\/\/www.gasia.com.tr\/en\/collections\/kirmizi-mineli-nazar-goz-detayli-altin-kolye\/","title":{"rendered":"K\u0131rm\u0131z\u0131 Mineli Nazar G\u00f6z Detayl\u0131 Alt\u0131n Kolye"},"content":{"rendered":"<p>Canl\u0131 k\u0131rm\u0131z\u0131 mine y\u00fczeyiyle \u00f6ne \u00e7\u0131kan bu g\u00f6z fig\u00fcrl\u00fc kolye, g\u00fc\u00e7l\u00fc ve dikkat \u00e7ekici bir stil sunar. Alt\u0131n \u00e7er\u00e7eve ve ince ta\u015f detaylar\u0131, tasar\u0131ma zarif bir \u0131\u015f\u0131lt\u0131 katarken ortadaki g\u00f6z formu kolyeye anlaml\u0131 bir ifade kazand\u0131r\u0131r.<\/p>\n<p>Enerjik rengi sayesinde kombinlerine vurgu katan bu kolye, g\u00fcnl\u00fck kullan\u0131mdan \u00f6zel anlara kadar rahatl\u0131kla tercih edilebilir. Modern tasar\u0131m\u0131 ve sembolik anlam\u0131yla stiline hem estetik hem de g\u00fc\u00e7l\u00fc bir dokunu\u015f ekler.<\/p>","protected":false},"excerpt":{"rendered":"<ul>\n<li>14 Ayar Alt\u0131n<\/li>\n<li>0.08 ct Baget P\u0131rlanta<\/li>\n<li>0.02 ct Siyah P\u0131rlanta<\/li>\n<li>42 cm zincir uzunluk<\/li>\n<\/ul>","protected":false},"featured_media":41165,"comment_status":"open","ping_status":"closed","template":"","meta":[],"product_brand":[2718,2719],"product_cat":[247,260,75,198],"product_tag":[278,2932,2931,2930,2780,2715,726,811,322,2673,473,2704,2711,742,277,280,2706,2679,329,2073],"class_list":{"0":"post-41162","1":"product","2":"type-product","3":"status-publish","4":"has-post-thumbnail","6":"product_brand-gasia-casuals","7":"product_brand-gasia-protect","8":"product_cat-hediyelik","9":"product_cat-kadin","10":"product_cat-kolye","11":"product_cat-eye-collection","12":"product_tag-altin-kolye","13":"product_tag-blue-necklace","14":"product_tag-bodrum-blue-necklace","15":"product_tag-bodrum-mavisi-kolye","16":"product_tag-colorful-jewelry","17":"product_tag-enamel-necklace","18":"product_tag-evil-eye-necklace","19":"product_tag-gemstone-necklace","20":"product_tag-gold-necklace","21":"product_tag-goz-kolye","22":"product_tag-kadin-kolye","23":"product_tag-mavi-kolye","24":"product_tag-mine-kolye","25":"product_tag-modern-jewelry","26":"product_tag-modern-kolye","27":"product_tag-nazar-kolye","28":"product_tag-renkli-kolye","29":"product_tag-symbolic-jewelry","30":"product_tag-tasli-kolye","31":"product_tag-unique-necklace","32":"pa_cinsiyet-kadin","34":"first","35":"instock","36":"shipping-taxable","37":"purchasable","38":"product-type-simple"},"_links":{"self":[{"href":"https:\/\/www.gasia.com.tr\/en\/wp-json\/wp\/v2\/product\/41162","targetHints":{"allow":["GET"]}}],"collection":[{"href":"https:\/\/www.gasia.com.tr\/en\/wp-json\/wp\/v2\/product"}],"about":[{"href":"https:\/\/www.gasia.com.tr\/en\/wp-json\/wp\/v2\/types\/product"}],"replies":[{"embeddable":true,"href":"https:\/\/www.gasia.com.tr\/en\/wp-json\/wp\/v2\/comments?post=41162"}],"version-history":[{"count":1,"href":"https:\/\/www.gasia.com.tr\/en\/wp-json\/wp\/v2\/product\/41162\/revisions"}],"predecessor-version":[{"id":41166,"href":"https:\/\/www.gasia.com.tr\/en\/wp-json\/wp\/v2\/product\/41162\/revisions\/41166"}],"wp:featuredmedia":[{"embeddable":true,"href":"https:\/\/www.gasia.com.tr\/en\/wp-json\/wp\/v2\/media\/41165"}],"wp:attachment":[{"href":"https:\/\/www.gasia.com.tr\/en\/wp-json\/wp\/v2\/media?parent=41162"}],"wp:term":[{"taxonomy":"product_brand","embeddable":true,"href":"https:\/\/www.gasia.com.tr\/en\/wp-json\/wp\/v2\/product_brand?post=41162"},{"taxonomy":"product_cat","embeddable":true,"href":"https:\/\/www.gasia.com.tr\/en\/wp-json\/wp\/v2\/product_cat?post=41162"},{"taxonomy":"product_tag","embeddable":true,"href":"https:\/\/www.gasia.com.tr\/en\/wp-json\/wp\/v2\/product_tag?post=41162"}],"curies":[{"name":"wp","href":"https:\/\/api.w.org\/{rel}","templated":true}]}}