{"id":41187,"date":"2026-03-31T17:29:17","date_gmt":"2026-03-31T14:29:17","guid":{"rendered":"https:\/\/www.gasia.com.tr\/?post_type=product&#038;p=41187"},"modified":"2026-03-31T18:44:04","modified_gmt":"2026-03-31T15:44:04","slug":"kelebek-detayli-ametist-tasli-altin-kolye","status":"publish","type":"product","link":"https:\/\/www.gasia.com.tr\/en\/collections\/kelebek-detayli-ametist-tasli-altin-kolye\/","title":{"rendered":"Kelebek Detayl\u0131 Ametist Ta\u015fl\u0131 Alt\u0131n Kolye"},"content":{"rendered":"<ul>\n<li data-start=\"102\" data-end=\"366\">Do\u011fan\u0131n b\u00fcy\u00fcleyici mor dokunu\u015fu: Ametist\u2026\n<p>Zarafeti ve enerjisiyle \u00f6ne \u00e7\u0131kan ametist ta\u015f\u0131, \u015fimdi \u015f\u0131kl\u0131\u011f\u0131n\u0131za anlam katmak i\u00e7in tasarland\u0131. Her biri \u00f6zenle se\u00e7ilmi\u015f do\u011fal ametist ta\u015flar\u0131, e\u015fsiz mor tonlar\u0131yla hem g\u00f6z al\u0131c\u0131 bir g\u00f6r\u00fcn\u00fcm sunar hem de ruhunuza dinginlik kazand\u0131r\u0131r.<\/p>\n<p>G\u00fcnl\u00fck kombinlerinize sofistike bir dokunu\u015f katarken, \u00f6zel anlar\u0131n\u0131zda da sizi farkl\u0131 k\u0131lar. Ametistin sakinle\u015ftirici enerjisiyle g\u00fcn\u00fcn stresinden uzakla\u015f\u0131n, kendinizi daha dengede ve huzurlu hissedin.<\/li>\n<li data-start=\"102\" data-end=\"366\">\nZarif kelebek formuyla tasarlanan bu kolye, merkezindeki ametist ta\u015f\u0131n derin mor tonlar\u0131yla dikkat \u00e7eker. \u00dcst k\u0131s\u0131mda yer alan p\u0131rlanta detayl\u0131 kelebek fig\u00fcr\u00fc, tasar\u0131ma \u0131\u015f\u0131lt\u0131 ve hareket kazand\u0131r\u0131rken, ametist ta\u015f kolyenin karakterini g\u00fc\u00e7l\u00fc bir \u015fekilde yans\u0131t\u0131r.<\/li>\n<\/ul>\n<p data-start=\"368\" data-end=\"598\">Alt\u0131n zincirle tamamlanan bu \u00f6zel tasar\u0131m, hem g\u00fcnl\u00fck kullan\u0131mda hem de \u00f6zel anlarda stilinizi tamamlayan etkileyici bir par\u00e7a sunar. Ametistin do\u011fal g\u00fczelli\u011fi ile birle\u015fen ince i\u015f\u00e7ilik, kolyeye benzersiz bir g\u00f6r\u00fcn\u00fcm kazand\u0131r\u0131r.<\/p>","protected":false},"excerpt":{"rendered":"<ul>\n<li>18 Ayar Alt\u0131n<\/li>\n<li>0.35 ct P\u0131rlanta<\/li>\n<li>14.17 ct Ametist (AAA)<\/li>\n<li>42 cm zincir uzunlu\u011fu<\/li>\n<\/ul>","protected":false},"featured_media":41188,"comment_status":"open","ping_status":"closed","template":"","meta":[],"product_brand":[],"product_cat":[269,75],"product_tag":[278,2652,2951,2642,1762,2949,633,1605,1623,1637,1655,322,473,1761,1417,2948,472,2950,474,274],"class_list":{"0":"post-41187","1":"product","2":"type-product","3":"status-publish","4":"has-post-thumbnail","6":"product_cat-gem-world-degerli-tasli-mucevher","7":"product_cat-kolye","8":"product_tag-altin-kolye","9":"product_tag-amethyst-necklace","10":"product_tag-amethyst-pendant","11":"product_tag-ametist-kolye","12":"product_tag-butterfly-necklace","13":"product_tag-damla-ametist-kolye","14":"product_tag-designer-necklace","15":"product_tag-diamond-detail-necklace","16":"product_tag-dogal-tas-kolye","17":"product_tag-elegant-necklace","18":"product_tag-fine-jewelry","19":"product_tag-gold-necklace","20":"product_tag-kadin-kolye","21":"product_tag-kelebek-kolye","22":"product_tag-luxury-necklace","23":"product_tag-mor-tas-kolye","24":"product_tag-pirlanta-detayli-kolye","25":"product_tag-purple-gemstone-necklace","26":"product_tag-sik-kolye","27":"product_tag-tasarim-kolye","28":"pa_cinsiyet-kadin","30":"first","31":"instock","32":"shipping-taxable","33":"purchasable","34":"product-type-simple"},"_links":{"self":[{"href":"https:\/\/www.gasia.com.tr\/en\/wp-json\/wp\/v2\/product\/41187","targetHints":{"allow":["GET"]}}],"collection":[{"href":"https:\/\/www.gasia.com.tr\/en\/wp-json\/wp\/v2\/product"}],"about":[{"href":"https:\/\/www.gasia.com.tr\/en\/wp-json\/wp\/v2\/types\/product"}],"replies":[{"embeddable":true,"href":"https:\/\/www.gasia.com.tr\/en\/wp-json\/wp\/v2\/comments?post=41187"}],"version-history":[{"count":3,"href":"https:\/\/www.gasia.com.tr\/en\/wp-json\/wp\/v2\/product\/41187\/revisions"}],"predecessor-version":[{"id":41199,"href":"https:\/\/www.gasia.com.tr\/en\/wp-json\/wp\/v2\/product\/41187\/revisions\/41199"}],"wp:featuredmedia":[{"embeddable":true,"href":"https:\/\/www.gasia.com.tr\/en\/wp-json\/wp\/v2\/media\/41188"}],"wp:attachment":[{"href":"https:\/\/www.gasia.com.tr\/en\/wp-json\/wp\/v2\/media?parent=41187"}],"wp:term":[{"taxonomy":"product_brand","embeddable":true,"href":"https:\/\/www.gasia.com.tr\/en\/wp-json\/wp\/v2\/product_brand?post=41187"},{"taxonomy":"product_cat","embeddable":true,"href":"https:\/\/www.gasia.com.tr\/en\/wp-json\/wp\/v2\/product_cat?post=41187"},{"taxonomy":"product_tag","embeddable":true,"href":"https:\/\/www.gasia.com.tr\/en\/wp-json\/wp\/v2\/product_tag?post=41187"}],"curies":[{"name":"wp","href":"https:\/\/api.w.org\/{rel}","templated":true}]}}